{"id":7423,"date":"2024-06-07T16:17:18","date_gmt":"2024-06-07T19:17:18","guid":{"rendered":"https:\/\/livrariadocampus.com.br\/loja\/?post_type=product&#038;p=7423"},"modified":"2025-01-17T15:06:02","modified_gmt":"2025-01-17T18:06:02","slug":"psiquiatria-estudos-fundamentais-2-edicao-2024-por-alexandrina-maria-augusto-da-silva-meleiro-frete-gratis","status":"publish","type":"product","link":"https:\/\/livrariadocampus.com.br\/loja\/produto\/psiquiatria-estudos-fundamentais-2-edicao-2024-por-alexandrina-maria-augusto-da-silva-meleiro-frete-gratis\/","title":{"rendered":"Psiquiatria &#8211; Estudos Fundamentais 2 EDI\u00c7\u00c3O 2024 por Alexandrina Maria Augusto da Silva Meleiro FRETE GRATIS"},"content":{"rendered":"<p>Psiquiatria | Estudos Fundamentais, tratado de refer\u00eancia para m\u00e9dicos e estudantes de Psiquiatria, chega \u00e0 segunda edi\u00e7\u00e3o oferecendo conte\u00fado completo e atual, totalmente fundamentado nos crit\u00e9rios mais recentes da American Psychological Association (APA) e da Organiza\u00e7\u00e3o Mundial da Sa\u00fade (OMS). Integralmente revisto e atualizado com base na CID-11 e no DSM-5-TR, seu texto contempla os principais transtornos e tratamentos psiqui\u00e1tricos e diversos temas interligados ao ser humano e ao seu comportamento. Este livro apresenta os exames e instrumentos de avalia\u00e7\u00e3o mais relevantes para a Psiquiatria, discute quest\u00f5es cl\u00ednicas importantes e bastante atuais, bem como avalia as particularidades de grupos especiais de pacientes, desde crian\u00e7as a idosos. Entre as principais novidades desta edi\u00e7\u00e3o, destacam-se os novos temas: teste farmacogen\u00e9tico em Psiquiatria, estilo de vida em Psiquia<\/p>\n","protected":false},"excerpt":{"rendered":"<p>Psiquiatria | Estudos Fundamentais, tratado de refer\u00eancia para m\u00e9dicos e estudantes de Psiquiatria, chega \u00e0 segunda edi\u00e7\u00e3o oferecendo conte\u00fado completo e atual, totalmente fundamentado nos crit\u00e9rios mais recentes da American Psychological Association (APA) e da Organiza\u00e7\u00e3o Mundial da Sa\u00fade (OMS). Integralmente revisto e atualizado com base na CID-11 e no DSM-5-TR, seu texto contempla os&hellip;&nbsp;<a href=\"https:\/\/livrariadocampus.com.br\/loja\/produto\/psiquiatria-estudos-fundamentais-2-edicao-2024-por-alexandrina-maria-augusto-da-silva-meleiro-frete-gratis\/\" class=\"\" rel=\"bookmark\">Continue a ler &raquo;<span class=\"screen-reader-text\">Psiquiatria &#8211; Estudos Fundamentais 2 EDI\u00c7\u00c3O 2024 por Alexandrina Maria Augusto da Silva Meleiro FRETE GRATIS<\/span><\/a><\/p>\n","protected":false},"featured_media":7424,"template":"","meta":{"neve_meta_sidebar":"","neve_meta_container":"","neve_meta_enable_content_width":"off","neve_meta_content_width":100,"neve_meta_title_alignment":"","neve_meta_author_avatar":"","neve_post_elements_order":"","neve_meta_disable_header":"","neve_meta_disable_footer":"","neve_meta_disable_title":"","_joinchat":[]},"product_brand":[],"product_cat":[25,66],"product_tag":[],"class_list":{"0":"post-7423","1":"product","2":"type-product","3":"status-publish","4":"has-post-thumbnail","6":"product_cat-lancamentos","7":"product_cat-psiquiatria-e-psicologia","9":"first","10":"instock","11":"sale","12":"sold-individually","13":"shipping-taxable","14":"purchasable","15":"product-type-simple"},"jetpack_sharing_enabled":true,"_links":{"self":[{"href":"https:\/\/livrariadocampus.com.br\/loja\/wp-json\/wp\/v2\/product\/7423","targetHints":{"allow":["GET"]}}],"collection":[{"href":"https:\/\/livrariadocampus.com.br\/loja\/wp-json\/wp\/v2\/product"}],"about":[{"href":"https:\/\/livrariadocampus.com.br\/loja\/wp-json\/wp\/v2\/types\/product"}],"wp:featuredmedia":[{"embeddable":true,"href":"https:\/\/livrariadocampus.com.br\/loja\/wp-json\/wp\/v2\/media\/7424"}],"wp:attachment":[{"href":"https:\/\/livrariadocampus.com.br\/loja\/wp-json\/wp\/v2\/media?parent=7423"}],"wp:term":[{"taxonomy":"product_brand","embeddable":true,"href":"https:\/\/livrariadocampus.com.br\/loja\/wp-json\/wp\/v2\/product_brand?post=7423"},{"taxonomy":"product_cat","embeddable":true,"href":"https:\/\/livrariadocampus.com.br\/loja\/wp-json\/wp\/v2\/product_cat?post=7423"},{"taxonomy":"product_tag","embeddable":true,"href":"https:\/\/livrariadocampus.com.br\/loja\/wp-json\/wp\/v2\/product_tag?post=7423"}],"curies":[{"name":"wp","href":"https:\/\/api.w.org\/{rel}","templated":true}]}}