{"id":7420,"date":"2024-06-07T10:21:26","date_gmt":"2024-06-07T13:21:26","guid":{"rendered":"https:\/\/livrariadocampus.com.br\/loja\/?post_type=product&#038;p=7420"},"modified":"2024-09-23T11:21:42","modified_gmt":"2024-09-23T14:21:42","slug":"canabidiol-compendio-clinico-farmacologico-e-terapeutico-2-ed-2024","status":"publish","type":"product","link":"https:\/\/livrariadocampus.com.br\/loja\/produto\/canabidiol-compendio-clinico-farmacologico-e-terapeutico-2-ed-2024\/","title":{"rendered":"CANABIDIOL &#8211; COMP\u00caNDIO CL\u00cdNICO-FARMACOL\u00d3GICO E TERAP\u00caUTICO 2 ED.  2024"},"content":{"rendered":"<p>anabidiol | Comp\u00eandio Cl\u00ednico-Farmacol\u00f3gico e Terap\u00eautico aborda desde a hist\u00f3ria, a bot\u00e2nica, o cultivo e a prote\u00e7\u00e3o do canabidiol (CBD) at\u00e9 os dados cient\u00edficos, a farmacocin\u00e9tica, a farmacodin\u00e2mica, as instru\u00e7\u00f5es cl\u00ednicas e as terapias, apontando o CBD como promessa no tratamento de diversas doen\u00e7as e condi\u00e7\u00f5es cl\u00ednicas. A segunda edi\u00e7\u00e3o, integralmente revista e atualizada, conta com a expertise de diversos profissionais, que colaboraram sobre a escrita de temas relevantes de suas respectivas \u00e1reas de atua\u00e7\u00e3o, al\u00e9m de textos e imagens in\u00e9ditos e outras novidades, oferecendo uma vis\u00e3o clara sobre os aspectos importantes da Cannabis e fornecendo uma base cient\u00edfica s\u00f3lida para aplica\u00e7\u00f5es cl\u00ednicas e perspectivas terap\u00eauticas.?<\/p>\n","protected":false},"excerpt":{"rendered":"<p>anabidiol | Comp\u00eandio Cl\u00ednico-Farmacol\u00f3gico e Terap\u00eautico aborda desde a hist\u00f3ria, a bot\u00e2nica, o cultivo e a prote\u00e7\u00e3o do canabidiol (CBD) at\u00e9 os dados cient\u00edficos, a farmacocin\u00e9tica, a farmacodin\u00e2mica, as instru\u00e7\u00f5es cl\u00ednicas e as terapias, apontando o CBD como promessa no tratamento de diversas doen\u00e7as e condi\u00e7\u00f5es cl\u00ednicas. A segunda edi\u00e7\u00e3o, integralmente revista e atualizada, conta&hellip;&nbsp;<a href=\"https:\/\/livrariadocampus.com.br\/loja\/produto\/canabidiol-compendio-clinico-farmacologico-e-terapeutico-2-ed-2024\/\" class=\"\" rel=\"bookmark\">Continue a ler &raquo;<span class=\"screen-reader-text\">CANABIDIOL &#8211; COMP\u00caNDIO CL\u00cdNICO-FARMACOL\u00d3GICO E TERAP\u00caUTICO 2 ED.  2024<\/span><\/a><\/p>\n","protected":false},"featured_media":7421,"template":"","meta":{"neve_meta_sidebar":"","neve_meta_container":"","neve_meta_enable_content_width":"off","neve_meta_content_width":100,"neve_meta_title_alignment":"","neve_meta_author_avatar":"","neve_post_elements_order":"","neve_meta_disable_header":"","neve_meta_disable_footer":"","neve_meta_disable_title":"","_joinchat":[]},"product_brand":[],"product_cat":[66],"product_tag":[],"class_list":{"0":"post-7420","1":"product","2":"type-product","3":"status-publish","4":"has-post-thumbnail","6":"product_cat-psiquiatria-e-psicologia","8":"first","9":"instock","10":"sold-individually","11":"shipping-taxable","12":"purchasable","13":"product-type-simple"},"jetpack_sharing_enabled":true,"_links":{"self":[{"href":"https:\/\/livrariadocampus.com.br\/loja\/wp-json\/wp\/v2\/product\/7420","targetHints":{"allow":["GET"]}}],"collection":[{"href":"https:\/\/livrariadocampus.com.br\/loja\/wp-json\/wp\/v2\/product"}],"about":[{"href":"https:\/\/livrariadocampus.com.br\/loja\/wp-json\/wp\/v2\/types\/product"}],"wp:featuredmedia":[{"embeddable":true,"href":"https:\/\/livrariadocampus.com.br\/loja\/wp-json\/wp\/v2\/media\/7421"}],"wp:attachment":[{"href":"https:\/\/livrariadocampus.com.br\/loja\/wp-json\/wp\/v2\/media?parent=7420"}],"wp:term":[{"taxonomy":"product_brand","embeddable":true,"href":"https:\/\/livrariadocampus.com.br\/loja\/wp-json\/wp\/v2\/product_brand?post=7420"},{"taxonomy":"product_cat","embeddable":true,"href":"https:\/\/livrariadocampus.com.br\/loja\/wp-json\/wp\/v2\/product_cat?post=7420"},{"taxonomy":"product_tag","embeddable":true,"href":"https:\/\/livrariadocampus.com.br\/loja\/wp-json\/wp\/v2\/product_tag?post=7420"}],"curies":[{"name":"wp","href":"https:\/\/api.w.org\/{rel}","templated":true}]}}