{"id":7352,"date":"2024-05-27T15:48:55","date_gmt":"2024-05-27T18:48:55","guid":{"rendered":"https:\/\/livrariadocampus.com.br\/loja\/?post_type=product&#038;p=7352"},"modified":"2024-09-23T11:21:30","modified_gmt":"2024-09-23T14:21:30","slug":"manual-de-prescricao-de-fitoterapicos-pelo-nutricionista-por-juliana-da-silveira-goncalves-autor","status":"publish","type":"product","link":"https:\/\/livrariadocampus.com.br\/loja\/produto\/manual-de-prescricao-de-fitoterapicos-pelo-nutricionista-por-juliana-da-silveira-goncalves-autor\/","title":{"rendered":"Manual de Prescri\u00e7\u00e3o de Fitoter\u00e1picos Pelo Nutricionista  por Juliana da Silveira Gon\u00e7alves (Autor)"},"content":{"rendered":"<p>O Manual de Prescri\u00e7\u00e3o de Fitoter\u00e1picos pelo Nutricionista constitui um trabalho essencial para todos que buscam otimizar seu atendimento nutricional com a prescri\u00e7\u00e3o de fitoter\u00e1picos e plantas medicinais. \u00c9 um verdadeiro manual de apoio para o dia a dia da atividade profissional. Na atualidade, j\u00e1 \u00e9 poss\u00edvel conhecer o mecanismo de a\u00e7\u00e3o, a rela\u00e7\u00e3o dose versus resposta, bem como as indica\u00e7\u00f5es e os benef\u00edcios do uso de plantas medicinais.<br \/>\nSeus cap\u00edtulos abrangem desde a introdu\u00e7\u00e3o, conceitos, legisla\u00e7\u00e3o e bases farmac\u00eauticas at\u00e9 a prescri\u00e7\u00e3o de fitoter\u00e1picos. Est\u00e3o agrupados em: Fitoterapia Aplicada \u00e0 Nutri\u00e7\u00e3o; Fitoterapia nos Sistemas Corporais; T\u00f3picos Especiais em Fitoterapia e Anexos, que apresentam informa\u00e7\u00f5es resumidas sobre as plantas, al\u00e9m de suas legisla\u00e7\u00f5es.<br \/>\nManual de Prescri\u00e7\u00e3o de Fitoter\u00e1picos pelo Nutricionista abrange um grande n\u00famero de plantas medicinais e compostos bioativos que podem ser aplicados de acordo com as mais variadas necessidades individuais. Para tal, a autora utilizou a criativa did\u00e1tica, alinhando os assuntos de acordo com perguntas: &#8220;por que usar?&#8221; e\/ou &#8220;para quem e qual a dosagem a ser prescrita?&#8221;.<br \/>\nO livro apresenta 25 cap\u00edtulos, 8 anexos, em um total de 478 p\u00e1ginas. Uma obra completa sobre o tema para o seu p\u00fablico, que abrange desde nutricionistas a diferentes profissionais da \u00e1rea da sa\u00fade que atuam com prescri\u00e7\u00e3o de fitoter\u00e1picos.<\/p>\n<p>   Relatar um problema com este produto<\/p>\n","protected":false},"excerpt":{"rendered":"<p>O Manual de Prescri\u00e7\u00e3o de Fitoter\u00e1picos pelo Nutricionista constitui um trabalho essencial para todos que buscam otimizar seu atendimento nutricional com a prescri\u00e7\u00e3o de fitoter\u00e1picos e plantas medicinais. \u00c9 um verdadeiro manual de apoio para o dia a dia da atividade profissional. Na atualidade, j\u00e1 \u00e9 poss\u00edvel conhecer o mecanismo de a\u00e7\u00e3o, a rela\u00e7\u00e3o dose&hellip;&nbsp;<a href=\"https:\/\/livrariadocampus.com.br\/loja\/produto\/manual-de-prescricao-de-fitoterapicos-pelo-nutricionista-por-juliana-da-silveira-goncalves-autor\/\" class=\"\" rel=\"bookmark\">Continue a ler &raquo;<span class=\"screen-reader-text\">Manual de Prescri\u00e7\u00e3o de Fitoter\u00e1picos Pelo Nutricionista  por Juliana da Silveira Gon\u00e7alves (Autor)<\/span><\/a><\/p>\n","protected":false},"featured_media":7353,"template":"","meta":{"neve_meta_sidebar":"","neve_meta_container":"","neve_meta_enable_content_width":"off","neve_meta_content_width":100,"neve_meta_title_alignment":"","neve_meta_author_avatar":"","neve_post_elements_order":"","neve_meta_disable_header":"","neve_meta_disable_footer":"","neve_meta_disable_title":"","_joinchat":[]},"product_brand":[],"product_cat":[89,154],"product_tag":[],"class_list":{"0":"post-7352","1":"product","2":"type-product","3":"status-publish","4":"has-post-thumbnail","6":"product_cat-farmacologia","7":"product_cat-nutricao-e-tecnologia-de-alime","9":"first","10":"instock","11":"sold-individually","12":"shipping-taxable","13":"purchasable","14":"product-type-simple"},"jetpack_sharing_enabled":true,"_links":{"self":[{"href":"https:\/\/livrariadocampus.com.br\/loja\/wp-json\/wp\/v2\/product\/7352","targetHints":{"allow":["GET"]}}],"collection":[{"href":"https:\/\/livrariadocampus.com.br\/loja\/wp-json\/wp\/v2\/product"}],"about":[{"href":"https:\/\/livrariadocampus.com.br\/loja\/wp-json\/wp\/v2\/types\/product"}],"wp:featuredmedia":[{"embeddable":true,"href":"https:\/\/livrariadocampus.com.br\/loja\/wp-json\/wp\/v2\/media\/7353"}],"wp:attachment":[{"href":"https:\/\/livrariadocampus.com.br\/loja\/wp-json\/wp\/v2\/media?parent=7352"}],"wp:term":[{"taxonomy":"product_brand","embeddable":true,"href":"https:\/\/livrariadocampus.com.br\/loja\/wp-json\/wp\/v2\/product_brand?post=7352"},{"taxonomy":"product_cat","embeddable":true,"href":"https:\/\/livrariadocampus.com.br\/loja\/wp-json\/wp\/v2\/product_cat?post=7352"},{"taxonomy":"product_tag","embeddable":true,"href":"https:\/\/livrariadocampus.com.br\/loja\/wp-json\/wp\/v2\/product_tag?post=7352"}],"curies":[{"name":"wp","href":"https:\/\/api.w.org\/{rel}","templated":true}]}}