{"id":7350,"date":"2024-05-27T15:43:28","date_gmt":"2024-05-27T18:43:28","guid":{"rendered":"https:\/\/livrariadocampus.com.br\/loja\/?post_type=product&#038;p=7350"},"modified":"2024-05-27T15:43:28","modified_gmt":"2024-05-27T18:43:28","slug":"doencas-autoinflamatorias-uma-abordagem-sistemica-2024-por-fabio-fernandes-morato-castro-lancamento","status":"publish","type":"product","link":"https:\/\/livrariadocampus.com.br\/loja\/produto\/doencas-autoinflamatorias-uma-abordagem-sistemica-2024-por-fabio-fernandes-morato-castro-lancamento\/","title":{"rendered":"Doen\u00e7as Autoinflamat\u00f3rias &#8211; Uma Abordagem Sist\u00eamica  2024 por F\u00e1bio Fernandes Morato Castro LAN\u00c7AMENTO"},"content":{"rendered":"<p>DOEN\u00c7AS AUTOINFLAMAT\u00d3RIAS &#8211; uma abordagem sist\u00eamica tem sua equipe autoral formada por Editores e Colaboradores que prevalentemente integram a Disciplina de Imunologia Cl\u00ednica e Alergia da Faculdade de Medicina da Universidade S\u00e3o Paulo (FMUSP).<br \/>\nA descoberta de genes evidenciou novos e in\u00e9ditos conhecimentos sobre a patogenia da ativa\u00e7\u00e3o e regula\u00e7\u00e3o da resposta inflamat\u00f3ria \u2013 firmou-se sua causa gen\u00e9tica.<br \/>\nFala-se em doen\u00e7a autoinflamat\u00f3ria, termo criado por Daniel Kaster em 1999. \u00c9 condi\u00e7\u00e3o inata, gen\u00e9tica. Difere das doen\u00e7as autoimunes cl\u00e1ssicas. A doen\u00e7a autoinflamat\u00f3ria expressa a exist\u00eancia de tecido e ant\u00edgenos n\u00e3o reconhecidos pelo sistema imunol\u00f3gico. S\u00e3o ant\u00edgenos estranhos ao sistema imunol\u00f3gico. Da\u00ed sofrerem o ataque das c\u00e9lulas \u00df e c\u00e9lulas T.<br \/>\nAtualmente, catalogam-se cerca de 60 diferentes doen\u00e7as autoinflamat\u00f3rias n\u00edveis moleculares e gen\u00e9ticos. Na \u00faltima d\u00e9cada foram descritas muta\u00e7\u00f5es p\u00f3s-zig\u00f3ticas e mosaicismo gen\u00e9tico som\u00e1tico e germinativo.<br \/>\nH\u00e1 ainda sua intera\u00e7\u00e3o \u00e0s doen\u00e7as multifatoriais associadas a processos inflamat\u00f3rios. S\u00e3o: gota, diabetes, infarto do mioc\u00e1rdio, aterosclerose e outras.<br \/>\nComo se v\u00ea, o car\u00e1ter sist\u00eamico e pleomorfo das doen\u00e7as autoimunes \u00e9 exuberante.<br \/>\nPara estudar e transmitir assuntos de tamanha abrang\u00eancia, os Editores criaram did\u00e1tica especial: linha expositiva linear e inteligente; texto objetivo e conciso; generoso apoio de ilustra\u00e7\u00f5es e elementos visuais. Com isso, facilita-se a compreens\u00e3o e assimila\u00e7\u00e3o do conte\u00fado.<br \/>\nDOEN\u00c7AS AUTOINFLAMAT\u00d3RIAS &#8211; uma abordagem sist\u00eamica apresenta 3 Editores, 53 Colaboradores, 4 Se\u00e7\u00f5es, 28 Cap\u00edtulos, 266 P\u00e1ginas.<br \/>\nSuas se\u00e7\u00f5es s\u00e3o:<br \/>\nInflamassomopatias<br \/>\nProteossomopatias<br \/>\nRelopatias, Imunoactinopatias e Proteino-Actinopatias<br \/>\nParticularidades nas Doen\u00e7as Autoinflamat\u00f3ria<\/p>\n<p>Seu p\u00fablico leitor est\u00e1 formado por Alergologistas, Imunologistas, Cl\u00ednicos e todos os interessados no estudo das doen\u00e7as autoinflamat\u00f3rias.<\/p>\n","protected":false},"excerpt":{"rendered":"<p>DOEN\u00c7AS AUTOINFLAMAT\u00d3RIAS &#8211; uma abordagem sist\u00eamica tem sua equipe autoral formada por Editores e Colaboradores que prevalentemente integram a Disciplina de Imunologia Cl\u00ednica e Alergia da Faculdade de Medicina da Universidade S\u00e3o Paulo (FMUSP). A descoberta de genes evidenciou novos e in\u00e9ditos conhecimentos sobre a patogenia da ativa\u00e7\u00e3o e regula\u00e7\u00e3o da resposta inflamat\u00f3ria \u2013 firmou-se&hellip;&nbsp;<a href=\"https:\/\/livrariadocampus.com.br\/loja\/produto\/doencas-autoinflamatorias-uma-abordagem-sistemica-2024-por-fabio-fernandes-morato-castro-lancamento\/\" class=\"\" rel=\"bookmark\">Continue a ler &raquo;<span class=\"screen-reader-text\">Doen\u00e7as Autoinflamat\u00f3rias &#8211; Uma Abordagem Sist\u00eamica  2024 por F\u00e1bio Fernandes Morato Castro LAN\u00c7AMENTO<\/span><\/a><\/p>\n","protected":false},"featured_media":7351,"template":"","meta":{"neve_meta_sidebar":"","neve_meta_container":"","neve_meta_enable_content_width":"off","neve_meta_content_width":100,"neve_meta_title_alignment":"","neve_meta_author_avatar":"","neve_post_elements_order":"","neve_meta_disable_header":"","neve_meta_disable_footer":"","neve_meta_disable_title":"","_joinchat":{"telephone":"+5514981469902"}},"product_brand":[],"product_cat":[25,76,258],"product_tag":[],"class_list":{"0":"post-7350","1":"product","2":"type-product","3":"status-publish","4":"has-post-thumbnail","6":"product_cat-lancamentos","7":"product_cat-pediatria-neonatologia-pediatria-neonatologia","8":"product_cat-reumatologia","10":"first","11":"instock","12":"sold-individually","13":"shipping-taxable","14":"purchasable","15":"product-type-simple"},"jetpack_sharing_enabled":true,"_links":{"self":[{"href":"https:\/\/livrariadocampus.com.br\/loja\/wp-json\/wp\/v2\/product\/7350","targetHints":{"allow":["GET"]}}],"collection":[{"href":"https:\/\/livrariadocampus.com.br\/loja\/wp-json\/wp\/v2\/product"}],"about":[{"href":"https:\/\/livrariadocampus.com.br\/loja\/wp-json\/wp\/v2\/types\/product"}],"wp:featuredmedia":[{"embeddable":true,"href":"https:\/\/livrariadocampus.com.br\/loja\/wp-json\/wp\/v2\/media\/7351"}],"wp:attachment":[{"href":"https:\/\/livrariadocampus.com.br\/loja\/wp-json\/wp\/v2\/media?parent=7350"}],"wp:term":[{"taxonomy":"product_brand","embeddable":true,"href":"https:\/\/livrariadocampus.com.br\/loja\/wp-json\/wp\/v2\/product_brand?post=7350"},{"taxonomy":"product_cat","embeddable":true,"href":"https:\/\/livrariadocampus.com.br\/loja\/wp-json\/wp\/v2\/product_cat?post=7350"},{"taxonomy":"product_tag","embeddable":true,"href":"https:\/\/livrariadocampus.com.br\/loja\/wp-json\/wp\/v2\/product_tag?post=7350"}],"curies":[{"name":"wp","href":"https:\/\/api.w.org\/{rel}","templated":true}]}}