{"id":7348,"date":"2024-05-27T15:38:48","date_gmt":"2024-05-27T18:38:48","guid":{"rendered":"https:\/\/livrariadocampus.com.br\/loja\/?post_type=product&#038;p=7348"},"modified":"2024-09-23T11:20:57","modified_gmt":"2024-09-23T14:20:57","slug":"trabulsi-microbiologia-capa-dura-2024-por-flavio-alterthum-autor-lancamento","status":"publish","type":"product","link":"https:\/\/livrariadocampus.com.br\/loja\/produto\/trabulsi-microbiologia-capa-dura-2024-por-flavio-alterthum-autor-lancamento\/","title":{"rendered":"Trabulsi -Microbiologia Capa dura \u2013 2024 por Fl\u00e1vio Alterthum (Autor) LAN\u00c7AMENTO!!"},"content":{"rendered":"<p>A 7\u00aa edi\u00e7\u00e3o do livro Microbiologia, editado pelo docente do Departamento de Microbiologia da Universidade de S\u00e3o Paulo (USP), Prof. Fl\u00e1vio Alterthum, e pelo saudoso Prof. Luiz Rachid Trabulsi, uma de nossas maiores refer\u00eancias em Microbiologia M\u00e9dica, no Pa\u00eds e no mundo, atravessa gera\u00e7\u00f5es, levando conhecimento cient\u00edfico de qualidade a estudantes e profissionais da \u00e1rea da Sa\u00fade. O livro Microbiologia representa um \u00edcone na literatura cient\u00edfica brasileira. Com sua 1\u00aa edi\u00e7\u00e3o lan\u00e7ada em 1986, passou por diversas atualiza\u00e7\u00f5es e chega \u00e0 pre\u00adsente edi\u00e7\u00e3o de forma robusta e consolidada. Uma obra \u00e9pica que se lan\u00e7a ao desafio de cobrir, de forma ampla, as principais \u00e1reas da Microbiologia e mantendo seu lugar como refer\u00eancia para estudantes e profissionais em diferentes \u00e1reas no Pa\u00eds, mas tamb\u00e9m uma refer\u00eancia segura para qualquer cidad\u00e3o interessado em conhecer mais sobre bact\u00e9rias, v\u00edrus e fungos.<br \/>\nA 7\u00aa edi\u00e7\u00e3o do livro foi cuidadosamente revista, expandida e atualizada em seus cap\u00edtulos dedicados a diferentes aspectos da Bacteriologia, da Micologia e da Virologia. Atualiza\u00e7\u00f5es importantes foram feitas nas partes B\u00e1sica, Bacteriologia M\u00e9dica e Bact\u00e9rias Patog\u00eanicas, Micologia Geral e Cl\u00ednica e Infec\u00e7\u00f5es Sexualmente Transmiss\u00edveis.<\/p>\n","protected":false},"excerpt":{"rendered":"<p>A 7\u00aa edi\u00e7\u00e3o do livro Microbiologia, editado pelo docente do Departamento de Microbiologia da Universidade de S\u00e3o Paulo (USP), Prof. Fl\u00e1vio Alterthum, e pelo saudoso Prof. Luiz Rachid Trabulsi, uma de nossas maiores refer\u00eancias em Microbiologia M\u00e9dica, no Pa\u00eds e no mundo, atravessa gera\u00e7\u00f5es, levando conhecimento cient\u00edfico de qualidade a estudantes e profissionais da \u00e1rea&hellip;&nbsp;<a href=\"https:\/\/livrariadocampus.com.br\/loja\/produto\/trabulsi-microbiologia-capa-dura-2024-por-flavio-alterthum-autor-lancamento\/\" class=\"\" rel=\"bookmark\">Continue a ler &raquo;<span class=\"screen-reader-text\">Trabulsi -Microbiologia Capa dura \u2013 2024 por Fl\u00e1vio Alterthum (Autor) LAN\u00c7AMENTO!!<\/span><\/a><\/p>\n","protected":false},"featured_media":7349,"template":"","meta":{"neve_meta_sidebar":"","neve_meta_container":"","neve_meta_enable_content_width":"off","neve_meta_content_width":100,"neve_meta_title_alignment":"","neve_meta_author_avatar":"","neve_post_elements_order":"","neve_meta_disable_header":"","neve_meta_disable_footer":"","neve_meta_disable_title":"","_joinchat":[]},"product_brand":[],"product_cat":[57,72,150],"product_tag":[],"class_list":{"0":"post-7348","1":"product","2":"type-product","3":"status-publish","4":"has-post-thumbnail","6":"product_cat-doenca-infecciosas","7":"product_cat-laboratorio-clinico","8":"product_cat-microbiologia","10":"first","11":"instock","12":"sold-individually","13":"shipping-taxable","14":"purchasable","15":"product-type-simple"},"jetpack_sharing_enabled":true,"_links":{"self":[{"href":"https:\/\/livrariadocampus.com.br\/loja\/wp-json\/wp\/v2\/product\/7348","targetHints":{"allow":["GET"]}}],"collection":[{"href":"https:\/\/livrariadocampus.com.br\/loja\/wp-json\/wp\/v2\/product"}],"about":[{"href":"https:\/\/livrariadocampus.com.br\/loja\/wp-json\/wp\/v2\/types\/product"}],"wp:featuredmedia":[{"embeddable":true,"href":"https:\/\/livrariadocampus.com.br\/loja\/wp-json\/wp\/v2\/media\/7349"}],"wp:attachment":[{"href":"https:\/\/livrariadocampus.com.br\/loja\/wp-json\/wp\/v2\/media?parent=7348"}],"wp:term":[{"taxonomy":"product_brand","embeddable":true,"href":"https:\/\/livrariadocampus.com.br\/loja\/wp-json\/wp\/v2\/product_brand?post=7348"},{"taxonomy":"product_cat","embeddable":true,"href":"https:\/\/livrariadocampus.com.br\/loja\/wp-json\/wp\/v2\/product_cat?post=7348"},{"taxonomy":"product_tag","embeddable":true,"href":"https:\/\/livrariadocampus.com.br\/loja\/wp-json\/wp\/v2\/product_tag?post=7348"}],"curies":[{"name":"wp","href":"https:\/\/api.w.org\/{rel}","templated":true}]}}