{"id":7346,"date":"2024-05-27T15:32:26","date_gmt":"2024-05-27T18:32:26","guid":{"rendered":"https:\/\/livrariadocampus.com.br\/loja\/?post_type=product&#038;p=7346"},"modified":"2024-09-23T11:20:42","modified_gmt":"2024-09-23T14:20:42","slug":"anestesiologia-capa-dura-2024-por-maria-jose-carvalho-carmona","status":"publish","type":"product","link":"https:\/\/livrariadocampus.com.br\/loja\/produto\/anestesiologia-capa-dura-2024-por-maria-jose-carvalho-carmona\/","title":{"rendered":"Anestesiologia Capa dura \u2013 2024 por Maria Jos\u00e9 Carvalho Carmona"},"content":{"rendered":"<p>A S\u00e9rie Manual do M\u00e9dico-Residente do Hospital das Cl\u00ednicas da Faculdade de Medicina da Universidade de S\u00e3o Paulo (HCFMUSP) tem por objetivo difundir os conhecimentos da pr\u00e1tica e da assist\u00eancia m\u00e9dica, altamente qualificadas, desenvolvidas no complexo HCFMSUP, por sinal, o maior da Am\u00e9rica Latina. O complexo HCFMUSP disp\u00f5e de um centro m\u00e9dico hospitalar amplo, bem estruturado e moderno, com os melhores recursos diagn\u00f3sticos e terap\u00eauticos para o treinamento adequado dos residentes.<br \/>\nAssinala-se os residentes contarem permanentemente com m\u00e9dicos preceptores exclusivos, m\u00e9dicos-assistentes e docentes altamente capacitados para o ensino da Medicina em seu vi\u00e9s pr\u00e1tico \u2013 a base da resid\u00eancia m\u00e9dica.<br \/>\nA S\u00e9rie Manual do M\u00e9dico-Residente do Hospital das Cl\u00ednicas da Faculdade de Medicina da Universidade de S\u00e3o Paulo \u2013 HCFMUSP ser\u00e1 \u00fatil n\u00e3o apenas para os residentes do pr\u00f3prio HC, como ser\u00e1 tamb\u00e9m validada e seguida por outros centros acad\u00eamicos e de forma\u00e7\u00e3o profissional de Medicina nas diversas regi\u00f5es do Brasil.<br \/>\nAtualmente, os programas de resid\u00eancia m\u00e9dica dessa institui\u00e7\u00e3o abrangem quase todas as especialidades e \u00e1reas de atua\u00e7\u00e3o m\u00e9dica, totalizando cerca de 1.600 m\u00e9dicos em treinamento.<br \/>\nO presente volume \u00e9 a s\u00edntese dos principais princ\u00edpios e pr\u00e1ticas anest\u00e9sicas. Sobressai pela excel\u00eancia de seu conte\u00fado, desenvolvido por equipe autoral; docentes e professores da Divis\u00e3o de Anestesia do Instituto Central do Hospital das Cl\u00ednicas da Faculdade de Medicina, FMUSP.<br \/>\nA obra apresenta os mais modernos e atuais conceitos te\u00f3ricos e pr\u00e1ticos, bem fundamentados em linha did\u00e1tica, criativa e inteligente. Marca-se ainda por sua objetividade, poder de s\u00edntese e concis\u00e3o textual.<br \/>\nO estudo da Anestesiologia requer, aos detalhes, o conhecimento dos mecanismos de a\u00e7\u00e3o dos f\u00e1rmacos, t\u00e9cnica de a\u00e7\u00e3o, monitoramento do paciente, estrat\u00e9gias para a preven\u00e7\u00e3o de intercorr\u00eancias, danos e complica\u00e7\u00f5es.<br \/>\nEste Manual do residente de Anestesiologia plenamente preenche esses requisitos, a que se soma o ensino das habilidades necess\u00e1rias \u00e0 pr\u00e1tica anest\u00e9sica.<br \/>\nAnestesiologia da S\u00e9rie do M\u00e9dico-Residente do Hospital das Cl\u00ednicas da Faculdade de Medicina da Universidade de S\u00e3o Paulo (HCFMUSP) apresenta 2 Editoras, 3 Coeditores, 27 Colaboradores, 7 Partes, 41 Cap\u00edtulos, 488 P\u00e1ginas.<br \/>\nSeu p\u00fablico-alvo est\u00e1 formado por Residentes de Anestesiologia e Anestesiologistas interessados em reciclar e atualizar seus conhecimentos te\u00f3ricos e pr\u00e1ticos.<\/p>\n<p>Leia mais<\/p>\n","protected":false},"excerpt":{"rendered":"<p>A S\u00e9rie Manual do M\u00e9dico-Residente do Hospital das Cl\u00ednicas da Faculdade de Medicina da Universidade de S\u00e3o Paulo (HCFMUSP) tem por objetivo difundir os conhecimentos da pr\u00e1tica e da assist\u00eancia m\u00e9dica, altamente qualificadas, desenvolvidas no complexo HCFMSUP, por sinal, o maior da Am\u00e9rica Latina. O complexo HCFMUSP disp\u00f5e de um centro m\u00e9dico hospitalar amplo, bem&hellip;&nbsp;<a href=\"https:\/\/livrariadocampus.com.br\/loja\/produto\/anestesiologia-capa-dura-2024-por-maria-jose-carvalho-carmona\/\" class=\"\" rel=\"bookmark\">Continue a ler &raquo;<span class=\"screen-reader-text\">Anestesiologia Capa dura \u2013 2024 por Maria Jos\u00e9 Carvalho Carmona<\/span><\/a><\/p>\n","protected":false},"featured_media":7347,"template":"","meta":{"neve_meta_sidebar":"","neve_meta_container":"","neve_meta_enable_content_width":"off","neve_meta_content_width":100,"neve_meta_title_alignment":"","neve_meta_author_avatar":"","neve_post_elements_order":"","neve_meta_disable_header":"","neve_meta_disable_footer":"","neve_meta_disable_title":"","_joinchat":{"telephone":"+5514981469902"}},"product_brand":[],"product_cat":[70,25],"product_tag":[367],"class_list":{"0":"post-7346","1":"product","2":"type-product","3":"status-publish","4":"has-post-thumbnail","6":"product_cat-anestesiologia","7":"product_cat-lancamentos","8":"product_tag-capa-dura","10":"first","11":"instock","12":"sold-individually","13":"shipping-taxable","14":"purchasable","15":"product-type-simple"},"jetpack_sharing_enabled":true,"_links":{"self":[{"href":"https:\/\/livrariadocampus.com.br\/loja\/wp-json\/wp\/v2\/product\/7346","targetHints":{"allow":["GET"]}}],"collection":[{"href":"https:\/\/livrariadocampus.com.br\/loja\/wp-json\/wp\/v2\/product"}],"about":[{"href":"https:\/\/livrariadocampus.com.br\/loja\/wp-json\/wp\/v2\/types\/product"}],"wp:featuredmedia":[{"embeddable":true,"href":"https:\/\/livrariadocampus.com.br\/loja\/wp-json\/wp\/v2\/media\/7347"}],"wp:attachment":[{"href":"https:\/\/livrariadocampus.com.br\/loja\/wp-json\/wp\/v2\/media?parent=7346"}],"wp:term":[{"taxonomy":"product_brand","embeddable":true,"href":"https:\/\/livrariadocampus.com.br\/loja\/wp-json\/wp\/v2\/product_brand?post=7346"},{"taxonomy":"product_cat","embeddable":true,"href":"https:\/\/livrariadocampus.com.br\/loja\/wp-json\/wp\/v2\/product_cat?post=7346"},{"taxonomy":"product_tag","embeddable":true,"href":"https:\/\/livrariadocampus.com.br\/loja\/wp-json\/wp\/v2\/product_tag?post=7346"}],"curies":[{"name":"wp","href":"https:\/\/api.w.org\/{rel}","templated":true}]}}