{"id":7341,"date":"2024-05-16T16:58:54","date_gmt":"2024-05-16T19:58:54","guid":{"rendered":"https:\/\/livrariadocampus.com.br\/loja\/?post_type=product&#038;p=7341"},"modified":"2024-09-23T11:20:29","modified_gmt":"2024-09-23T14:20:29","slug":"introducao-a-estatistica-triola-mario-f-14-ed-2024","status":"publish","type":"product","link":"https:\/\/livrariadocampus.com.br\/loja\/produto\/introducao-a-estatistica-triola-mario-f-14-ed-2024\/","title":{"rendered":"INTRODU\u00c7\u00c3O \u00c0 ESTAT\u00cdSTICA  Triola, Mario F. 14 ED . 2024"},"content":{"rendered":"<p>SINOPSE<br \/>\nRefer\u00eancia sobre o tema no Brasil e no mundo, Introdu\u00e7\u00e3o \u00e0 Estat\u00edstica chega \u00e0 14\u00aa edi\u00e7\u00e3o, consagrado como o 1\u00ba lugar entre os livros mais vendidos sobre o tema nos Estados Unidos nos \u00faltimos 25 anos!<\/p>\n<p>Trata-se da ferramenta ideal para a compreens\u00e3o e a aplica\u00e7\u00e3o de m\u00e9todos estat\u00edsticos na solu\u00e7\u00e3o de problemas e na precisa interpreta\u00e7\u00e3o pr\u00e1tica dos resultados, sem tentar oferecer f\u00f3rmulas prontas. A obra conduz os leitores a uma jornada de aprendizagem efetiva neste atual cen\u00e1rio de grande evolu\u00e7\u00e3o tecnol\u00f3gica, em que a Estat\u00edstica \u00e9 a chave para o estudo de ci\u00eancia de dados, intelig\u00eancia artificial, aprendizado de m\u00e1quina (machine learning) e aprendizagem profunda (deep learning).<\/p>\n<p>Introdu\u00e7\u00e3o \u00e0 Estat\u00edstica exibe dados reais novos ou atualizados de diversas \u00e1reas nos exemplos e problemas apresentados, inclusive envolvendo seguran\u00e7a biom\u00e9trica, seguran\u00e7a cibern\u00e9tica, drones e internet. Cada cap\u00edtulo \u00e9 iniciado com objetivos de aprendizagem e um problema conceitual que propicia (&#8230;)<\/p>\n","protected":false},"excerpt":{"rendered":"<p>SINOPSE Refer\u00eancia sobre o tema no Brasil e no mundo, Introdu\u00e7\u00e3o \u00e0 Estat\u00edstica chega \u00e0 14\u00aa edi\u00e7\u00e3o, consagrado como o 1\u00ba lugar entre os livros mais vendidos sobre o tema nos Estados Unidos nos \u00faltimos 25 anos! Trata-se da ferramenta ideal para a compreens\u00e3o e a aplica\u00e7\u00e3o de m\u00e9todos estat\u00edsticos na solu\u00e7\u00e3o de problemas e&hellip;&nbsp;<a href=\"https:\/\/livrariadocampus.com.br\/loja\/produto\/introducao-a-estatistica-triola-mario-f-14-ed-2024\/\" class=\"\" rel=\"bookmark\">Continue a ler &raquo;<span class=\"screen-reader-text\">INTRODU\u00c7\u00c3O \u00c0 ESTAT\u00cdSTICA  Triola, Mario F. 14 ED . 2024<\/span><\/a><\/p>\n","protected":false},"featured_media":7342,"template":"","meta":{"neve_meta_sidebar":"","neve_meta_container":"","neve_meta_enable_content_width":"off","neve_meta_content_width":100,"neve_meta_title_alignment":"","neve_meta_author_avatar":"","neve_post_elements_order":"","neve_meta_disable_header":"","neve_meta_disable_footer":"","neve_meta_disable_title":"","_joinchat":[]},"product_brand":[],"product_cat":[130,25],"product_tag":[],"class_list":{"0":"post-7341","1":"product","2":"type-product","3":"status-publish","4":"has-post-thumbnail","6":"product_cat-bioestatistica","7":"product_cat-lancamentos","9":"first","10":"instock","11":"sold-individually","12":"shipping-taxable","13":"purchasable","14":"product-type-simple"},"jetpack_sharing_enabled":true,"_links":{"self":[{"href":"https:\/\/livrariadocampus.com.br\/loja\/wp-json\/wp\/v2\/product\/7341","targetHints":{"allow":["GET"]}}],"collection":[{"href":"https:\/\/livrariadocampus.com.br\/loja\/wp-json\/wp\/v2\/product"}],"about":[{"href":"https:\/\/livrariadocampus.com.br\/loja\/wp-json\/wp\/v2\/types\/product"}],"wp:featuredmedia":[{"embeddable":true,"href":"https:\/\/livrariadocampus.com.br\/loja\/wp-json\/wp\/v2\/media\/7342"}],"wp:attachment":[{"href":"https:\/\/livrariadocampus.com.br\/loja\/wp-json\/wp\/v2\/media?parent=7341"}],"wp:term":[{"taxonomy":"product_brand","embeddable":true,"href":"https:\/\/livrariadocampus.com.br\/loja\/wp-json\/wp\/v2\/product_brand?post=7341"},{"taxonomy":"product_cat","embeddable":true,"href":"https:\/\/livrariadocampus.com.br\/loja\/wp-json\/wp\/v2\/product_cat?post=7341"},{"taxonomy":"product_tag","embeddable":true,"href":"https:\/\/livrariadocampus.com.br\/loja\/wp-json\/wp\/v2\/product_tag?post=7341"}],"curies":[{"name":"wp","href":"https:\/\/api.w.org\/{rel}","templated":true}]}}