{"id":7337,"date":"2024-05-16T16:31:09","date_gmt":"2024-05-16T19:31:09","guid":{"rendered":"https:\/\/livrariadocampus.com.br\/loja\/?post_type=product&#038;p=7337"},"modified":"2024-09-23T11:44:19","modified_gmt":"2024-09-23T14:44:19","slug":"fund-de-psiquiatria-do-estilo-de-vida-noordsy-douglas-l-2024","status":"publish","type":"product","link":"https:\/\/livrariadocampus.com.br\/loja\/produto\/fund-de-psiquiatria-do-estilo-de-vida-noordsy-douglas-l-2024\/","title":{"rendered":"FUND. DE PSIQUIATRIA DO ESTILO DE VIDA : Noordsy, Douglas L. 2024"},"content":{"rendered":"<p>SINOPSE<br \/>\nViver bem pode atenuar o impacto dos transtornos mentais, no entanto, muitos profissionais n\u00e3o est\u00e3o preparados para abordar os fatores de estilo de vida no cuidado dos pacientes. A psiquiatria do estilo de vida procura inspirar confian\u00e7a, reunindo e analisando o impressionante conjunto emergente de evid\u00eancias que apoiam a pr\u00e1tica de estilo de vida saud\u00e1vel como interven\u00e7\u00e3o prim\u00e1ria e em conjunto com tratamentos tradicionais como psicofarmacologia ou psicoterapia.<br \/>\nEste livro:<br \/>\nExamina o impacto das interven\u00e7\u00f5es no estilo de vida desde exerc\u00edcios, yoga e tai chi<br \/>\nat\u00e9 medita\u00e7\u00e3o, dieta saud\u00e1vel, nutri\u00e7\u00e3o, controle do estresse e gerenciamento do sono na preven\u00e7\u00e3o e no tratamento de transtornos mentais.<br \/>\nTraz dados para apoiar pr\u00e1ticas de estilo de vida de acordo com transtornos como depress\u00e3o, ansiedade, transtorno de estresse p\u00f3s-traum\u00e1tico, esquizofrenia e depend\u00eancia.<br \/>\nConcentra-se no desenvolvimento de uma alian\u00e7a terap\u00eautica para que os pacientes assumam a responsabilidade pelo (&#8230;)<\/p>\n","protected":false},"excerpt":{"rendered":"<p>SINOPSE Viver bem pode atenuar o impacto dos transtornos mentais, no entanto, muitos profissionais n\u00e3o est\u00e3o preparados para abordar os fatores de estilo de vida no cuidado dos pacientes. A psiquiatria do estilo de vida procura inspirar confian\u00e7a, reunindo e analisando o impressionante conjunto emergente de evid\u00eancias que apoiam a pr\u00e1tica de estilo de vida&hellip;&nbsp;<a href=\"https:\/\/livrariadocampus.com.br\/loja\/produto\/fund-de-psiquiatria-do-estilo-de-vida-noordsy-douglas-l-2024\/\" class=\"\" rel=\"bookmark\">Continue a ler &raquo;<span class=\"screen-reader-text\">FUND. DE PSIQUIATRIA DO ESTILO DE VIDA : Noordsy, Douglas L. 2024<\/span><\/a><\/p>\n","protected":false},"featured_media":7338,"template":"","meta":{"neve_meta_sidebar":"","neve_meta_container":"","neve_meta_enable_content_width":"off","neve_meta_content_width":100,"neve_meta_title_alignment":"","neve_meta_author_avatar":"","neve_post_elements_order":"","neve_meta_disable_header":"","neve_meta_disable_footer":"","neve_meta_disable_title":"","_joinchat":[]},"product_brand":[],"product_cat":[25,73],"product_tag":[],"class_list":{"0":"post-7337","1":"product","2":"type-product","3":"status-publish","4":"has-post-thumbnail","6":"product_cat-lancamentos","7":"product_cat-psiquiatria","9":"first","10":"instock","11":"sold-individually","12":"shipping-taxable","13":"purchasable","14":"product-type-simple"},"jetpack_sharing_enabled":true,"_links":{"self":[{"href":"https:\/\/livrariadocampus.com.br\/loja\/wp-json\/wp\/v2\/product\/7337","targetHints":{"allow":["GET"]}}],"collection":[{"href":"https:\/\/livrariadocampus.com.br\/loja\/wp-json\/wp\/v2\/product"}],"about":[{"href":"https:\/\/livrariadocampus.com.br\/loja\/wp-json\/wp\/v2\/types\/product"}],"wp:featuredmedia":[{"embeddable":true,"href":"https:\/\/livrariadocampus.com.br\/loja\/wp-json\/wp\/v2\/media\/7338"}],"wp:attachment":[{"href":"https:\/\/livrariadocampus.com.br\/loja\/wp-json\/wp\/v2\/media?parent=7337"}],"wp:term":[{"taxonomy":"product_brand","embeddable":true,"href":"https:\/\/livrariadocampus.com.br\/loja\/wp-json\/wp\/v2\/product_brand?post=7337"},{"taxonomy":"product_cat","embeddable":true,"href":"https:\/\/livrariadocampus.com.br\/loja\/wp-json\/wp\/v2\/product_cat?post=7337"},{"taxonomy":"product_tag","embeddable":true,"href":"https:\/\/livrariadocampus.com.br\/loja\/wp-json\/wp\/v2\/product_tag?post=7337"}],"curies":[{"name":"wp","href":"https:\/\/api.w.org\/{rel}","templated":true}]}}