{"id":7335,"date":"2024-05-16T16:27:26","date_gmt":"2024-05-16T19:27:26","guid":{"rendered":"https:\/\/livrariadocampus.com.br\/loja\/?post_type=product&#038;p=7335"},"modified":"2024-09-23T11:44:41","modified_gmt":"2024-09-23T14:44:41","slug":"dermatologico-tratado-ultrasonografia-2024","status":"publish","type":"product","link":"https:\/\/livrariadocampus.com.br\/loja\/produto\/dermatologico-tratado-ultrasonografia-2024\/","title":{"rendered":"DERMATOL\u00d3GICO2024 ,ULTRASONOGRAFIA TRATADO"},"content":{"rendered":"<p>SINOPSE<br \/>\nEste livro constitui um guia pedag\u00f3gico para o ultrassom dermatol\u00f3gico. Como em qualquer campo de imagem, o ultrassom \u00e9 din\u00e2mico e a \u00e1rea se expande com a libera\u00e7\u00e3o de nova tecnologia. Este tratado \u00e9 um conjunto do conhecimento essencial necess\u00e1rio para se come\u00e7ar e uma atualiza\u00e7\u00e3o detalhada para o campo do ultrassom dermatol\u00f3gico. O livro est\u00e1 dividido em tr\u00eas se\u00e7\u00f5es: Os Requisitos, Caracter\u00edsticas Ultrassonogr\u00e1ficas de Condi\u00e7\u00f5es Dermatol\u00f3gicas Comuns e Praticidades. A primeira se\u00e7\u00e3o detalha as informa\u00e7\u00f5es b\u00e1sicas necess\u00e1rias no ultrassom dermatol\u00f3gico, incluindo recomenda\u00e7\u00f5es t\u00e9cnicas e conceitos dermatol\u00f3gicos. A segunda abrange as principais condi\u00e7\u00f5es dermatol\u00f3gicas e sua apresenta\u00e7\u00e3o ao ultrassom, incluindo tumores cut\u00e2neos benignos e malignos, condi\u00e7\u00f5es pedi\u00e1tricas, entidades ungueais, condi\u00e7\u00f5es inflamat\u00f3rias, infec\u00e7\u00f5es e infesta\u00e7\u00f5es, al\u00e9m da est\u00e9tica. A \u00faltima se\u00e7\u00e3o trata das dicas e relat\u00f3rios de procedimentos dermatol\u00f3gicos intervencionistas de ultrassom. Os cap\u00edtulos apresentam correla\u00e7\u00e3o cl\u00ednica, ultrassonogr\u00e1fica e histol\u00f3gica substancial, incluindo algoritmos para ajudar a discriminar condi\u00e7\u00f5es diferentes. Al\u00e9m disso, o livro inclui 150 quest\u00f5es de autoavalia\u00e7\u00e3o (CME), m\u00faltiplos pontos-chave, uma pletora de imagens da m\u00e1xima qualidade com sondas que v\u00e3o de 18 MHz a 70 MHz e v\u00eddeos de ultrassom. \u00c9 um guia obrigat\u00f3rio para m\u00e9dicos, residentes e estudantes de radiologia, dermatologia, cirurgia pl\u00e1stica e qualquer profissional que queira conhecer melhor o campo do ultrassom dermatol\u00f3gico.<\/p>\n","protected":false},"excerpt":{"rendered":"<p>SINOPSE Este livro constitui um guia pedag\u00f3gico para o ultrassom dermatol\u00f3gico. Como em qualquer campo de imagem, o ultrassom \u00e9 din\u00e2mico e a \u00e1rea se expande com a libera\u00e7\u00e3o de nova tecnologia. Este tratado \u00e9 um conjunto do conhecimento essencial necess\u00e1rio para se come\u00e7ar e uma atualiza\u00e7\u00e3o detalhada para o campo do ultrassom dermatol\u00f3gico. O&hellip;&nbsp;<a href=\"https:\/\/livrariadocampus.com.br\/loja\/produto\/dermatologico-tratado-ultrasonografia-2024\/\" class=\"\" rel=\"bookmark\">Continue a ler &raquo;<span class=\"screen-reader-text\">DERMATOL\u00d3GICO2024 ,ULTRASONOGRAFIA TRATADO<\/span><\/a><\/p>\n","protected":false},"featured_media":7336,"template":"","meta":{"neve_meta_sidebar":"","neve_meta_container":"","neve_meta_enable_content_width":"off","neve_meta_content_width":100,"neve_meta_title_alignment":"","neve_meta_author_avatar":"","neve_post_elements_order":"","neve_meta_disable_header":"","neve_meta_disable_footer":"","neve_meta_disable_title":"","_joinchat":[]},"product_brand":[],"product_cat":[61,25],"product_tag":[],"class_list":{"0":"post-7335","1":"product","2":"type-product","3":"status-publish","4":"has-post-thumbnail","6":"product_cat-dermatologia","7":"product_cat-lancamentos","9":"first","10":"instock","11":"sold-individually","12":"shipping-taxable","13":"purchasable","14":"product-type-simple"},"jetpack_sharing_enabled":true,"_links":{"self":[{"href":"https:\/\/livrariadocampus.com.br\/loja\/wp-json\/wp\/v2\/product\/7335","targetHints":{"allow":["GET"]}}],"collection":[{"href":"https:\/\/livrariadocampus.com.br\/loja\/wp-json\/wp\/v2\/product"}],"about":[{"href":"https:\/\/livrariadocampus.com.br\/loja\/wp-json\/wp\/v2\/types\/product"}],"wp:featuredmedia":[{"embeddable":true,"href":"https:\/\/livrariadocampus.com.br\/loja\/wp-json\/wp\/v2\/media\/7336"}],"wp:attachment":[{"href":"https:\/\/livrariadocampus.com.br\/loja\/wp-json\/wp\/v2\/media?parent=7335"}],"wp:term":[{"taxonomy":"product_brand","embeddable":true,"href":"https:\/\/livrariadocampus.com.br\/loja\/wp-json\/wp\/v2\/product_brand?post=7335"},{"taxonomy":"product_cat","embeddable":true,"href":"https:\/\/livrariadocampus.com.br\/loja\/wp-json\/wp\/v2\/product_cat?post=7335"},{"taxonomy":"product_tag","embeddable":true,"href":"https:\/\/livrariadocampus.com.br\/loja\/wp-json\/wp\/v2\/product_tag?post=7335"}],"curies":[{"name":"wp","href":"https:\/\/api.w.org\/{rel}","templated":true}]}}