{"id":7332,"date":"2024-05-10T17:14:15","date_gmt":"2024-05-10T20:14:15","guid":{"rendered":"https:\/\/livrariadocampus.com.br\/loja\/?post_type=product&#038;p=7332"},"modified":"2024-09-23T15:26:33","modified_gmt":"2024-09-23T18:26:33","slug":"medicina-de-emergencia-18-ed-2024","status":"publish","type":"product","link":"https:\/\/livrariadocampus.com.br\/loja\/produto\/medicina-de-emergencia-18-ed-2024\/","title":{"rendered":"Medicina de emerg\u00eancia: 18 ED . 2024"},"content":{"rendered":"<p>A nova edi\u00e7\u00e3o de Medicina de Emerg\u00eancia \u2013 Abordagem Pr\u00e1tica \u00e9 a obra mais completa e atualizada sobre o tema no Brasil. Elaborada por um time de especialistas do pronto-socorro do Hospital das Cl\u00ednicas da Faculdade de Medicina da USP, a obra \u00e9 refer\u00eancia para m\u00e9dicos, residentes e estudantes de medicina que atuam ou desejam atuar na \u00e1rea de emerg\u00eancias. Destaques da nova edi\u00e7\u00e3o: &#8211; Cap\u00edtulos revisados, corrigidos e atualizados com os \u00faltimos consensos. A obra est\u00e1 em constante atualiza\u00e7\u00e3o para garantir que os profissionais tenham acesso \u00e0s informa\u00e7\u00f5es mais recentes sobre as melhores pr\u00e1ticas na \u00e1rea de emerg\u00eancias. &#8211; Os fluxogramas s\u00e3o uma ferramenta essencial para o aprendizado de tomada de decis\u00e3o r\u00e1pida e segura em emerg\u00eancias. A obra apresenta fluxogramas claros e concisos para orientar os profissionais em situa\u00e7\u00f5es cl\u00ednicas comuns. &#8211; Se\u00e7\u00e3o de procedimentos realizados no departamento de emerg\u00eancia. O livro inclui uma se\u00e7\u00e3o detalhada sobre os principais procedimentos realizados no departamento de emerg\u00eancia, com indica\u00e7\u00f5es, descri\u00e7\u00f5es, figuras, complica\u00e7\u00f5es e manejo. &#8211; Se\u00e7\u00e3o descrevendo a t\u00e9cnica de ultrassonografia \u00e0 beira do leito no departamento de emerg\u00eancia. A ultrassonografia \u00e0 beira do leito \u00e9 uma ferramenta cada vez mais importante para o diagn\u00f3stico e o tratamento de pacientes em emerg\u00eancias. A obra inclui uma se\u00e7\u00e3o que descreve a t\u00e9cnica de ultrassonografia \u00e0 beira do leito, com indica\u00e7\u00f5es, descri\u00e7\u00f5es, figuras, complica\u00e7\u00f5es e v\u00eddeos.<\/p>\n","protected":false},"excerpt":{"rendered":"<p>A nova edi\u00e7\u00e3o de Medicina de Emerg\u00eancia \u2013 Abordagem Pr\u00e1tica \u00e9 a obra mais completa e atualizada sobre o tema no Brasil. Elaborada por um time de especialistas do pronto-socorro do Hospital das Cl\u00ednicas da Faculdade de Medicina da USP, a obra \u00e9 refer\u00eancia para m\u00e9dicos, residentes e estudantes de medicina que atuam ou desejam&hellip;&nbsp;<a href=\"https:\/\/livrariadocampus.com.br\/loja\/produto\/medicina-de-emergencia-18-ed-2024\/\" class=\"\" rel=\"bookmark\">Continue a ler &raquo;<span class=\"screen-reader-text\">Medicina de emerg\u00eancia: 18 ED . 2024<\/span><\/a><\/p>\n","protected":false},"featured_media":7333,"template":"","meta":{"neve_meta_sidebar":"","neve_meta_container":"","neve_meta_enable_content_width":"off","neve_meta_content_width":100,"neve_meta_title_alignment":"","neve_meta_author_avatar":"","neve_post_elements_order":"","neve_meta_disable_header":"","neve_meta_disable_footer":"","neve_meta_disable_title":"","_joinchat":[]},"product_brand":[],"product_cat":[58,54,25],"product_tag":[],"class_list":{"0":"post-7332","1":"product","2":"type-product","3":"status-publish","4":"has-post-thumbnail","6":"product_cat-clinica-medica","7":"product_cat-emergencias-e-pronto-socorro","8":"product_cat-lancamentos","10":"first","11":"instock","12":"sold-individually","13":"shipping-taxable","14":"purchasable","15":"product-type-simple"},"jetpack_sharing_enabled":true,"_links":{"self":[{"href":"https:\/\/livrariadocampus.com.br\/loja\/wp-json\/wp\/v2\/product\/7332","targetHints":{"allow":["GET"]}}],"collection":[{"href":"https:\/\/livrariadocampus.com.br\/loja\/wp-json\/wp\/v2\/product"}],"about":[{"href":"https:\/\/livrariadocampus.com.br\/loja\/wp-json\/wp\/v2\/types\/product"}],"wp:featuredmedia":[{"embeddable":true,"href":"https:\/\/livrariadocampus.com.br\/loja\/wp-json\/wp\/v2\/media\/7333"}],"wp:attachment":[{"href":"https:\/\/livrariadocampus.com.br\/loja\/wp-json\/wp\/v2\/media?parent=7332"}],"wp:term":[{"taxonomy":"product_brand","embeddable":true,"href":"https:\/\/livrariadocampus.com.br\/loja\/wp-json\/wp\/v2\/product_brand?post=7332"},{"taxonomy":"product_cat","embeddable":true,"href":"https:\/\/livrariadocampus.com.br\/loja\/wp-json\/wp\/v2\/product_cat?post=7332"},{"taxonomy":"product_tag","embeddable":true,"href":"https:\/\/livrariadocampus.com.br\/loja\/wp-json\/wp\/v2\/product_tag?post=7332"}],"curies":[{"name":"wp","href":"https:\/\/api.w.org\/{rel}","templated":true}]}}