{"id":7319,"date":"2024-04-10T14:38:21","date_gmt":"2024-04-10T17:38:21","guid":{"rendered":"https:\/\/livrariadocampus.com.br\/loja\/?post_type=product&#038;p=7319"},"modified":"2024-09-23T15:24:48","modified_gmt":"2024-09-23T18:24:48","slug":"frete-gratis","status":"publish","type":"product","link":"https:\/\/livrariadocampus.com.br\/loja\/produto\/frete-gratis\/","title":{"rendered":"VENTILA\u00c7\u00c3O MEC\u00c2NICA EM PEDIATRIA &#8211; 2023 PROMO\u00c7\u00c3O"},"content":{"rendered":"<p>A ventila\u00e7\u00e3o mec\u00e2nica \u00e9 um suporte de excel\u00eancia vital nos quadros de insu?ci\u00eancia respirat\u00f3ria. Ocorrem em ambiente de Terapia Intensiva, Unidade de Emerg\u00eancia e Interna\u00e7\u00e3o.<\/p>\n<p>O livro sistematiza a sua did\u00e1tica nas seguintes Se\u00e7\u00f5es:<\/p>\n<p>Anatomia e Fisiologia Respirat\u00f3ria Aplicada \u00e0 Ventila\u00e7\u00e3o Mec\u00e2nica<br \/>\nManuten\u00e7\u00e3o das Vias A\u00e9reas<br \/>\nMonitoriza\u00e7\u00e3o da Ventila\u00e7\u00e3o Mec\u00e2nica<br \/>\nVentila\u00e7\u00e3o Mec\u00e2nica Aplicada<br \/>\nVentila\u00e7\u00e3o Mec\u00e2nica em Situa\u00e7\u00f5es Espec\u00ed?cas<br \/>\nVentila\u00e7\u00e3o Mec\u00e2nica em Neonatologia<br \/>\nComplica\u00e7\u00f5es e Retirada da Ventila\u00e7\u00e3o Mec\u00e2nica<br \/>\nAssist\u00eancia Multipro?ssional<br \/>\nVentila\u00e7\u00e3o Mec\u00e2nica em Pediatria \u2013 Conceitos Fundamentais e Aplica\u00e7\u00f5es Cl\u00ednicas apresenta 2 Editores, 3 Editores Associados, 45 Colaboradores, 8 Se\u00e7\u00f5es, 44 Cap\u00edtulos, em um total de 582 P\u00e1ginas.<\/p>\n<p>Seu p\u00fablico leitor \u00e9 formado por Pediatras, Pediatras Intensivistas, Neonatologistas, Fisioterapeutas Respirat\u00f3rios e Enfermeiros<\/p>\n","protected":false},"excerpt":{"rendered":"<p>A ventila\u00e7\u00e3o mec\u00e2nica \u00e9 um suporte de excel\u00eancia vital nos quadros de insu?ci\u00eancia respirat\u00f3ria. Ocorrem em ambiente de Terapia Intensiva, Unidade de Emerg\u00eancia e Interna\u00e7\u00e3o. O livro sistematiza a sua did\u00e1tica nas seguintes Se\u00e7\u00f5es: Anatomia e Fisiologia Respirat\u00f3ria Aplicada \u00e0 Ventila\u00e7\u00e3o Mec\u00e2nica Manuten\u00e7\u00e3o das Vias A\u00e9reas Monitoriza\u00e7\u00e3o da Ventila\u00e7\u00e3o Mec\u00e2nica Ventila\u00e7\u00e3o Mec\u00e2nica Aplicada Ventila\u00e7\u00e3o Mec\u00e2nica&hellip;&nbsp;<a href=\"https:\/\/livrariadocampus.com.br\/loja\/produto\/frete-gratis\/\" class=\"\" rel=\"bookmark\">Continue a ler &raquo;<span class=\"screen-reader-text\">VENTILA\u00c7\u00c3O MEC\u00c2NICA EM PEDIATRIA &#8211; 2023 PROMO\u00c7\u00c3O<\/span><\/a><\/p>\n","protected":false},"featured_media":7318,"template":"","meta":{"neve_meta_sidebar":"","neve_meta_container":"","neve_meta_enable_content_width":"off","neve_meta_content_width":100,"neve_meta_title_alignment":"","neve_meta_author_avatar":"","neve_post_elements_order":"","neve_meta_disable_header":"","neve_meta_disable_footer":"","neve_meta_disable_title":"","_joinchat":[]},"product_brand":[],"product_cat":[76],"product_tag":[],"class_list":{"0":"post-7319","1":"product","2":"type-product","3":"status-publish","4":"has-post-thumbnail","6":"product_cat-pediatria-neonatologia-pediatria-neonatologia","8":"first","9":"instock","10":"sold-individually","11":"shipping-taxable","12":"purchasable","13":"product-type-simple"},"jetpack_sharing_enabled":true,"_links":{"self":[{"href":"https:\/\/livrariadocampus.com.br\/loja\/wp-json\/wp\/v2\/product\/7319","targetHints":{"allow":["GET"]}}],"collection":[{"href":"https:\/\/livrariadocampus.com.br\/loja\/wp-json\/wp\/v2\/product"}],"about":[{"href":"https:\/\/livrariadocampus.com.br\/loja\/wp-json\/wp\/v2\/types\/product"}],"wp:featuredmedia":[{"embeddable":true,"href":"https:\/\/livrariadocampus.com.br\/loja\/wp-json\/wp\/v2\/media\/7318"}],"wp:attachment":[{"href":"https:\/\/livrariadocampus.com.br\/loja\/wp-json\/wp\/v2\/media?parent=7319"}],"wp:term":[{"taxonomy":"product_brand","embeddable":true,"href":"https:\/\/livrariadocampus.com.br\/loja\/wp-json\/wp\/v2\/product_brand?post=7319"},{"taxonomy":"product_cat","embeddable":true,"href":"https:\/\/livrariadocampus.com.br\/loja\/wp-json\/wp\/v2\/product_cat?post=7319"},{"taxonomy":"product_tag","embeddable":true,"href":"https:\/\/livrariadocampus.com.br\/loja\/wp-json\/wp\/v2\/product_tag?post=7319"}],"curies":[{"name":"wp","href":"https:\/\/api.w.org\/{rel}","templated":true}]}}