{"id":7313,"date":"2024-03-26T14:45:11","date_gmt":"2024-03-26T17:45:11","guid":{"rendered":"https:\/\/livrariadocampus.com.br\/loja\/?post_type=product&#038;p=7313"},"modified":"2025-02-20T15:12:21","modified_gmt":"2025-02-20T18:12:21","slug":"acupuntura-veterinaria-xie-autor-xie-huisheng","status":"publish","type":"product","link":"https:\/\/livrariadocampus.com.br\/loja\/produto\/acupuntura-veterinaria-xie-autor-xie-huisheng\/","title":{"rendered":"ACUPUNTURA VETERINARIA XIE AUTOR: XIE, HUISHENG FRETE GRATIS"},"content":{"rendered":"<p>O texto integra a teoria e a pr\u00e1tica de uma forma concisa, por\u00e9m suficientemente profunda, numa leitura compreens\u00edvel e agrad\u00e1vel. A correla\u00e7\u00e3o entre os conceitos, a precis\u00e3o anat\u00f4mica da descri\u00e7\u00e3o dos pontos e ampla gama de exemplos aplic\u00e1veis, fornecem conhecimento pr\u00e1tico e de f\u00e1cil aprendizado tanto para os principiantes que necessitam de um suporte inicial, bem como para aqueles que s\u00e3o experientes e anseiam por uma revis\u00e3o compreens\u00edvel na \u00e1rea de acupuntura em animais.<br \/>\nNa tradu\u00e7\u00e3o do texto optou-se por utilizar os termos hemopuntura e aquapuntura conforme definido pelo autor, em vez dos termos sangria e farmacopuntura respectivamente, normalmente utilizados na pr\u00e1tica da acupuntura veterin\u00e1ria brasileira. Por sua vez, as descri\u00e7\u00f5es anat\u00f4micas foram atualizadas de acordo com a nomina anat\u00f4mica vigente.<\/p>\n","protected":false},"excerpt":{"rendered":"<p>O texto integra a teoria e a pr\u00e1tica de uma forma concisa, por\u00e9m suficientemente profunda, numa leitura compreens\u00edvel e agrad\u00e1vel. A correla\u00e7\u00e3o entre os conceitos, a precis\u00e3o anat\u00f4mica da descri\u00e7\u00e3o dos pontos e ampla gama de exemplos aplic\u00e1veis, fornecem conhecimento pr\u00e1tico e de f\u00e1cil aprendizado tanto para os principiantes que necessitam de um suporte inicial,&hellip;&nbsp;<a href=\"https:\/\/livrariadocampus.com.br\/loja\/produto\/acupuntura-veterinaria-xie-autor-xie-huisheng\/\" class=\"\" rel=\"bookmark\">Continue a ler &raquo;<span class=\"screen-reader-text\">ACUPUNTURA VETERINARIA XIE AUTOR: XIE, HUISHENG FRETE GRATIS<\/span><\/a><\/p>\n","protected":false},"featured_media":7314,"template":"","meta":{"neve_meta_sidebar":"","neve_meta_container":"","neve_meta_enable_content_width":"off","neve_meta_content_width":100,"neve_meta_title_alignment":"","neve_meta_author_avatar":"","neve_post_elements_order":"","neve_meta_disable_header":"","neve_meta_disable_footer":"","neve_meta_disable_title":"","_joinchat":[]},"product_brand":[],"product_cat":[253],"product_tag":[],"class_list":{"0":"post-7313","1":"product","2":"type-product","3":"status-publish","4":"has-post-thumbnail","6":"product_cat-veterinaria-e-zootecnia","8":"first","9":"instock","10":"sale","11":"sold-individually","12":"shipping-taxable","13":"purchasable","14":"product-type-simple"},"jetpack_sharing_enabled":true,"_links":{"self":[{"href":"https:\/\/livrariadocampus.com.br\/loja\/wp-json\/wp\/v2\/product\/7313","targetHints":{"allow":["GET"]}}],"collection":[{"href":"https:\/\/livrariadocampus.com.br\/loja\/wp-json\/wp\/v2\/product"}],"about":[{"href":"https:\/\/livrariadocampus.com.br\/loja\/wp-json\/wp\/v2\/types\/product"}],"wp:featuredmedia":[{"embeddable":true,"href":"https:\/\/livrariadocampus.com.br\/loja\/wp-json\/wp\/v2\/media\/7314"}],"wp:attachment":[{"href":"https:\/\/livrariadocampus.com.br\/loja\/wp-json\/wp\/v2\/media?parent=7313"}],"wp:term":[{"taxonomy":"product_brand","embeddable":true,"href":"https:\/\/livrariadocampus.com.br\/loja\/wp-json\/wp\/v2\/product_brand?post=7313"},{"taxonomy":"product_cat","embeddable":true,"href":"https:\/\/livrariadocampus.com.br\/loja\/wp-json\/wp\/v2\/product_cat?post=7313"},{"taxonomy":"product_tag","embeddable":true,"href":"https:\/\/livrariadocampus.com.br\/loja\/wp-json\/wp\/v2\/product_tag?post=7313"}],"curies":[{"name":"wp","href":"https:\/\/api.w.org\/{rel}","templated":true}]}}