{"id":7311,"date":"2024-03-26T14:37:53","date_gmt":"2024-03-26T17:37:53","guid":{"rendered":"https:\/\/livrariadocampus.com.br\/loja\/?post_type=product&#038;p=7311"},"modified":"2025-02-20T15:13:15","modified_gmt":"2025-02-20T18:13:15","slug":"anatomia-veterinaria-de-bolso-leal-leonardo-martins-2024","status":"publish","type":"product","link":"https:\/\/livrariadocampus.com.br\/loja\/produto\/anatomia-veterinaria-de-bolso-leal-leonardo-martins-2024\/","title":{"rendered":"Anatomia Veterinaria De Bolso Leal, Leonardo Martins  2024"},"content":{"rendered":"<p>Este livro propicia consulta r\u00e1pida dos principais conceitos anat\u00f4micos relativos \u00e0s esp\u00e9cies dom\u00e9sticas. Trata-se de obra com linguagem simples e obJetiva, ideal ao acompanhamento das aulas de anatomia veterin\u00e1ria e tamb\u00e9m \u00e0 pr\u00e1tica profissional. O livro \u00e9 apresentado de forma sistem\u00e1tica com apontamentos cl\u00ednico-cir\u00fargicos relevantes para o aprendizado anat\u00f4mico.<\/p>\n","protected":false},"excerpt":{"rendered":"<p>Este livro propicia consulta r\u00e1pida dos principais conceitos anat\u00f4micos relativos \u00e0s esp\u00e9cies dom\u00e9sticas. Trata-se de obra com linguagem simples e obJetiva, ideal ao acompanhamento das aulas de anatomia veterin\u00e1ria e tamb\u00e9m \u00e0 pr\u00e1tica profissional. O livro \u00e9 apresentado de forma sistem\u00e1tica com apontamentos cl\u00ednico-cir\u00fargicos relevantes para o aprendizado anat\u00f4mico.<\/p>\n","protected":false},"featured_media":7312,"template":"","meta":{"neve_meta_sidebar":"","neve_meta_container":"","neve_meta_enable_content_width":"off","neve_meta_content_width":100,"neve_meta_title_alignment":"","neve_meta_author_avatar":"","neve_post_elements_order":"","neve_meta_disable_header":"","neve_meta_disable_footer":"","neve_meta_disable_title":"","_joinchat":[]},"product_brand":[],"product_cat":[253],"product_tag":[],"class_list":{"0":"post-7311","1":"product","2":"type-product","3":"status-publish","4":"has-post-thumbnail","6":"product_cat-veterinaria-e-zootecnia","8":"first","9":"instock","10":"sold-individually","11":"shipping-taxable","12":"purchasable","13":"product-type-simple"},"jetpack_sharing_enabled":true,"_links":{"self":[{"href":"https:\/\/livrariadocampus.com.br\/loja\/wp-json\/wp\/v2\/product\/7311","targetHints":{"allow":["GET"]}}],"collection":[{"href":"https:\/\/livrariadocampus.com.br\/loja\/wp-json\/wp\/v2\/product"}],"about":[{"href":"https:\/\/livrariadocampus.com.br\/loja\/wp-json\/wp\/v2\/types\/product"}],"wp:featuredmedia":[{"embeddable":true,"href":"https:\/\/livrariadocampus.com.br\/loja\/wp-json\/wp\/v2\/media\/7312"}],"wp:attachment":[{"href":"https:\/\/livrariadocampus.com.br\/loja\/wp-json\/wp\/v2\/media?parent=7311"}],"wp:term":[{"taxonomy":"product_brand","embeddable":true,"href":"https:\/\/livrariadocampus.com.br\/loja\/wp-json\/wp\/v2\/product_brand?post=7311"},{"taxonomy":"product_cat","embeddable":true,"href":"https:\/\/livrariadocampus.com.br\/loja\/wp-json\/wp\/v2\/product_cat?post=7311"},{"taxonomy":"product_tag","embeddable":true,"href":"https:\/\/livrariadocampus.com.br\/loja\/wp-json\/wp\/v2\/product_tag?post=7311"}],"curies":[{"name":"wp","href":"https:\/\/api.w.org\/{rel}","templated":true}]}}