{"id":7295,"date":"2024-03-21T16:19:22","date_gmt":"2024-03-21T19:19:22","guid":{"rendered":"https:\/\/livrariadocampus.com.br\/loja\/?post_type=product&#038;p=7295"},"modified":"2024-09-23T15:44:31","modified_gmt":"2024-09-23T18:44:31","slug":"medicina-interna-de-harrison-2-volumes-capa-dura-2023","status":"publish","type":"product","link":"https:\/\/livrariadocampus.com.br\/loja\/produto\/medicina-interna-de-harrison-2-volumes-capa-dura-2023\/","title":{"rendered":"Medicina Interna de Harrison &#8211; 2 Volumes Capa dura  2023"},"content":{"rendered":"<p>Atualizado pelos melhores especialistas, que se uniram para criar a principal refer\u00eancia em medicina interna, o Harrison permanece fiel ao compromisso com os padr\u00f5es de excel\u00eancia que o consagraram. Reconhecido por estudantes e profissionais no mundo todo como a maior autoridade em fisiopatologia aplicada e medicina cl\u00ednica, o Harrison acompanha a evolu\u00e7\u00e3o do conhecimento em sa\u00fade ao longo das d\u00e9cadas e conserva sua ess\u00eancia ao facilitar o aprendizado da ci\u00eancia e da arte do racioc\u00ednio cl\u00ednico. Com sua abordagem enciclop\u00e9dica, a obra apresenta ampla cobertura de assuntos em seus mais de 500 cap\u00edtulos, totalmente atualizados e revisados \u00e0 luz de novas evid\u00eancias e tend\u00eancias da medicina.<br \/>\n   Relatar um problema com este produto<\/p>\n","protected":false},"excerpt":{"rendered":"<p>Atualizado pelos melhores especialistas, que se uniram para criar a principal refer\u00eancia em medicina interna, o Harrison permanece fiel ao compromisso com os padr\u00f5es de excel\u00eancia que o consagraram. Reconhecido por estudantes e profissionais no mundo todo como a maior autoridade em fisiopatologia aplicada e medicina cl\u00ednica, o Harrison acompanha a evolu\u00e7\u00e3o do conhecimento em&hellip;&nbsp;<a href=\"https:\/\/livrariadocampus.com.br\/loja\/produto\/medicina-interna-de-harrison-2-volumes-capa-dura-2023\/\" class=\"\" rel=\"bookmark\">Continue a ler &raquo;<span class=\"screen-reader-text\">Medicina Interna de Harrison &#8211; 2 Volumes Capa dura  2023<\/span><\/a><\/p>\n","protected":false},"featured_media":7296,"template":"","meta":{"neve_meta_sidebar":"","neve_meta_container":"","neve_meta_enable_content_width":"off","neve_meta_content_width":100,"neve_meta_title_alignment":"","neve_meta_author_avatar":"","neve_post_elements_order":"","neve_meta_disable_header":"","neve_meta_disable_footer":"","neve_meta_disable_title":"","_joinchat":[]},"product_brand":[],"product_cat":[58,25,52],"product_tag":[],"class_list":{"0":"post-7295","1":"product","2":"type-product","3":"status-publish","4":"has-post-thumbnail","6":"product_cat-clinica-medica","7":"product_cat-lancamentos","8":"product_cat-medicina-do-trabalho","10":"first","11":"instock","12":"sold-individually","13":"shipping-taxable","14":"purchasable","15":"product-type-simple"},"jetpack_sharing_enabled":true,"_links":{"self":[{"href":"https:\/\/livrariadocampus.com.br\/loja\/wp-json\/wp\/v2\/product\/7295","targetHints":{"allow":["GET"]}}],"collection":[{"href":"https:\/\/livrariadocampus.com.br\/loja\/wp-json\/wp\/v2\/product"}],"about":[{"href":"https:\/\/livrariadocampus.com.br\/loja\/wp-json\/wp\/v2\/types\/product"}],"wp:featuredmedia":[{"embeddable":true,"href":"https:\/\/livrariadocampus.com.br\/loja\/wp-json\/wp\/v2\/media\/7296"}],"wp:attachment":[{"href":"https:\/\/livrariadocampus.com.br\/loja\/wp-json\/wp\/v2\/media?parent=7295"}],"wp:term":[{"taxonomy":"product_brand","embeddable":true,"href":"https:\/\/livrariadocampus.com.br\/loja\/wp-json\/wp\/v2\/product_brand?post=7295"},{"taxonomy":"product_cat","embeddable":true,"href":"https:\/\/livrariadocampus.com.br\/loja\/wp-json\/wp\/v2\/product_cat?post=7295"},{"taxonomy":"product_tag","embeddable":true,"href":"https:\/\/livrariadocampus.com.br\/loja\/wp-json\/wp\/v2\/product_tag?post=7295"}],"curies":[{"name":"wp","href":"https:\/\/api.w.org\/{rel}","templated":true}]}}