{"id":7292,"date":"2024-03-14T10:59:38","date_gmt":"2024-03-14T13:59:38","guid":{"rendered":"https:\/\/livrariadocampus.com.br\/loja\/?post_type=product&#038;p=7292"},"modified":"2025-01-02T12:14:06","modified_gmt":"2025-01-02T15:14:06","slug":"doencas-inf-em-vet-1-ed-promocao-04x-s-acressimo-frete-gratis","status":"publish","type":"product","link":"https:\/\/livrariadocampus.com.br\/loja\/produto\/doencas-inf-em-vet-1-ed-promocao-04x-s-acressimo-frete-gratis\/","title":{"rendered":"DOEN\u00c7AS INF. EM VET.  1 ED .  PROMO\u00c7\u00c3O  04X S\/ ACRESSIMO FRETE GRATIS"},"content":{"rendered":"<p>Doen\u00e7as Infecciosas em Animais de Produ\u00e7\u00e3o e de Companhia foi elaborada para suprir a demanda de literatura que trate especificamente das principais doen\u00e7as infecciosas e infectocontagiosas de animais dom\u00e9sticos. Com linguagem t\u00e9cnica acess\u00edvel e atualiza<\/p>\n","protected":false},"excerpt":{"rendered":"<p>Doen\u00e7as Infecciosas em Animais de Produ\u00e7\u00e3o e de Companhia foi elaborada para suprir a demanda de literatura que trate especificamente das principais doen\u00e7as infecciosas e infectocontagiosas de animais dom\u00e9sticos. Com linguagem t\u00e9cnica acess\u00edvel e atualiza<\/p>\n","protected":false},"featured_media":6775,"template":"","meta":{"neve_meta_sidebar":"","neve_meta_container":"","neve_meta_enable_content_width":"off","neve_meta_content_width":100,"neve_meta_title_alignment":"","neve_meta_author_avatar":"","neve_post_elements_order":"","neve_meta_disable_header":"","neve_meta_disable_footer":"","neve_meta_disable_title":"","_joinchat":[]},"product_brand":[],"product_cat":[25,253],"product_tag":[],"class_list":{"0":"post-7292","1":"product","2":"type-product","3":"status-publish","4":"has-post-thumbnail","6":"product_cat-lancamentos","7":"product_cat-veterinaria-e-zootecnia","9":"first","10":"instock","11":"sold-individually","12":"shipping-taxable","13":"purchasable","14":"product-type-simple"},"jetpack_sharing_enabled":true,"_links":{"self":[{"href":"https:\/\/livrariadocampus.com.br\/loja\/wp-json\/wp\/v2\/product\/7292","targetHints":{"allow":["GET"]}}],"collection":[{"href":"https:\/\/livrariadocampus.com.br\/loja\/wp-json\/wp\/v2\/product"}],"about":[{"href":"https:\/\/livrariadocampus.com.br\/loja\/wp-json\/wp\/v2\/types\/product"}],"wp:featuredmedia":[{"embeddable":true,"href":"https:\/\/livrariadocampus.com.br\/loja\/wp-json\/wp\/v2\/media\/6775"}],"wp:attachment":[{"href":"https:\/\/livrariadocampus.com.br\/loja\/wp-json\/wp\/v2\/media?parent=7292"}],"wp:term":[{"taxonomy":"product_brand","embeddable":true,"href":"https:\/\/livrariadocampus.com.br\/loja\/wp-json\/wp\/v2\/product_brand?post=7292"},{"taxonomy":"product_cat","embeddable":true,"href":"https:\/\/livrariadocampus.com.br\/loja\/wp-json\/wp\/v2\/product_cat?post=7292"},{"taxonomy":"product_tag","embeddable":true,"href":"https:\/\/livrariadocampus.com.br\/loja\/wp-json\/wp\/v2\/product_tag?post=7292"}],"curies":[{"name":"wp","href":"https:\/\/api.w.org\/{rel}","templated":true}]}}