{"id":7285,"date":"2024-02-29T11:32:00","date_gmt":"2024-02-29T14:32:00","guid":{"rendered":"https:\/\/livrariadocampus.com.br\/loja\/?post_type=product&#038;p=7285"},"modified":"2024-03-06T11:59:49","modified_gmt":"2024-03-06T14:59:49","slug":"biologia-celular-e-molecular-2023-promocao-8-x-s-acressimo","status":"publish","type":"product","link":"https:\/\/livrariadocampus.com.br\/loja\/produto\/biologia-celular-e-molecular-2023-promocao-8-x-s-acressimo\/","title":{"rendered":"Biologia Celular e Molecular 2023 promo\u00e7\u00e3o  6x s\/ acressimo"},"content":{"rendered":"<p>Inteiramente atualizada e reorganizada, mas mantendo o equil\u00edbrio did\u00e1tico que um conte\u00fado introdut\u00f3rio requer, esta obra apresenta todas as informa\u00e7\u00f5es necess\u00e1rias sobre as macromol\u00e9culas celulares, como prote\u00ednas, DNA e RNA. Al\u00e9m disso, fornece os mecanismos b\u00e1sicos para o funcionamento celular, bem como exemplos cl\u00ednicos de disfun\u00e7\u00f5es celulares.Ilustra\u00e7\u00f5es detalhadas e de alta qualidade tornam seu conte\u00fado ainda mais rico, facilitando a compreens\u00e3o do leitor sobre os temas abordados.Indicada para estudantes das \u00e1reas biol\u00f3gicas e da sa\u00fade, esta obra prepara o aluno para a melhor compreens\u00e3o das fun\u00e7\u00f5es celulares.?<\/p>\n","protected":false},"excerpt":{"rendered":"<p>Inteiramente atualizada e reorganizada, mas mantendo o equil\u00edbrio did\u00e1tico que um conte\u00fado introdut\u00f3rio requer, esta obra apresenta todas as informa\u00e7\u00f5es necess\u00e1rias sobre as macromol\u00e9culas celulares, como prote\u00ednas, DNA e RNA. Al\u00e9m disso, fornece os mecanismos b\u00e1sicos para o funcionamento celular, bem como exemplos cl\u00ednicos de disfun\u00e7\u00f5es celulares.Ilustra\u00e7\u00f5es detalhadas e de alta qualidade tornam seu conte\u00fado&hellip;&nbsp;<a href=\"https:\/\/livrariadocampus.com.br\/loja\/produto\/biologia-celular-e-molecular-2023-promocao-8-x-s-acressimo\/\" class=\"\" rel=\"bookmark\">Continue a ler &raquo;<span class=\"screen-reader-text\">Biologia Celular e Molecular 2023 promo\u00e7\u00e3o  6x s\/ acressimo<\/span><\/a><\/p>\n","protected":false},"featured_media":7286,"template":"","meta":{"neve_meta_sidebar":"","neve_meta_container":"","neve_meta_enable_content_width":"off","neve_meta_content_width":100,"neve_meta_title_alignment":"","neve_meta_author_avatar":"","neve_post_elements_order":"","neve_meta_disable_header":"","neve_meta_disable_footer":"","neve_meta_disable_title":"","_joinchat":[]},"product_brand":[],"product_cat":[80,25],"product_tag":[],"class_list":{"0":"post-7285","1":"product","2":"type-product","3":"status-publish","4":"has-post-thumbnail","6":"product_cat-biologia","7":"product_cat-lancamentos","9":"first","10":"instock","11":"sold-individually","12":"shipping-taxable","13":"purchasable","14":"product-type-simple"},"jetpack_sharing_enabled":true,"_links":{"self":[{"href":"https:\/\/livrariadocampus.com.br\/loja\/wp-json\/wp\/v2\/product\/7285","targetHints":{"allow":["GET"]}}],"collection":[{"href":"https:\/\/livrariadocampus.com.br\/loja\/wp-json\/wp\/v2\/product"}],"about":[{"href":"https:\/\/livrariadocampus.com.br\/loja\/wp-json\/wp\/v2\/types\/product"}],"wp:featuredmedia":[{"embeddable":true,"href":"https:\/\/livrariadocampus.com.br\/loja\/wp-json\/wp\/v2\/media\/7286"}],"wp:attachment":[{"href":"https:\/\/livrariadocampus.com.br\/loja\/wp-json\/wp\/v2\/media?parent=7285"}],"wp:term":[{"taxonomy":"product_brand","embeddable":true,"href":"https:\/\/livrariadocampus.com.br\/loja\/wp-json\/wp\/v2\/product_brand?post=7285"},{"taxonomy":"product_cat","embeddable":true,"href":"https:\/\/livrariadocampus.com.br\/loja\/wp-json\/wp\/v2\/product_cat?post=7285"},{"taxonomy":"product_tag","embeddable":true,"href":"https:\/\/livrariadocampus.com.br\/loja\/wp-json\/wp\/v2\/product_tag?post=7285"}],"curies":[{"name":"wp","href":"https:\/\/api.w.org\/{rel}","templated":true}]}}