{"id":7280,"date":"2024-02-20T14:41:04","date_gmt":"2024-02-20T17:41:04","guid":{"rendered":"https:\/\/livrariadocampus.com.br\/loja\/?post_type=product&#038;p=7280"},"modified":"2024-02-20T14:41:47","modified_gmt":"2024-02-20T17:41:47","slug":"oftalmologia-clinica-uma-abordagem-sistematica-capa-dura-7-edicao-promocao-2","status":"publish","type":"product","link":"https:\/\/livrariadocampus.com.br\/loja\/produto\/oftalmologia-clinica-uma-abordagem-sistematica-capa-dura-7-edicao-promocao-2\/","title":{"rendered":"Oftalmologia Cl\u00ednica. Uma Abordagem Sistem\u00e1tica Capa dura \u2013 7 EDI\u00c7\u00c3O  PROMO\u00c7\u00c3O"},"content":{"rendered":"<p>Preparado para ser usado como uma refer\u00eancia r\u00e1pida e como um meio efetivo e eficiente de revis\u00e3o, este livro inclui recurso multim\u00eddia de \u00faltima gera\u00e7\u00e3o que vai mant\u00ea-lo atualizado sobre os procedimentos pr\u00e1ticos atuais e em constante evolu\u00e7\u00e3o no diagn\u00f3stico e manejo dos dist\u00farbios oftalmol\u00f3gicos.<br \/>\nAtrav\u00e9s de seu formato visual rico e sucinto, Kanski, Oftalmologia Cl\u00ednica, facilita a compreens\u00e3o para profissionais e estudantes em forma\u00e7\u00e3o, e em seus conte\u00fados impresso e online no Expert Consult, permite o acesso aos \u00faltimos avan\u00e7os no campo da<\/p>\n","protected":false},"excerpt":{"rendered":"<p>Preparado para ser usado como uma refer\u00eancia r\u00e1pida e como um meio efetivo e eficiente de revis\u00e3o, este livro inclui recurso multim\u00eddia de \u00faltima gera\u00e7\u00e3o que vai mant\u00ea-lo atualizado sobre os procedimentos pr\u00e1ticos atuais e em constante evolu\u00e7\u00e3o no diagn\u00f3stico e manejo dos dist\u00farbios oftalmol\u00f3gicos. Atrav\u00e9s de seu formato visual rico e sucinto, Kanski, Oftalmologia&hellip;&nbsp;<a href=\"https:\/\/livrariadocampus.com.br\/loja\/produto\/oftalmologia-clinica-uma-abordagem-sistematica-capa-dura-7-edicao-promocao-2\/\" class=\"\" rel=\"bookmark\">Continue a ler &raquo;<span class=\"screen-reader-text\">Oftalmologia Cl\u00ednica. Uma Abordagem Sistem\u00e1tica Capa dura \u2013 7 EDI\u00c7\u00c3O  PROMO\u00c7\u00c3O<\/span><\/a><\/p>\n","protected":false},"featured_media":7141,"template":"","meta":{"neve_meta_sidebar":"","neve_meta_container":"","neve_meta_enable_content_width":"off","neve_meta_content_width":100,"neve_meta_title_alignment":"","neve_meta_author_avatar":"","neve_post_elements_order":"","neve_meta_disable_header":"","neve_meta_disable_footer":"","neve_meta_disable_title":"","_joinchat":[]},"product_brand":[],"product_cat":[15],"product_tag":[340],"class_list":{"0":"post-7280","1":"product","2":"type-product","3":"status-publish","4":"has-post-thumbnail","6":"product_cat-outros","7":"product_tag-340","9":"first","10":"instock","11":"sale","12":"sold-individually","13":"shipping-taxable","14":"purchasable","15":"product-type-simple"},"jetpack_sharing_enabled":true,"_links":{"self":[{"href":"https:\/\/livrariadocampus.com.br\/loja\/wp-json\/wp\/v2\/product\/7280","targetHints":{"allow":["GET"]}}],"collection":[{"href":"https:\/\/livrariadocampus.com.br\/loja\/wp-json\/wp\/v2\/product"}],"about":[{"href":"https:\/\/livrariadocampus.com.br\/loja\/wp-json\/wp\/v2\/types\/product"}],"wp:featuredmedia":[{"embeddable":true,"href":"https:\/\/livrariadocampus.com.br\/loja\/wp-json\/wp\/v2\/media\/7141"}],"wp:attachment":[{"href":"https:\/\/livrariadocampus.com.br\/loja\/wp-json\/wp\/v2\/media?parent=7280"}],"wp:term":[{"taxonomy":"product_brand","embeddable":true,"href":"https:\/\/livrariadocampus.com.br\/loja\/wp-json\/wp\/v2\/product_brand?post=7280"},{"taxonomy":"product_cat","embeddable":true,"href":"https:\/\/livrariadocampus.com.br\/loja\/wp-json\/wp\/v2\/product_cat?post=7280"},{"taxonomy":"product_tag","embeddable":true,"href":"https:\/\/livrariadocampus.com.br\/loja\/wp-json\/wp\/v2\/product_tag?post=7280"}],"curies":[{"name":"wp","href":"https:\/\/api.w.org\/{rel}","templated":true}]}}