{"id":7255,"date":"2023-12-01T12:45:19","date_gmt":"2023-12-01T15:45:19","guid":{"rendered":"https:\/\/livrariadocampus.com.br\/loja\/?post_type=product&#038;p=7255"},"modified":"2024-01-15T12:01:52","modified_gmt":"2024-01-15T15:01:52","slug":"manual-de-farmacoterapia-de-dipiro-12a-edicao-12a-edicao-por-terry-schwinghammer-autor-2024","status":"publish","type":"product","link":"https:\/\/livrariadocampus.com.br\/loja\/produto\/manual-de-farmacoterapia-de-dipiro-12a-edicao-12a-edicao-por-terry-schwinghammer-autor-2024\/","title":{"rendered":"Manual de Farmacoterapia de DiPiro, 12\u00aa Edi\u00e7\u00e3o 12\u00aa Edi\u00e7\u00e3o por Terry Schwinghammer (Autor), 2024"},"content":{"rendered":"<p>Escrito com habilidade e f\u00e1cil de ler, o Manual de Farmacoterapia oferece conte\u00fado importante para os alunos que estudam para seus conselhos e oferece as informa\u00e7\u00f5es essenciais necess\u00e1rias para uma efic\u00e1cia pr\u00e1tica cl\u00ednica. Embora seja conciso o suficiente para ser lido rapidamente, ele fornece amplas informa\u00e7\u00f5es b\u00e1sicas sobre a terapia medicamentosa &#8211; tornando-o uma ferramenta de estudo altamente eficaz.<\/p>\n<p>O Manual de Farmacoterapia cobre mais de 140 doen\u00e7as e dist\u00farbios mais comumente encontrados em um ambiente cl\u00ednico. Cada cap\u00edtulo \u00e9 organizado em um formato consistente:<\/p>\n<p>\u2022 Defini\u00e7\u00e3o do estado da doen\u00e7a<br \/>\n\u2022 Fisiopatologia<br \/>\n\u2022 Apresenta\u00e7\u00e3o cl\u00ednica<br \/>\n\u2022 Diagn\u00f3stico<br \/>\n\u2022 Tratamento<br \/>\n\u2022 Avalia\u00e7\u00e3o dos resultados terap\u00eauticos<\/p>\n<p>Fornecendo uma compreens\u00e3o completa sobre quais medicamentos usar e por qu\u00ea, este guia incompar\u00e1vel inclui fluxogramas, tabelas e gr\u00e1ficos, fornece terapia medicamentosa JNC-VI e diretrizes de cuidados farmac\u00eauticos e oferece resumos de cap\u00edtulos concisos que economizam tempo precioso de estudo.<\/p>\n<p>Consulte Mais informa\u00e7\u00e3o<\/p>\n","protected":false},"excerpt":{"rendered":"<p>Escrito com habilidade e f\u00e1cil de ler, o Manual de Farmacoterapia oferece conte\u00fado importante para os alunos que estudam para seus conselhos e oferece as informa\u00e7\u00f5es essenciais necess\u00e1rias para uma efic\u00e1cia pr\u00e1tica cl\u00ednica. Embora seja conciso o suficiente para ser lido rapidamente, ele fornece amplas informa\u00e7\u00f5es b\u00e1sicas sobre a terapia medicamentosa &#8211; tornando-o uma ferramenta&hellip;&nbsp;<a href=\"https:\/\/livrariadocampus.com.br\/loja\/produto\/manual-de-farmacoterapia-de-dipiro-12a-edicao-12a-edicao-por-terry-schwinghammer-autor-2024\/\" class=\"\" rel=\"bookmark\">Continue a ler &raquo;<span class=\"screen-reader-text\">Manual de Farmacoterapia de DiPiro, 12\u00aa Edi\u00e7\u00e3o 12\u00aa Edi\u00e7\u00e3o por Terry Schwinghammer (Autor), 2024<\/span><\/a><\/p>\n","protected":false},"featured_media":7256,"template":"","meta":{"neve_meta_sidebar":"","neve_meta_container":"","neve_meta_enable_content_width":"off","neve_meta_content_width":100,"neve_meta_title_alignment":"","neve_meta_author_avatar":"","neve_post_elements_order":"","neve_meta_disable_header":"","neve_meta_disable_footer":"","neve_meta_disable_title":"","_joinchat":[]},"product_brand":[],"product_cat":[70,58,89,25],"product_tag":[355],"class_list":{"0":"post-7255","1":"product","2":"type-product","3":"status-publish","4":"has-post-thumbnail","6":"product_cat-anestesiologia","7":"product_cat-clinica-medica","8":"product_cat-farmacologia","9":"product_cat-lancamentos","10":"product_tag-355","12":"first","13":"instock","14":"sold-individually","15":"shipping-taxable","16":"purchasable","17":"product-type-simple"},"jetpack_sharing_enabled":true,"_links":{"self":[{"href":"https:\/\/livrariadocampus.com.br\/loja\/wp-json\/wp\/v2\/product\/7255","targetHints":{"allow":["GET"]}}],"collection":[{"href":"https:\/\/livrariadocampus.com.br\/loja\/wp-json\/wp\/v2\/product"}],"about":[{"href":"https:\/\/livrariadocampus.com.br\/loja\/wp-json\/wp\/v2\/types\/product"}],"wp:featuredmedia":[{"embeddable":true,"href":"https:\/\/livrariadocampus.com.br\/loja\/wp-json\/wp\/v2\/media\/7256"}],"wp:attachment":[{"href":"https:\/\/livrariadocampus.com.br\/loja\/wp-json\/wp\/v2\/media?parent=7255"}],"wp:term":[{"taxonomy":"product_brand","embeddable":true,"href":"https:\/\/livrariadocampus.com.br\/loja\/wp-json\/wp\/v2\/product_brand?post=7255"},{"taxonomy":"product_cat","embeddable":true,"href":"https:\/\/livrariadocampus.com.br\/loja\/wp-json\/wp\/v2\/product_cat?post=7255"},{"taxonomy":"product_tag","embeddable":true,"href":"https:\/\/livrariadocampus.com.br\/loja\/wp-json\/wp\/v2\/product_tag?post=7255"}],"curies":[{"name":"wp","href":"https:\/\/api.w.org\/{rel}","templated":true}]}}