{"id":7253,"date":"2023-12-01T12:39:18","date_gmt":"2023-12-01T15:39:18","guid":{"rendered":"https:\/\/livrariadocampus.com.br\/loja\/?post_type=product&#038;p=7253"},"modified":"2024-02-01T15:56:01","modified_gmt":"2024-02-01T18:56:01","slug":"atlas-de-hematologia-laboratorial-uma-imersao-na-citomorfologia-hematologica-guia-pratico-2024","status":"publish","type":"product","link":"https:\/\/livrariadocampus.com.br\/loja\/produto\/atlas-de-hematologia-laboratorial-uma-imersao-na-citomorfologia-hematologica-guia-pratico-2024\/","title":{"rendered":"ATLAS DE HEMATOLOGIA LABORATORIAL &#8211; UMA IMERS\u00c3O NA CITOMORFOLOGIA HEMATOL\u00d3GICA &#8211; GUIA PR\u00c1TICO 2024"},"content":{"rendered":"<p>Descri\u00e7\u00e3o:<\/p>\n<p>Este livro conta com 288 imagens de microscopia \u00f3tica, traz atualiza\u00e7\u00f5es sobre morfologia dos eritr\u00f3citos nas anemias, eritroblastos em todos os est\u00e1gios, leuc\u00f3citos normais a anomalias leucocit\u00e1rias, linf\u00f3citos reativos, granul\u00f3citos imaturos (Promiel\u00f3citos, miel\u00f3citos, metamiel\u00f3citos), bast\u00f5es, segmentados, granula\u00e7\u00f5es t\u00f3xicas, vacuolos citoplasm\u00e1ticos, desvio a esquerda, corpos de Dohle, plaquetas na PTI, PTT, CIVD, esquiz\u00f3citos, macroplaquetas, plaquetas gigantes, leucemias agudas, blastos mieloides, bastonete de Auer, blastos cup-like, blastos linfoides, blastos hand mirror, monoblastos, promon\u00f3citos, mon\u00f3citos displ\u00e1sicos, promiel\u00f3citos hipergranulares e hipogranulares na LPA, LMC com blastos, hiperleucocitoses com basofilia, eosin\u00f3filos degranulados em leucemias eosinof\u00edlicas, leucemia de bas\u00f3filos, LLC, prolinf\u00f3citos, tricoleuc\u00f3citos. linf\u00f3citos grandes e granulares, linf\u00f3citos linfomatosos no linfoma do manto, folicular, S\u00e9zary, flower cells, linfoma de Burkitt, c\u00e9lulas vilosas, linfoma difuso de grandes c\u00e9lulas, plasm\u00f3citos no mieloma m\u00faltiplo, c\u00e9lulas de Mott, l\u00e2minas de casos raros Histoplasma, candida, Leishmanias e toda a descri\u00e7\u00e3o das imagens em detalhes.<\/p>\n<p>Autores: Luiz Arthur Calheiros Leite, Guilherme Dienstmann e Juliana Spezia<\/p>\n<p>Totalmente ilustrado. Imagens in\u00e9ditas!<\/p>\n","protected":false},"excerpt":{"rendered":"<p>Descri\u00e7\u00e3o: Este livro conta com 288 imagens de microscopia \u00f3tica, traz atualiza\u00e7\u00f5es sobre morfologia dos eritr\u00f3citos nas anemias, eritroblastos em todos os est\u00e1gios, leuc\u00f3citos normais a anomalias leucocit\u00e1rias, linf\u00f3citos reativos, granul\u00f3citos imaturos (Promiel\u00f3citos, miel\u00f3citos, metamiel\u00f3citos), bast\u00f5es, segmentados, granula\u00e7\u00f5es t\u00f3xicas, vacuolos citoplasm\u00e1ticos, desvio a esquerda, corpos de Dohle, plaquetas na PTI, PTT, CIVD, esquiz\u00f3citos, macroplaquetas, plaquetas&hellip;&nbsp;<a href=\"https:\/\/livrariadocampus.com.br\/loja\/produto\/atlas-de-hematologia-laboratorial-uma-imersao-na-citomorfologia-hematologica-guia-pratico-2024\/\" class=\"\" rel=\"bookmark\">Continue a ler &raquo;<span class=\"screen-reader-text\">ATLAS DE HEMATOLOGIA LABORATORIAL &#8211; UMA IMERS\u00c3O NA CITOMORFOLOGIA HEMATOL\u00d3GICA &#8211; GUIA PR\u00c1TICO 2024<\/span><\/a><\/p>\n","protected":false},"featured_media":7254,"template":"","meta":{"neve_meta_sidebar":"","neve_meta_container":"","neve_meta_enable_content_width":"off","neve_meta_content_width":100,"neve_meta_title_alignment":"","neve_meta_author_avatar":"","neve_post_elements_order":"","neve_meta_disable_header":"","neve_meta_disable_footer":"","neve_meta_disable_title":"","_joinchat":[]},"product_brand":[],"product_cat":[143,72,25],"product_tag":[],"class_list":{"0":"post-7253","1":"product","2":"type-product","3":"status-publish","4":"has-post-thumbnail","6":"product_cat-hematologia-oncologia","7":"product_cat-laboratorio-clinico","8":"product_cat-lancamentos","10":"first","11":"instock","12":"sold-individually","13":"shipping-taxable","14":"purchasable","15":"product-type-simple"},"jetpack_sharing_enabled":true,"_links":{"self":[{"href":"https:\/\/livrariadocampus.com.br\/loja\/wp-json\/wp\/v2\/product\/7253","targetHints":{"allow":["GET"]}}],"collection":[{"href":"https:\/\/livrariadocampus.com.br\/loja\/wp-json\/wp\/v2\/product"}],"about":[{"href":"https:\/\/livrariadocampus.com.br\/loja\/wp-json\/wp\/v2\/types\/product"}],"wp:featuredmedia":[{"embeddable":true,"href":"https:\/\/livrariadocampus.com.br\/loja\/wp-json\/wp\/v2\/media\/7254"}],"wp:attachment":[{"href":"https:\/\/livrariadocampus.com.br\/loja\/wp-json\/wp\/v2\/media?parent=7253"}],"wp:term":[{"taxonomy":"product_brand","embeddable":true,"href":"https:\/\/livrariadocampus.com.br\/loja\/wp-json\/wp\/v2\/product_brand?post=7253"},{"taxonomy":"product_cat","embeddable":true,"href":"https:\/\/livrariadocampus.com.br\/loja\/wp-json\/wp\/v2\/product_cat?post=7253"},{"taxonomy":"product_tag","embeddable":true,"href":"https:\/\/livrariadocampus.com.br\/loja\/wp-json\/wp\/v2\/product_tag?post=7253"}],"curies":[{"name":"wp","href":"https:\/\/api.w.org\/{rel}","templated":true}]}}