{"id":7220,"date":"2023-10-23T17:40:54","date_gmt":"2023-10-23T20:40:54","guid":{"rendered":"https:\/\/livrariadocampus.com.br\/loja\/?post_type=product&#038;p=7220"},"modified":"2024-02-01T15:57:12","modified_gmt":"2024-02-01T18:57:12","slug":"psicofarmacologia-aplicada-manejo-pratico-dos-transtornos-mentais-3a-edicao-2024","status":"publish","type":"product","link":"https:\/\/livrariadocampus.com.br\/loja\/produto\/psicofarmacologia-aplicada-manejo-pratico-dos-transtornos-mentais-3a-edicao-2024\/","title":{"rendered":"PSICOFARMACOLOGIA APLICADA &#8211; MANEJO PR\u00c1TICO DOS TRANSTORNOS MENTAIS &#8211; 3\u00aa EDI\u00c7\u00c3O 2024"},"content":{"rendered":"<p>PSICOFARMACOLOGIA APLICADA \u2013 MANEJO PR\u00c1TICO DOS TRANSTORNOS MENTAIS \u00e9 livro que alcan\u00e7a sua 3\u00aa edi\u00e7\u00e3o, integralmente revisto, atualizado e ampliado.<\/p>\n<p>A obra repercute os conhecimentos, a pr\u00e1tica e a expressiva casu\u00edstica dos servi\u00e7os de Interconsultas e Ambulatoriais do Instituto de Psiquiatria do Hospital das Cl\u00ednicas da Faculdade de Medicina da Universidade de S\u00e3o Paulo (IP\/FMUSP).<\/p>\n<p>A psicofarmacologia \u00e9 \u00e1rea de conhecimento m\u00e9dico em constante transforma\u00e7\u00e3o e, por consequ\u00eancia, demanda igual e constante atualiza\u00e7\u00e3o. Por exemplo: antipsic\u00f3ticos de efeitos depressivos e antiman\u00edacos, estabilizadores de humor, sintomas afetivos, sintomas ansiosos e at\u00e9 suic\u00eddio.<\/p>\n<p>Fica mantida a mesma did\u00e1tica das edi\u00e7\u00f5es anteriores, com um texto objetivo, conciso e direto que funciona como um verdadeiro manual, apresentando informa\u00e7\u00f5es pontuais e bem-organizadas.<\/p>\n<p>\u00c9, pois, livro bastante funcional, que servir\u00e1 de consulta para o dia a dia da pr\u00e1tica cl\u00ednica.<\/p>\n<p>PSICOFARMACOLOGIA APLICADA \u2013 MANEJO PR\u00c1TICO DOS TRANSTORNOS MENTAIS apresenta 3 autores, 22 colaboradores e 14 cap\u00edtulos, em um total de 455 p\u00e1ginas.<\/p>\n<p>Seu p\u00fablico-leitor \u00e9 formado por Psiquiatras, Neurologistas, Residentes de Psiquiatria e de Neurologia e, eventualmente, M\u00e9dicos Generalistas e de Medicina de Fam\u00edlia.<\/p>\n","protected":false},"excerpt":{"rendered":"<p>PSICOFARMACOLOGIA APLICADA \u2013 MANEJO PR\u00c1TICO DOS TRANSTORNOS MENTAIS \u00e9 livro que alcan\u00e7a sua 3\u00aa edi\u00e7\u00e3o, integralmente revisto, atualizado e ampliado. A obra repercute os conhecimentos, a pr\u00e1tica e a expressiva casu\u00edstica dos servi\u00e7os de Interconsultas e Ambulatoriais do Instituto de Psiquiatria do Hospital das Cl\u00ednicas da Faculdade de Medicina da Universidade de S\u00e3o Paulo (IP\/FMUSP).&hellip;&nbsp;<a href=\"https:\/\/livrariadocampus.com.br\/loja\/produto\/psicofarmacologia-aplicada-manejo-pratico-dos-transtornos-mentais-3a-edicao-2024\/\" class=\"\" rel=\"bookmark\">Continue a ler &raquo;<span class=\"screen-reader-text\">PSICOFARMACOLOGIA APLICADA &#8211; MANEJO PR\u00c1TICO DOS TRANSTORNOS MENTAIS &#8211; 3\u00aa EDI\u00c7\u00c3O 2024<\/span><\/a><\/p>\n","protected":false},"featured_media":7221,"template":"","meta":{"neve_meta_sidebar":"","neve_meta_container":"","neve_meta_enable_content_width":"off","neve_meta_content_width":100,"neve_meta_title_alignment":"","neve_meta_author_avatar":"","neve_post_elements_order":"","neve_meta_disable_header":"","neve_meta_disable_footer":"","neve_meta_disable_title":"","_joinchat":[]},"product_brand":[],"product_cat":[25,73],"product_tag":[351],"class_list":{"0":"post-7220","1":"product","2":"type-product","3":"status-publish","4":"has-post-thumbnail","6":"product_cat-lancamentos","7":"product_cat-psiquiatria","8":"product_tag-351","10":"first","11":"instock","12":"sold-individually","13":"shipping-taxable","14":"purchasable","15":"product-type-simple"},"jetpack_sharing_enabled":true,"_links":{"self":[{"href":"https:\/\/livrariadocampus.com.br\/loja\/wp-json\/wp\/v2\/product\/7220","targetHints":{"allow":["GET"]}}],"collection":[{"href":"https:\/\/livrariadocampus.com.br\/loja\/wp-json\/wp\/v2\/product"}],"about":[{"href":"https:\/\/livrariadocampus.com.br\/loja\/wp-json\/wp\/v2\/types\/product"}],"wp:featuredmedia":[{"embeddable":true,"href":"https:\/\/livrariadocampus.com.br\/loja\/wp-json\/wp\/v2\/media\/7221"}],"wp:attachment":[{"href":"https:\/\/livrariadocampus.com.br\/loja\/wp-json\/wp\/v2\/media?parent=7220"}],"wp:term":[{"taxonomy":"product_brand","embeddable":true,"href":"https:\/\/livrariadocampus.com.br\/loja\/wp-json\/wp\/v2\/product_brand?post=7220"},{"taxonomy":"product_cat","embeddable":true,"href":"https:\/\/livrariadocampus.com.br\/loja\/wp-json\/wp\/v2\/product_cat?post=7220"},{"taxonomy":"product_tag","embeddable":true,"href":"https:\/\/livrariadocampus.com.br\/loja\/wp-json\/wp\/v2\/product_tag?post=7220"}],"curies":[{"name":"wp","href":"https:\/\/api.w.org\/{rel}","templated":true}]}}