{"id":7152,"date":"2023-09-12T15:54:29","date_gmt":"2023-09-12T18:54:29","guid":{"rendered":"https:\/\/livrariadocampus.com.br\/loja\/?post_type=product&#038;p=7152"},"modified":"2024-09-23T15:46:16","modified_gmt":"2024-09-23T18:46:16","slug":"radiologia-diagnostica-pratica-portuguese-edition-portuguesa-por-luciana-zattar-autor-publio-cesar-cavalcante-viana-autor-giovanni-guido-cerri","status":"publish","type":"product","link":"https:\/\/livrariadocampus.com.br\/loja\/produto\/radiologia-diagnostica-pratica-portuguese-edition-portuguesa-por-luciana-zattar-autor-publio-cesar-cavalcante-viana-autor-giovanni-guido-cerri\/","title":{"rendered":"Radiologia diagn\u00f3stica pr\u00e1tica (Portuguese Edition Portuguesa  por Luciana Zattar (Autor), P\u00fablio Cesar Cavalcante Viana (Autor), Giovanni Guido Cerri PROMO\u00c7\u00c3O"},"content":{"rendered":"<p> Exp\u00f5e o conte\u00fado de maneira pr\u00e1tica, em linguagem simples e objetiva, organizado em t\u00f3picos que facilitam o aprendizado e a consulta.<br \/>\n\u2022 Descrever os princ\u00edpios f\u00edsicos b\u00e1sicos de cada m\u00e9todo de imagem, incluindo radiografia simples, tomografia computadorizada, resson\u00e2ncia magn\u00e9tica e suas sequ\u00eancias, bem como os exames de Medicina Nuclear.<br \/>\n\u2022 Abrange tanto a anatomia e os achados normais aos exames de imagem quanto o diagn\u00f3stico das principais afec\u00e7\u00f5es das diversas \u00e1reas de atua\u00e7\u00e3o da Radiologia, incluindo altera\u00e7\u00f5es subcl\u00ednicas e apresenta\u00e7\u00f5es raras e pouco conhecidas.<br \/>\n\u2022 Aborda diagn\u00f3sticos diferenciais de doen\u00e7as cong\u00eanitas a adquiridas, e les\u00f5es benignas e malignas de todos os \u00f3rg\u00e3os e sistemas do corpo, com brilho cl\u00ednico-radiol\u00f3gico.<br \/>\n\u2022 Apresenta conte\u00fado atualizado de acordo com as mais recentes diretrizes internacionais.<br \/>\n\u2022 \u00c9 ricamente ilustrado com mais de 2.400 figuras, incluindo esquemas e imagens de exames dos diferentes m\u00e9todos que comp\u00f5em a proped\u00eautica radiol\u00f3gica.<br \/>\n\u2022 Possui plataforma digital exclusiva com v\u00eddeos de exames que auxiliam na assimila\u00e7\u00e3o do conte\u00fado.<br \/>\nConsulte Mais informa\u00e7\u00e3o<\/p>\n","protected":false},"excerpt":{"rendered":"<p>Exp\u00f5e o conte\u00fado de maneira pr\u00e1tica, em linguagem simples e objetiva, organizado em t\u00f3picos que facilitam o aprendizado e a consulta. \u2022 Descrever os princ\u00edpios f\u00edsicos b\u00e1sicos de cada m\u00e9todo de imagem, incluindo radiografia simples, tomografia computadorizada, resson\u00e2ncia magn\u00e9tica e suas sequ\u00eancias, bem como os exames de Medicina Nuclear. \u2022 Abrange tanto a anatomia e&hellip;&nbsp;<a href=\"https:\/\/livrariadocampus.com.br\/loja\/produto\/radiologia-diagnostica-pratica-portuguese-edition-portuguesa-por-luciana-zattar-autor-publio-cesar-cavalcante-viana-autor-giovanni-guido-cerri\/\" class=\"\" rel=\"bookmark\">Continue a ler &raquo;<span class=\"screen-reader-text\">Radiologia diagn\u00f3stica pr\u00e1tica (Portuguese Edition Portuguesa  por Luciana Zattar (Autor), P\u00fablio Cesar Cavalcante Viana (Autor), Giovanni Guido Cerri PROMO\u00c7\u00c3O<\/span><\/a><\/p>\n","protected":false},"featured_media":7153,"template":"","meta":{"neve_meta_sidebar":"","neve_meta_container":"","neve_meta_enable_content_width":"off","neve_meta_content_width":100,"neve_meta_title_alignment":"","neve_meta_author_avatar":"","neve_post_elements_order":"","neve_meta_disable_header":"","neve_meta_disable_footer":"","neve_meta_disable_title":"","_joinchat":[]},"product_brand":[],"product_cat":[206],"product_tag":[298],"class_list":{"0":"post-7152","1":"product","2":"type-product","3":"status-publish","4":"has-post-thumbnail","6":"product_cat-radiologia","7":"product_tag-298","9":"first","10":"instock","11":"sold-individually","12":"shipping-taxable","13":"purchasable","14":"product-type-simple"},"jetpack_sharing_enabled":true,"_links":{"self":[{"href":"https:\/\/livrariadocampus.com.br\/loja\/wp-json\/wp\/v2\/product\/7152","targetHints":{"allow":["GET"]}}],"collection":[{"href":"https:\/\/livrariadocampus.com.br\/loja\/wp-json\/wp\/v2\/product"}],"about":[{"href":"https:\/\/livrariadocampus.com.br\/loja\/wp-json\/wp\/v2\/types\/product"}],"wp:featuredmedia":[{"embeddable":true,"href":"https:\/\/livrariadocampus.com.br\/loja\/wp-json\/wp\/v2\/media\/7153"}],"wp:attachment":[{"href":"https:\/\/livrariadocampus.com.br\/loja\/wp-json\/wp\/v2\/media?parent=7152"}],"wp:term":[{"taxonomy":"product_brand","embeddable":true,"href":"https:\/\/livrariadocampus.com.br\/loja\/wp-json\/wp\/v2\/product_brand?post=7152"},{"taxonomy":"product_cat","embeddable":true,"href":"https:\/\/livrariadocampus.com.br\/loja\/wp-json\/wp\/v2\/product_cat?post=7152"},{"taxonomy":"product_tag","embeddable":true,"href":"https:\/\/livrariadocampus.com.br\/loja\/wp-json\/wp\/v2\/product_tag?post=7152"}],"curies":[{"name":"wp","href":"https:\/\/api.w.org\/{rel}","templated":true}]}}