{"id":7146,"date":"2023-09-06T16:06:17","date_gmt":"2023-09-06T19:06:17","guid":{"rendered":"https:\/\/livrariadocampus.com.br\/loja\/?post_type=product&#038;p=7146"},"modified":"2024-09-24T17:52:13","modified_gmt":"2024-09-24T20:52:13","slug":"catarata-capa-dura-edicao-portugues-por-padilha-autor-promocao","status":"publish","type":"product","link":"https:\/\/livrariadocampus.com.br\/loja\/produto\/catarata-capa-dura-edicao-portugues-por-padilha-autor-promocao\/","title":{"rendered":"Catarata Capa dura \u2013  Edi\u00e7\u00e3o Portugu\u00eas  por Padilha (Autor)  PROMO\u00c7\u00c3O"},"content":{"rendered":"<p>Este volume re\u00fane trabalhos com discuss\u00f5es sobre t\u00e9cnicas e processos em constante questionamento no campo da Oftalmologia contempor\u00e2nea. Um processo de evolu\u00e7\u00e3o encontra-se em marcha e, especificamente no \u00e2mbito da catarata, observamos mudan\u00e7as que nos obrigam a um permanente reciclar de conhecimentos, reavaliar posi\u00e7\u00f5es, comparar resultados e, quando irrefut\u00e1veis, aceitar novos paradigmas que nos s\u00e3o oferecidos. Parceria Comercial das Editoras Guanabara Koogan e Cultura M\u00e9dica<br \/>\n   Relatar informa\u00e7\u00f5es incorretas sobre o produto.<br \/>\nISBN-10<\/p>\n","protected":false},"excerpt":{"rendered":"<p>Este volume re\u00fane trabalhos com discuss\u00f5es sobre t\u00e9cnicas e processos em constante questionamento no campo da Oftalmologia contempor\u00e2nea. Um processo de evolu\u00e7\u00e3o encontra-se em marcha e, especificamente no \u00e2mbito da catarata, observamos mudan\u00e7as que nos obrigam a um permanente reciclar de conhecimentos, reavaliar posi\u00e7\u00f5es, comparar resultados e, quando irrefut\u00e1veis, aceitar novos paradigmas que nos s\u00e3o&hellip;&nbsp;<a href=\"https:\/\/livrariadocampus.com.br\/loja\/produto\/catarata-capa-dura-edicao-portugues-por-padilha-autor-promocao\/\" class=\"\" rel=\"bookmark\">Continue a ler &raquo;<span class=\"screen-reader-text\">Catarata Capa dura \u2013  Edi\u00e7\u00e3o Portugu\u00eas  por Padilha (Autor)  PROMO\u00c7\u00c3O<\/span><\/a><\/p>\n","protected":false},"featured_media":7147,"template":"","meta":{"neve_meta_sidebar":"","neve_meta_container":"","neve_meta_enable_content_width":"off","neve_meta_content_width":100,"neve_meta_title_alignment":"","neve_meta_author_avatar":"","neve_post_elements_order":"","neve_meta_disable_header":"","neve_meta_disable_footer":"","neve_meta_disable_title":"","_joinchat":[]},"product_brand":[],"product_cat":[236],"product_tag":[],"class_list":{"0":"post-7146","1":"product","2":"type-product","3":"status-publish","4":"has-post-thumbnail","6":"product_cat-oftalmologia","8":"first","9":"instock","10":"sold-individually","11":"shipping-taxable","12":"purchasable","13":"product-type-simple"},"jetpack_sharing_enabled":true,"_links":{"self":[{"href":"https:\/\/livrariadocampus.com.br\/loja\/wp-json\/wp\/v2\/product\/7146","targetHints":{"allow":["GET"]}}],"collection":[{"href":"https:\/\/livrariadocampus.com.br\/loja\/wp-json\/wp\/v2\/product"}],"about":[{"href":"https:\/\/livrariadocampus.com.br\/loja\/wp-json\/wp\/v2\/types\/product"}],"wp:featuredmedia":[{"embeddable":true,"href":"https:\/\/livrariadocampus.com.br\/loja\/wp-json\/wp\/v2\/media\/7147"}],"wp:attachment":[{"href":"https:\/\/livrariadocampus.com.br\/loja\/wp-json\/wp\/v2\/media?parent=7146"}],"wp:term":[{"taxonomy":"product_brand","embeddable":true,"href":"https:\/\/livrariadocampus.com.br\/loja\/wp-json\/wp\/v2\/product_brand?post=7146"},{"taxonomy":"product_cat","embeddable":true,"href":"https:\/\/livrariadocampus.com.br\/loja\/wp-json\/wp\/v2\/product_cat?post=7146"},{"taxonomy":"product_tag","embeddable":true,"href":"https:\/\/livrariadocampus.com.br\/loja\/wp-json\/wp\/v2\/product_tag?post=7146"}],"curies":[{"name":"wp","href":"https:\/\/api.w.org\/{rel}","templated":true}]}}