{"id":7144,"date":"2023-09-06T15:59:13","date_gmt":"2023-09-06T18:59:13","guid":{"rendered":"https:\/\/livrariadocampus.com.br\/loja\/?post_type=product&#038;p=7144"},"modified":"2024-09-24T17:52:27","modified_gmt":"2024-09-24T20:52:27","slug":"doencas-da-superficie-ocular-cornea-conjuntiva-e-filme-lacrimal-2015-promocao","status":"publish","type":"product","link":"https:\/\/livrariadocampus.com.br\/loja\/produto\/doencas-da-superficie-ocular-cornea-conjuntiva-e-filme-lacrimal-2015-promocao\/","title":{"rendered":"Doen\u00e7as da Superf\u00edcie Ocular: C\u00f3rnea, Conjuntiva e Filme Lacrimal  2015 PROMO\u00c7\u00c3O"},"content":{"rendered":"<p>Holland &#8211; Doen\u00e7as da Superf\u00edcie Ocular conta com um guia completo com base em evid\u00eancias para prestar cuidado aos seus pacientes, levantando os tratamentos medicamentosos e as interven\u00e7\u00f5es cir\u00fargicas mais recentes para promover os melhores desfechos com menos complica\u00e7\u00f5es. Al\u00e9m disso, o material extra presente na obra, como v\u00eddeos de procedimentos cir\u00fargicos e imagens coloridas e detalhadas, permite que voc\u00ea amplie e aprimore seus conhecimentos na \u00e1rea. Este livro tem conte\u00fado extra e gratuito em ingl\u00eas no site. Registre o c\u00f3digo que est\u00e1 no verso da capa entro deste livro e conhe\u00e7a uma nova maneira de aprender.<br \/>\n   Relatar informa\u00e7\u00f5es incorretas sobre o produto.<\/p>\n","protected":false},"excerpt":{"rendered":"<p>Holland &#8211; Doen\u00e7as da Superf\u00edcie Ocular conta com um guia completo com base em evid\u00eancias para prestar cuidado aos seus pacientes, levantando os tratamentos medicamentosos e as interven\u00e7\u00f5es cir\u00fargicas mais recentes para promover os melhores desfechos com menos complica\u00e7\u00f5es. Al\u00e9m disso, o material extra presente na obra, como v\u00eddeos de procedimentos cir\u00fargicos e imagens coloridas&hellip;&nbsp;<a href=\"https:\/\/livrariadocampus.com.br\/loja\/produto\/doencas-da-superficie-ocular-cornea-conjuntiva-e-filme-lacrimal-2015-promocao\/\" class=\"\" rel=\"bookmark\">Continue a ler &raquo;<span class=\"screen-reader-text\">Doen\u00e7as da Superf\u00edcie Ocular: C\u00f3rnea, Conjuntiva e Filme Lacrimal  2015 PROMO\u00c7\u00c3O<\/span><\/a><\/p>\n","protected":false},"featured_media":7145,"template":"","meta":{"neve_meta_sidebar":"","neve_meta_container":"","neve_meta_enable_content_width":"off","neve_meta_content_width":100,"neve_meta_title_alignment":"","neve_meta_author_avatar":"","neve_post_elements_order":"","neve_meta_disable_header":"","neve_meta_disable_footer":"","neve_meta_disable_title":"","_joinchat":[]},"product_brand":[],"product_cat":[236],"product_tag":[342],"class_list":{"0":"post-7144","1":"product","2":"type-product","3":"status-publish","4":"has-post-thumbnail","6":"product_cat-oftalmologia","7":"product_tag-342","9":"first","10":"instock","11":"sold-individually","12":"shipping-taxable","13":"purchasable","14":"product-type-simple"},"jetpack_sharing_enabled":true,"_links":{"self":[{"href":"https:\/\/livrariadocampus.com.br\/loja\/wp-json\/wp\/v2\/product\/7144","targetHints":{"allow":["GET"]}}],"collection":[{"href":"https:\/\/livrariadocampus.com.br\/loja\/wp-json\/wp\/v2\/product"}],"about":[{"href":"https:\/\/livrariadocampus.com.br\/loja\/wp-json\/wp\/v2\/types\/product"}],"wp:featuredmedia":[{"embeddable":true,"href":"https:\/\/livrariadocampus.com.br\/loja\/wp-json\/wp\/v2\/media\/7145"}],"wp:attachment":[{"href":"https:\/\/livrariadocampus.com.br\/loja\/wp-json\/wp\/v2\/media?parent=7144"}],"wp:term":[{"taxonomy":"product_brand","embeddable":true,"href":"https:\/\/livrariadocampus.com.br\/loja\/wp-json\/wp\/v2\/product_brand?post=7144"},{"taxonomy":"product_cat","embeddable":true,"href":"https:\/\/livrariadocampus.com.br\/loja\/wp-json\/wp\/v2\/product_cat?post=7144"},{"taxonomy":"product_tag","embeddable":true,"href":"https:\/\/livrariadocampus.com.br\/loja\/wp-json\/wp\/v2\/product_tag?post=7144"}],"curies":[{"name":"wp","href":"https:\/\/api.w.org\/{rel}","templated":true}]}}