{"id":7142,"date":"2023-09-06T15:53:11","date_gmt":"2023-09-06T18:53:11","guid":{"rendered":"https:\/\/livrariadocampus.com.br\/loja\/?post_type=product&#038;p=7142"},"modified":"2023-12-12T11:33:24","modified_gmt":"2023-12-12T14:33:24","slug":"cirurgia-da-catarata-promocao","status":"publish","type":"product","link":"https:\/\/livrariadocampus.com.br\/loja\/produto\/cirurgia-da-catarata-promocao\/","title":{"rendered":"Cirurgia da Catarata PROMO\u00c7\u00c3O"},"content":{"rendered":"<p>Cirurgia de Catarata \u00e9 um apanhado minucioso n\u00e3o apenas de t\u00e9cnicas e doses an\u00e9stesicas, como tamb\u00e9m de particularidades do ato cir\u00fargico. Tudo descrito passo a passo. O autor o dividiu a publica\u00e7\u00e3o em quatro partes: oftalmologia geral, cirurgia extracapsular, cirurgia extracapsular com pequena incis\u00e3o e facoemulsifica\u00e7\u00e3o.<\/p>\n<p>O livro conta com com 716 figuras que ilustram essa nova edi\u00e7\u00e3o e vem acompanhado de um DVD com diversos tipos de cirurgias, que foi produzido em detalhes e com uma excelente capta\u00e7\u00e3o de imagens. &#8220;Ter um livro atualizado de catarata \u00e9 indispens\u00e1vel na biblioteca pessoal dos oftalmologistas&#8221;, Osvaldo Cardoso de Melo.<\/p>\n","protected":false},"excerpt":{"rendered":"<p>Cirurgia de Catarata \u00e9 um apanhado minucioso n\u00e3o apenas de t\u00e9cnicas e doses an\u00e9stesicas, como tamb\u00e9m de particularidades do ato cir\u00fargico. Tudo descrito passo a passo. O autor o dividiu a publica\u00e7\u00e3o em quatro partes: oftalmologia geral, cirurgia extracapsular, cirurgia extracapsular com pequena incis\u00e3o e facoemulsifica\u00e7\u00e3o. O livro conta com com 716 figuras que ilustram&hellip;&nbsp;<a href=\"https:\/\/livrariadocampus.com.br\/loja\/produto\/cirurgia-da-catarata-promocao\/\" class=\"\" rel=\"bookmark\">Continue a ler &raquo;<span class=\"screen-reader-text\">Cirurgia da Catarata PROMO\u00c7\u00c3O<\/span><\/a><\/p>\n","protected":false},"featured_media":7143,"template":"","meta":{"neve_meta_sidebar":"","neve_meta_container":"","neve_meta_enable_content_width":"off","neve_meta_content_width":100,"neve_meta_title_alignment":"","neve_meta_author_avatar":"","neve_post_elements_order":"","neve_meta_disable_header":"","neve_meta_disable_footer":"","neve_meta_disable_title":"","_joinchat":[]},"product_brand":[],"product_cat":[236],"product_tag":[341],"class_list":{"0":"post-7142","1":"product","2":"type-product","3":"status-publish","4":"has-post-thumbnail","6":"product_cat-oftalmologia","7":"product_tag-341","9":"first","10":"instock","11":"sale","12":"sold-individually","13":"shipping-taxable","14":"purchasable","15":"product-type-simple"},"jetpack_sharing_enabled":true,"_links":{"self":[{"href":"https:\/\/livrariadocampus.com.br\/loja\/wp-json\/wp\/v2\/product\/7142","targetHints":{"allow":["GET"]}}],"collection":[{"href":"https:\/\/livrariadocampus.com.br\/loja\/wp-json\/wp\/v2\/product"}],"about":[{"href":"https:\/\/livrariadocampus.com.br\/loja\/wp-json\/wp\/v2\/types\/product"}],"wp:featuredmedia":[{"embeddable":true,"href":"https:\/\/livrariadocampus.com.br\/loja\/wp-json\/wp\/v2\/media\/7143"}],"wp:attachment":[{"href":"https:\/\/livrariadocampus.com.br\/loja\/wp-json\/wp\/v2\/media?parent=7142"}],"wp:term":[{"taxonomy":"product_brand","embeddable":true,"href":"https:\/\/livrariadocampus.com.br\/loja\/wp-json\/wp\/v2\/product_brand?post=7142"},{"taxonomy":"product_cat","embeddable":true,"href":"https:\/\/livrariadocampus.com.br\/loja\/wp-json\/wp\/v2\/product_cat?post=7142"},{"taxonomy":"product_tag","embeddable":true,"href":"https:\/\/livrariadocampus.com.br\/loja\/wp-json\/wp\/v2\/product_tag?post=7142"}],"curies":[{"name":"wp","href":"https:\/\/api.w.org\/{rel}","templated":true}]}}