{"id":7125,"date":"2023-08-28T16:11:39","date_gmt":"2023-08-28T19:11:39","guid":{"rendered":"https:\/\/livrariadocampus.com.br\/loja\/?post_type=product&#038;p=7125"},"modified":"2023-08-28T16:29:19","modified_gmt":"2023-08-28T19:29:19","slug":"diagnostico-em-dermatologia-por-maurice-moelleken-autor-joachim-dissemond-autor-2023","status":"publish","type":"product","link":"https:\/\/livrariadocampus.com.br\/loja\/produto\/diagnostico-em-dermatologia-por-maurice-moelleken-autor-joachim-dissemond-autor-2023\/","title":{"rendered":"Diagn\u00f3stico Em Dermatologia por Maurice Moelleken (Autor), Joachim Dissemond (Autor) 2023"},"content":{"rendered":"<p>Entre todas as \u00e1reas da medicina, a Dermatologia certamente \u00e9 a que mais necessita de diagn\u00f3stico visual. Com base nessa avalia\u00e7\u00e3o inicial, \u00e9 poss\u00edvel fazer as investiga\u00e7\u00f5es e os encaminhamentos corretos, e isso faz com que o diagn\u00f3stico visual dermatol\u00f3gico seja de grande import\u00e2ncia n\u00e3o apenas para dermatologistas, mas para todo m\u00e9dico que examine as \u00e1reas da pele e suas particularidades.Diagn\u00f3stico em Dermatologia \u00e9, portanto, a obra ideal para aqueles que desejam uma ferramenta pr\u00e1tica, de manuseio r\u00e1pido e bem ilustrada para consultas e orienta\u00e7\u00f5es. Editada de maneira estrat\u00e9gica, possibilita a visualiza\u00e7\u00e3o simult\u00e2nea de texto e imagem, facilitando as adequadas correla\u00e7\u00f5es.Oferece, ainda, uma vis\u00e3o geral dos quadros cl\u00ednicos dermatol\u00f3gicos mais importantes e prevalentes, incluindo infec\u00e7\u00f5es, alergias, angiopatias, rea\u00e7\u00f5es medicamentosas e outras doen\u00e7as cut\u00e2neas.?<br \/>\n   Relatar informa\u00e7\u00f5es incorretas sobre o produto.<\/p>\n","protected":false},"excerpt":{"rendered":"<p>Entre todas as \u00e1reas da medicina, a Dermatologia certamente \u00e9 a que mais necessita de diagn\u00f3stico visual. Com base nessa avalia\u00e7\u00e3o inicial, \u00e9 poss\u00edvel fazer as investiga\u00e7\u00f5es e os encaminhamentos corretos, e isso faz com que o diagn\u00f3stico visual dermatol\u00f3gico seja de grande import\u00e2ncia n\u00e3o apenas para dermatologistas, mas para todo m\u00e9dico que examine as&hellip;&nbsp;<a href=\"https:\/\/livrariadocampus.com.br\/loja\/produto\/diagnostico-em-dermatologia-por-maurice-moelleken-autor-joachim-dissemond-autor-2023\/\" class=\"\" rel=\"bookmark\">Continue a ler &raquo;<span class=\"screen-reader-text\">Diagn\u00f3stico Em Dermatologia por Maurice Moelleken (Autor), Joachim Dissemond (Autor) 2023<\/span><\/a><\/p>\n","protected":false},"featured_media":7126,"template":"","meta":{"neve_meta_sidebar":"","neve_meta_container":"","neve_meta_enable_content_width":"off","neve_meta_content_width":100,"neve_meta_title_alignment":"","neve_meta_author_avatar":"","neve_post_elements_order":"","neve_meta_disable_header":"","neve_meta_disable_footer":"","neve_meta_disable_title":"","_joinchat":[]},"product_brand":[],"product_cat":[15],"product_tag":[338],"class_list":{"0":"post-7125","1":"product","2":"type-product","3":"status-publish","4":"has-post-thumbnail","6":"product_cat-outros","7":"product_tag-338","9":"first","10":"instock","11":"sold-individually","12":"shipping-taxable","13":"purchasable","14":"product-type-simple"},"jetpack_sharing_enabled":true,"_links":{"self":[{"href":"https:\/\/livrariadocampus.com.br\/loja\/wp-json\/wp\/v2\/product\/7125","targetHints":{"allow":["GET"]}}],"collection":[{"href":"https:\/\/livrariadocampus.com.br\/loja\/wp-json\/wp\/v2\/product"}],"about":[{"href":"https:\/\/livrariadocampus.com.br\/loja\/wp-json\/wp\/v2\/types\/product"}],"wp:featuredmedia":[{"embeddable":true,"href":"https:\/\/livrariadocampus.com.br\/loja\/wp-json\/wp\/v2\/media\/7126"}],"wp:attachment":[{"href":"https:\/\/livrariadocampus.com.br\/loja\/wp-json\/wp\/v2\/media?parent=7125"}],"wp:term":[{"taxonomy":"product_brand","embeddable":true,"href":"https:\/\/livrariadocampus.com.br\/loja\/wp-json\/wp\/v2\/product_brand?post=7125"},{"taxonomy":"product_cat","embeddable":true,"href":"https:\/\/livrariadocampus.com.br\/loja\/wp-json\/wp\/v2\/product_cat?post=7125"},{"taxonomy":"product_tag","embeddable":true,"href":"https:\/\/livrariadocampus.com.br\/loja\/wp-json\/wp\/v2\/product_tag?post=7125"}],"curies":[{"name":"wp","href":"https:\/\/api.w.org\/{rel}","templated":true}]}}