{"id":7123,"date":"2023-08-28T16:08:17","date_gmt":"2023-08-28T19:08:17","guid":{"rendered":"https:\/\/livrariadocampus.com.br\/loja\/?post_type=product&#038;p=7123"},"modified":"2024-01-15T12:18:13","modified_gmt":"2024-01-15T15:18:13","slug":"endocrinologia-casos-clinicos-comentados-por-lucio-vilar-autor-ruy-lyra-autor-luciano-albuquerque-autor-et-al-autor2023","status":"publish","type":"product","link":"https:\/\/livrariadocampus.com.br\/loja\/produto\/endocrinologia-casos-clinicos-comentados-por-lucio-vilar-autor-ruy-lyra-autor-luciano-albuquerque-autor-et-al-autor2023\/","title":{"rendered":"Endocrinologia &#8211; Casos Cl\u00ednicos Comentados por Lucio Vilar (Autor), Ruy Lyra (Autor), Luciano Albuquerque (Autor), et al (Autor)2023"},"content":{"rendered":"<p>Com mais de 400 casos cl\u00ednicos comentados e avaliados por grandes especialistas, Endocrinologia: Casos Cl\u00ednicos Comentados apresenta e discute quest\u00f5es relevantes, atuais, frequentes e basilares, utilizando a mesma metodologia dessas provas.<\/p>\n<p>Este \u00e9, sem d\u00favida, um material necess\u00e1rio para alunos de gradua\u00e7\u00e3o em Medicina, e o mais indicado para quem deseja treinar e garantir o sucesso em sua carreira profissional.<\/p>\n","protected":false},"excerpt":{"rendered":"<p>Com mais de 400 casos cl\u00ednicos comentados e avaliados por grandes especialistas, Endocrinologia: Casos Cl\u00ednicos Comentados apresenta e discute quest\u00f5es relevantes, atuais, frequentes e basilares, utilizando a mesma metodologia dessas provas. Este \u00e9, sem d\u00favida, um material necess\u00e1rio para alunos de gradua\u00e7\u00e3o em Medicina, e o mais indicado para quem deseja treinar e garantir o&hellip;&nbsp;<a href=\"https:\/\/livrariadocampus.com.br\/loja\/produto\/endocrinologia-casos-clinicos-comentados-por-lucio-vilar-autor-ruy-lyra-autor-luciano-albuquerque-autor-et-al-autor2023\/\" class=\"\" rel=\"bookmark\">Continue a ler &raquo;<span class=\"screen-reader-text\">Endocrinologia &#8211; Casos Cl\u00ednicos Comentados por Lucio Vilar (Autor), Ruy Lyra (Autor), Luciano Albuquerque (Autor), et al (Autor)2023<\/span><\/a><\/p>\n","protected":false},"featured_media":7124,"template":"","meta":{"neve_meta_sidebar":"","neve_meta_container":"","neve_meta_enable_content_width":"off","neve_meta_content_width":100,"neve_meta_title_alignment":"","neve_meta_author_avatar":"","neve_post_elements_order":"","neve_meta_disable_header":"","neve_meta_disable_footer":"","neve_meta_disable_title":"","_joinchat":[]},"product_brand":[],"product_cat":[58,195,25],"product_tag":[337],"class_list":{"0":"post-7123","1":"product","2":"type-product","3":"status-publish","4":"has-post-thumbnail","6":"product_cat-clinica-medica","7":"product_cat-endocrinologia","8":"product_cat-lancamentos","9":"product_tag-337","11":"first","12":"instock","13":"sold-individually","14":"shipping-taxable","15":"purchasable","16":"product-type-simple"},"jetpack_sharing_enabled":true,"_links":{"self":[{"href":"https:\/\/livrariadocampus.com.br\/loja\/wp-json\/wp\/v2\/product\/7123","targetHints":{"allow":["GET"]}}],"collection":[{"href":"https:\/\/livrariadocampus.com.br\/loja\/wp-json\/wp\/v2\/product"}],"about":[{"href":"https:\/\/livrariadocampus.com.br\/loja\/wp-json\/wp\/v2\/types\/product"}],"wp:featuredmedia":[{"embeddable":true,"href":"https:\/\/livrariadocampus.com.br\/loja\/wp-json\/wp\/v2\/media\/7124"}],"wp:attachment":[{"href":"https:\/\/livrariadocampus.com.br\/loja\/wp-json\/wp\/v2\/media?parent=7123"}],"wp:term":[{"taxonomy":"product_brand","embeddable":true,"href":"https:\/\/livrariadocampus.com.br\/loja\/wp-json\/wp\/v2\/product_brand?post=7123"},{"taxonomy":"product_cat","embeddable":true,"href":"https:\/\/livrariadocampus.com.br\/loja\/wp-json\/wp\/v2\/product_cat?post=7123"},{"taxonomy":"product_tag","embeddable":true,"href":"https:\/\/livrariadocampus.com.br\/loja\/wp-json\/wp\/v2\/product_tag?post=7123"}],"curies":[{"name":"wp","href":"https:\/\/api.w.org\/{rel}","templated":true}]}}