{"id":7121,"date":"2023-08-28T15:59:06","date_gmt":"2023-08-28T18:59:06","guid":{"rendered":"https:\/\/livrariadocampus.com.br\/loja\/?post_type=product&#038;p=7121"},"modified":"2023-08-28T15:59:07","modified_gmt":"2023-08-28T18:59:07","slug":"manual-de-cardiologia-intensiva-por-david-l-brown-autor-david-warriner-autor-2023","status":"publish","type":"product","link":"https:\/\/livrariadocampus.com.br\/loja\/produto\/manual-de-cardiologia-intensiva-por-david-l-brown-autor-david-warriner-autor-2023\/","title":{"rendered":"Manual de Cardiologia Intensiva por David L. Brown (Autor), David Warriner (Autor) 2023"},"content":{"rendered":"<p>Este manual oferece orienta\u00e7\u00f5es precisas sobre cuidados intensivos de pacientes com cardiopatias graves: infarto agudo do mioc\u00e1rdio, insufici\u00eancia card\u00edaca, choque cardiog\u00eanico e suas complica\u00e7\u00f5es, incluindo insufici\u00eancia respirat\u00f3ria e renal.Repleto de imagens radiogr\u00e1ficas, ilustra\u00e7\u00f5es anat\u00f4micas e algoritmos, o livro auxilia a evitar equ\u00edvocos comuns na pr\u00e1tica di\u00e1ria. Al\u00e9m disso, descreve os principais procedimentos realizados em unidades de terapia intensiva, como acessos vasculares, estimula\u00e7\u00e3o card\u00edaca, monitoramento hemodin\u00e2mico invasivo e pericardiocentese, e aborda temas de atual destaque, como covid-19, miocardite fulminante, cardiomiopatia de Takotsubo e muito mais.Indicado para cardiologistas, intensivistas e demais profissionais de sa\u00fade respons\u00e1veis pelo cuidado de pacientes cr\u00edticos com doen\u00e7as cardiovasculares, Manual de Cardiologia Intensiva \u00e9 uma excelente ferramenta de estudo e consulta.<\/p>\n","protected":false},"excerpt":{"rendered":"<p>Este manual oferece orienta\u00e7\u00f5es precisas sobre cuidados intensivos de pacientes com cardiopatias graves: infarto agudo do mioc\u00e1rdio, insufici\u00eancia card\u00edaca, choque cardiog\u00eanico e suas complica\u00e7\u00f5es, incluindo insufici\u00eancia respirat\u00f3ria e renal.Repleto de imagens radiogr\u00e1ficas, ilustra\u00e7\u00f5es anat\u00f4micas e algoritmos, o livro auxilia a evitar equ\u00edvocos comuns na pr\u00e1tica di\u00e1ria. Al\u00e9m disso, descreve os principais procedimentos realizados em unidades&hellip;&nbsp;<a href=\"https:\/\/livrariadocampus.com.br\/loja\/produto\/manual-de-cardiologia-intensiva-por-david-l-brown-autor-david-warriner-autor-2023\/\" class=\"\" rel=\"bookmark\">Continue a ler &raquo;<span class=\"screen-reader-text\">Manual de Cardiologia Intensiva por David L. Brown (Autor), David Warriner (Autor) 2023<\/span><\/a><\/p>\n","protected":false},"featured_media":7122,"template":"","meta":{"neve_meta_sidebar":"","neve_meta_container":"","neve_meta_enable_content_width":"off","neve_meta_content_width":100,"neve_meta_title_alignment":"","neve_meta_author_avatar":"","neve_post_elements_order":"","neve_meta_disable_header":"","neve_meta_disable_footer":"","neve_meta_disable_title":"","_joinchat":[]},"product_brand":[],"product_cat":[65,25,124],"product_tag":[336],"class_list":{"0":"post-7121","1":"product","2":"type-product","3":"status-publish","4":"has-post-thumbnail","6":"product_cat-cardiologia","7":"product_cat-lancamentos","8":"product_cat-terapia-intensiva-medicina-de","9":"product_tag-336","11":"first","12":"instock","13":"shipping-taxable","14":"purchasable","15":"product-type-simple"},"jetpack_sharing_enabled":true,"_links":{"self":[{"href":"https:\/\/livrariadocampus.com.br\/loja\/wp-json\/wp\/v2\/product\/7121","targetHints":{"allow":["GET"]}}],"collection":[{"href":"https:\/\/livrariadocampus.com.br\/loja\/wp-json\/wp\/v2\/product"}],"about":[{"href":"https:\/\/livrariadocampus.com.br\/loja\/wp-json\/wp\/v2\/types\/product"}],"wp:featuredmedia":[{"embeddable":true,"href":"https:\/\/livrariadocampus.com.br\/loja\/wp-json\/wp\/v2\/media\/7122"}],"wp:attachment":[{"href":"https:\/\/livrariadocampus.com.br\/loja\/wp-json\/wp\/v2\/media?parent=7121"}],"wp:term":[{"taxonomy":"product_brand","embeddable":true,"href":"https:\/\/livrariadocampus.com.br\/loja\/wp-json\/wp\/v2\/product_brand?post=7121"},{"taxonomy":"product_cat","embeddable":true,"href":"https:\/\/livrariadocampus.com.br\/loja\/wp-json\/wp\/v2\/product_cat?post=7121"},{"taxonomy":"product_tag","embeddable":true,"href":"https:\/\/livrariadocampus.com.br\/loja\/wp-json\/wp\/v2\/product_tag?post=7121"}],"curies":[{"name":"wp","href":"https:\/\/api.w.org\/{rel}","templated":true}]}}