{"id":7101,"date":"2023-07-12T16:58:34","date_gmt":"2023-07-12T19:58:34","guid":{"rendered":"https:\/\/livrariadocampus.com.br\/loja\/?post_type=product&#038;p=7101"},"modified":"2024-09-27T17:17:01","modified_gmt":"2024-09-27T20:17:01","slug":"tratado-de-med-interna-de-caes-e-gatos-vol-2-2023-jerico-autorpromocao-em-8-x-s-acressimo-joao-pedro-de-andrade-neto-lancamento","status":"publish","type":"product","link":"https:\/\/livrariadocampus.com.br\/loja\/produto\/tratado-de-med-interna-de-caes-e-gatos-vol-2-2023-jerico-autorpromocao-em-8-x-s-acressimo-joao-pedro-de-andrade-neto-lancamento\/","title":{"rendered":"Tratado de Med. Interna de C\u00e3es e Gatos &#8211; Vol.2  2023  Jeric\u00f3 (Autor),PROMO\u00c7\u00c3O EM 8 X S\/ ACRESSIMO  Jo\u00e3o Pedro de Andrade Neto) LAN\u00c7AMENTO FRETE GRATIS"},"content":{"rendered":"<p>Ap\u00f3s o enorme sucesso da primeira edi\u00e7\u00e3o, que se tornou refer\u00eancia em medicina veterin\u00e1ria no Brasil, Tratado de Medicina Interna de C\u00e3es e Gatos chega \u00e0 sua segunda edi\u00e7\u00e3o, revisada, ampliada e atualizada.<\/p>\n<p>Mantendo o prop\u00f3sito de fornecer, em um \u00fanico material, todas as in forma\u00e7\u00f5es relativas \u00e0s diferentes especialidades da \u00e1rea, esta edi\u00e7\u00e3o re\u00fane colaboradores renomados e capacitados para abordar temas como: doen\u00e7as dos sistemas cardiovascular, digest\u00f3rio, urin\u00e1rio, end\u00f3crino, respirat\u00f3rio, nervoso e reprodutivo; neonatologia; oncologia; toxicologia; nutri\u00e7\u00e3o; doen\u00e7as infecciosas e parasit\u00e1rias; imunologia e imunoprofilaxia; manejo e controle da dor; entre outros. Assuntos importantes, como responsabilidade profissional e medicina legal, tamb\u00e9m s\u00e3o apresentados com rigor cient\u00edfico, mas de maneira did\u00e1tica.<\/p>\n<p>Indicada a acad\u00eamicos e profissionais de medicina veterin\u00e1ria, esta obra auxilia na tomada de decis\u00f5es em situa\u00e7\u00f5es inesperadas do dia a dia, al\u00e9m de promover o merecido reconhecimento do profissionalismo impec\u00e1vel que vem sendo implementado na cl\u00ednica de c\u00e3es e gatos.<\/p>\n<p>Leia mais<\/p>\n","protected":false},"excerpt":{"rendered":"<p>Ap\u00f3s o enorme sucesso da primeira edi\u00e7\u00e3o, que se tornou refer\u00eancia em medicina veterin\u00e1ria no Brasil, Tratado de Medicina Interna de C\u00e3es e Gatos chega \u00e0 sua segunda edi\u00e7\u00e3o, revisada, ampliada e atualizada. Mantendo o prop\u00f3sito de fornecer, em um \u00fanico material, todas as in forma\u00e7\u00f5es relativas \u00e0s diferentes especialidades da \u00e1rea, esta edi\u00e7\u00e3o re\u00fane&hellip;&nbsp;<a href=\"https:\/\/livrariadocampus.com.br\/loja\/produto\/tratado-de-med-interna-de-caes-e-gatos-vol-2-2023-jerico-autorpromocao-em-8-x-s-acressimo-joao-pedro-de-andrade-neto-lancamento\/\" class=\"\" rel=\"bookmark\">Continue a ler &raquo;<span class=\"screen-reader-text\">Tratado de Med. Interna de C\u00e3es e Gatos &#8211; Vol.2  2023  Jeric\u00f3 (Autor),PROMO\u00c7\u00c3O EM 8 X S\/ ACRESSIMO  Jo\u00e3o Pedro de Andrade Neto) LAN\u00c7AMENTO FRETE GRATIS<\/span><\/a><\/p>\n","protected":false},"featured_media":7102,"template":"","meta":{"neve_meta_sidebar":"","neve_meta_container":"","neve_meta_enable_content_width":"off","neve_meta_content_width":100,"neve_meta_title_alignment":"","neve_meta_author_avatar":"","neve_post_elements_order":"","neve_meta_disable_header":"","neve_meta_disable_footer":"","neve_meta_disable_title":"","_joinchat":[]},"product_brand":[],"product_cat":[25,253],"product_tag":[334],"class_list":{"0":"post-7101","1":"product","2":"type-product","3":"status-publish","4":"has-post-thumbnail","6":"product_cat-lancamentos","7":"product_cat-veterinaria-e-zootecnia","8":"product_tag-334","10":"first","11":"instock","12":"sold-individually","13":"shipping-taxable","14":"purchasable","15":"product-type-simple"},"jetpack_sharing_enabled":true,"_links":{"self":[{"href":"https:\/\/livrariadocampus.com.br\/loja\/wp-json\/wp\/v2\/product\/7101","targetHints":{"allow":["GET"]}}],"collection":[{"href":"https:\/\/livrariadocampus.com.br\/loja\/wp-json\/wp\/v2\/product"}],"about":[{"href":"https:\/\/livrariadocampus.com.br\/loja\/wp-json\/wp\/v2\/types\/product"}],"wp:featuredmedia":[{"embeddable":true,"href":"https:\/\/livrariadocampus.com.br\/loja\/wp-json\/wp\/v2\/media\/7102"}],"wp:attachment":[{"href":"https:\/\/livrariadocampus.com.br\/loja\/wp-json\/wp\/v2\/media?parent=7101"}],"wp:term":[{"taxonomy":"product_brand","embeddable":true,"href":"https:\/\/livrariadocampus.com.br\/loja\/wp-json\/wp\/v2\/product_brand?post=7101"},{"taxonomy":"product_cat","embeddable":true,"href":"https:\/\/livrariadocampus.com.br\/loja\/wp-json\/wp\/v2\/product_cat?post=7101"},{"taxonomy":"product_tag","embeddable":true,"href":"https:\/\/livrariadocampus.com.br\/loja\/wp-json\/wp\/v2\/product_tag?post=7101"}],"curies":[{"name":"wp","href":"https:\/\/api.w.org\/{rel}","templated":true}]}}