{"id":7098,"date":"2023-07-12T16:51:48","date_gmt":"2023-07-12T19:51:48","guid":{"rendered":"https:\/\/livrariadocampus.com.br\/loja\/?post_type=product&#038;p=7098"},"modified":"2023-07-24T14:50:35","modified_gmt":"2023-07-24T17:50:35","slug":"blackbook-clinica-medica-espiral-edicao-portugues-por-reynaldo-gomes-de-oliveira-autor-editor-enio-roberto-pietra-pedroso-autor","status":"publish","type":"product","link":"https:\/\/livrariadocampus.com.br\/loja\/produto\/blackbook-clinica-medica-espiral-edicao-portugues-por-reynaldo-gomes-de-oliveira-autor-editor-enio-roberto-pietra-pedroso-autor\/","title":{"rendered":"Blackbook. Cl\u00ednica M\u00e9dica Espiral \u2013  Edi\u00e7\u00e3o Portugu\u00eas  por Reynaldo Gomes de Oliveira (Autor, Editor), \u00canio Roberto Pietra Pedroso (Autor)"},"content":{"rendered":"<p>Recordista de vendas, o Blackbook Cl\u00ednica M\u00e9dica chega a sua segunda edi\u00e7\u00e3o completamente atualizado e com muito mais conte\u00fado que a anterior. O livro foi totalmente reescrito, teve a compila\u00e7\u00e3o de medicamentos totalmente atualizada, ganhou diversas novas rotinas, novas especialidades e formato gr\u00e1fico ainda mais did\u00e1tico, objetivo e pr\u00e1tico. S\u00e3o 816 p\u00e1ginas com as principais informa\u00e7\u00f5es para ajudar m\u00e9dicos de todas as especialidades nos momentos mais cr\u00edticos do dia a dia profissional. A segunda edi\u00e7\u00e3o do Blackbook Cl\u00ednica M\u00e9dica \u00e9 uma excelente alternativa para quem deseja se atualizar e conhecer as melhores pr\u00e1ticas para os temas mais comuns na pr\u00e1tica di\u00e1ria.<br \/>\n   Relatar informa\u00e7\u00f5es incorretas sobre o produto.<\/p>\n","protected":false},"excerpt":{"rendered":"<p>Recordista de vendas, o Blackbook Cl\u00ednica M\u00e9dica chega a sua segunda edi\u00e7\u00e3o completamente atualizado e com muito mais conte\u00fado que a anterior. O livro foi totalmente reescrito, teve a compila\u00e7\u00e3o de medicamentos totalmente atualizada, ganhou diversas novas rotinas, novas especialidades e formato gr\u00e1fico ainda mais did\u00e1tico, objetivo e pr\u00e1tico. S\u00e3o 816 p\u00e1ginas com as principais&hellip;&nbsp;<a href=\"https:\/\/livrariadocampus.com.br\/loja\/produto\/blackbook-clinica-medica-espiral-edicao-portugues-por-reynaldo-gomes-de-oliveira-autor-editor-enio-roberto-pietra-pedroso-autor\/\" class=\"\" rel=\"bookmark\">Continue a ler &raquo;<span class=\"screen-reader-text\">Blackbook. Cl\u00ednica M\u00e9dica Espiral \u2013  Edi\u00e7\u00e3o Portugu\u00eas  por Reynaldo Gomes de Oliveira (Autor, Editor), \u00canio Roberto Pietra Pedroso (Autor)<\/span><\/a><\/p>\n","protected":false},"featured_media":7100,"template":"","meta":{"neve_meta_sidebar":"","neve_meta_container":"","neve_meta_enable_content_width":"off","neve_meta_content_width":100,"neve_meta_title_alignment":"","neve_meta_author_avatar":"","neve_post_elements_order":"","neve_meta_disable_header":"","neve_meta_disable_footer":"","neve_meta_disable_title":"","_joinchat":[]},"product_brand":[],"product_cat":[15],"product_tag":[333],"class_list":{"0":"post-7098","1":"product","2":"type-product","3":"status-publish","4":"has-post-thumbnail","6":"product_cat-outros","7":"product_tag-333","9":"first","10":"outofstock","11":"sale","12":"sold-individually","13":"shipping-taxable","14":"purchasable","15":"product-type-simple"},"jetpack_sharing_enabled":true,"_links":{"self":[{"href":"https:\/\/livrariadocampus.com.br\/loja\/wp-json\/wp\/v2\/product\/7098","targetHints":{"allow":["GET"]}}],"collection":[{"href":"https:\/\/livrariadocampus.com.br\/loja\/wp-json\/wp\/v2\/product"}],"about":[{"href":"https:\/\/livrariadocampus.com.br\/loja\/wp-json\/wp\/v2\/types\/product"}],"wp:featuredmedia":[{"embeddable":true,"href":"https:\/\/livrariadocampus.com.br\/loja\/wp-json\/wp\/v2\/media\/7100"}],"wp:attachment":[{"href":"https:\/\/livrariadocampus.com.br\/loja\/wp-json\/wp\/v2\/media?parent=7098"}],"wp:term":[{"taxonomy":"product_brand","embeddable":true,"href":"https:\/\/livrariadocampus.com.br\/loja\/wp-json\/wp\/v2\/product_brand?post=7098"},{"taxonomy":"product_cat","embeddable":true,"href":"https:\/\/livrariadocampus.com.br\/loja\/wp-json\/wp\/v2\/product_cat?post=7098"},{"taxonomy":"product_tag","embeddable":true,"href":"https:\/\/livrariadocampus.com.br\/loja\/wp-json\/wp\/v2\/product_tag?post=7098"}],"curies":[{"name":"wp","href":"https:\/\/api.w.org\/{rel}","templated":true}]}}