{"id":7096,"date":"2023-07-12T16:44:27","date_gmt":"2023-07-12T19:44:27","guid":{"rendered":"https:\/\/livrariadocampus.com.br\/loja\/?post_type=product&#038;p=7096"},"modified":"2025-03-28T15:43:28","modified_gmt":"2025-03-28T18:43:28","slug":"blackbook-pediatria-espiral-5-edicao-por-reynaldo-gomes-de-oliveira-autor","status":"publish","type":"product","link":"https:\/\/livrariadocampus.com.br\/loja\/produto\/blackbook-pediatria-espiral-5-edicao-por-reynaldo-gomes-de-oliveira-autor\/","title":{"rendered":"Blackbook Pediatria Espiral \u2013 5 Edi\u00e7\u00e3o  por Reynaldo Gomes de Oliveira (Autor)"},"content":{"rendered":"<p>O livro de Pediatria mais vendido no Brasil chega a sua 5\u00aa edi\u00e7\u00e3o totalmente atualizado e muito mais completo. Com 54 p\u00e1ginas a mais que a vers\u00e3o anterior a nova edi\u00e7\u00e3o possui 864 p\u00e1ginas totalmente atualizadas e reescritas com as melhores pr\u00e1ticas na Pediatria. Tudo isso da forma que voc\u00ea j\u00e1 conhece na Blackbook: pr\u00e1tico, r\u00e1pido, completo e eficiente. A quarta edi\u00e7\u00e3o do Blackbook Pediatria \u00e9 a melhor op\u00e7\u00e3o para quem quer se atualizar com as melhores pr\u00e1ticas na Pediatria. Com mais de 135 mil exemplares vendidos, o Blackbook Pediatria \u00e9 a combina\u00e7\u00e3o do melhor conte\u00fado, selecionado de acordo com as necessidades mais comuns dos profissionais que cuidam da sa\u00fade da crian\u00e7a. Tudo isso com uma diagrama\u00e7\u00e3o pr\u00e1tica que torna a busca de informa\u00e7\u00f5es r\u00e1pida com uma leitura agrad\u00e1vel e intuitiva. Mesmo com mais conte\u00fado o livro ficou ainda mais f\u00e1cil de utilizar. Foi adotada uma moderna diagrama\u00e7\u00e3o que facilita ainda mais a busca de informa\u00e7\u00f5es sobre as principais doen\u00e7as pedi\u00e1tricas. Deixando o livro ainda mais bonito e pr\u00e1tico. A capa do livro de Pediatria utiliza uma nova tecnologia em 3D lenticular que permite dar mais qualidade \u00e0s fotos. Agora, as famosas fotos do Blackbook est\u00e3o com um movimento perfeito. O tradicional espiral do Blackbook Pediatria ganhou uma nova cor: Amarelo. Agora ficar\u00e1 mais f\u00e1cil para voc\u00ea encontrar seu Blackbook n\u00e3o hora do aperto. O livro continua com as mesmas dimens\u00f5es para garantir sua portabilidade no seu dia a dia. Com o Blackbook Pediatria 4a edi\u00e7\u00e3o, os profissionais que ainda n\u00e3o usam os livros da s\u00e9rie v\u00e3o descobrir o quanto seu trabalho se torna mais f\u00e1cil e de melhor qualidade com esta ferramenta de consultas r\u00e1pidas. Os que j\u00e1 utilizavam a edi\u00e7\u00e3o anterior v\u00e3o poder se atualizar, com um manual ainda mais pr\u00e1tico e completo. N\u00e3o h\u00e1 d\u00favida: vale a pena comprar o livro novo e guardar o antigo como lembran\u00e7a. Todos os cap\u00edtulos passaram por uma revis\u00e3o profunda e foram praticamente reescritos para incorporar todas as atualiza\u00e7\u00f5es e mudan\u00e7as de conceitos e paradigmas trazidas nesses \u00faltimos anos por novas pesquisas cl\u00ednicas, revis\u00f5es sistem\u00e1ticas e consensos de institui\u00e7\u00f5es consagradas que mudam de forma significativa e cada vez mais r\u00e1pida as condutas relacionadas a diagn\u00f3stico, abordagem terap\u00eautica e acompanhamento cl\u00ednico das doen\u00e7as e problemas mais importantes na pr\u00e1tica cl\u00ednica.<br \/>\nLeia mais<\/p>\n","protected":false},"excerpt":{"rendered":"<p>O livro de Pediatria mais vendido no Brasil chega a sua 5\u00aa edi\u00e7\u00e3o totalmente atualizado e muito mais completo. Com 54 p\u00e1ginas a mais que a vers\u00e3o anterior a nova edi\u00e7\u00e3o possui 864 p\u00e1ginas totalmente atualizadas e reescritas com as melhores pr\u00e1ticas na Pediatria. Tudo isso da forma que voc\u00ea j\u00e1 conhece na Blackbook: pr\u00e1tico,&hellip;&nbsp;<a href=\"https:\/\/livrariadocampus.com.br\/loja\/produto\/blackbook-pediatria-espiral-5-edicao-por-reynaldo-gomes-de-oliveira-autor\/\" class=\"\" rel=\"bookmark\">Continue a ler &raquo;<span class=\"screen-reader-text\">Blackbook Pediatria Espiral \u2013 5 Edi\u00e7\u00e3o  por Reynaldo Gomes de Oliveira (Autor)<\/span><\/a><\/p>\n","protected":false},"featured_media":7097,"template":"","meta":{"neve_meta_sidebar":"","neve_meta_container":"","neve_meta_enable_content_width":"off","neve_meta_content_width":100,"neve_meta_title_alignment":"","neve_meta_author_avatar":"","neve_post_elements_order":"","neve_meta_disable_header":"","neve_meta_disable_footer":"","neve_meta_disable_title":"","_joinchat":[]},"product_brand":[],"product_cat":[56,182,76],"product_tag":[332],"class_list":{"0":"post-7096","1":"product","2":"type-product","3":"status-publish","4":"has-post-thumbnail","6":"product_cat-pediatria","7":"product_cat-pediatria-neonatologia","8":"product_cat-pediatria-neonatologia-pediatria-neonatologia","9":"product_tag-332","11":"first","12":"outofstock","13":"sold-individually","14":"shipping-taxable","15":"product-type-simple"},"jetpack_sharing_enabled":true,"_links":{"self":[{"href":"https:\/\/livrariadocampus.com.br\/loja\/wp-json\/wp\/v2\/product\/7096","targetHints":{"allow":["GET"]}}],"collection":[{"href":"https:\/\/livrariadocampus.com.br\/loja\/wp-json\/wp\/v2\/product"}],"about":[{"href":"https:\/\/livrariadocampus.com.br\/loja\/wp-json\/wp\/v2\/types\/product"}],"wp:featuredmedia":[{"embeddable":true,"href":"https:\/\/livrariadocampus.com.br\/loja\/wp-json\/wp\/v2\/media\/7097"}],"wp:attachment":[{"href":"https:\/\/livrariadocampus.com.br\/loja\/wp-json\/wp\/v2\/media?parent=7096"}],"wp:term":[{"taxonomy":"product_brand","embeddable":true,"href":"https:\/\/livrariadocampus.com.br\/loja\/wp-json\/wp\/v2\/product_brand?post=7096"},{"taxonomy":"product_cat","embeddable":true,"href":"https:\/\/livrariadocampus.com.br\/loja\/wp-json\/wp\/v2\/product_cat?post=7096"},{"taxonomy":"product_tag","embeddable":true,"href":"https:\/\/livrariadocampus.com.br\/loja\/wp-json\/wp\/v2\/product_tag?post=7096"}],"curies":[{"name":"wp","href":"https:\/\/api.w.org\/{rel}","templated":true}]}}