{"id":7089,"date":"2023-07-12T16:26:29","date_gmt":"2023-07-12T19:26:29","guid":{"rendered":"https:\/\/livrariadocampus.com.br\/loja\/?post_type=product&#038;p=7089"},"modified":"2024-09-23T15:26:59","modified_gmt":"2024-09-23T18:26:59","slug":"cardiologia-no-dia-a-dia-espiral-2022-edicao-portugues-por-alfredo-augusto-abreu-silva-lancamento","status":"publish","type":"product","link":"https:\/\/livrariadocampus.com.br\/loja\/produto\/cardiologia-no-dia-a-dia-espiral-2022-edicao-portugues-por-alfredo-augusto-abreu-silva-lancamento\/","title":{"rendered":"CARDIOLOGIA NO DIA A DIA Espiral \u2013  2022 Edi\u00e7\u00e3o Portugu\u00eas  por Alfredo Augusto Abreu Silva , ) LAN\u00c7AMENTO"},"content":{"rendered":"<p>Cardiologia no Dia a Dia tem por objetivo servir de material de consulta para estudantes, residentes e profissionais que atuam na \u00e1rea da Cardiologia, que trabalham em emerg\u00eancias, ambulat\u00f3rios, hospitais e cl\u00ednicas. Tem ainda como metas apresentar uma Cardiologia desmistificada, simplificada e de acesso r\u00e1pido. Com textos diretos, t\u00e9cnicos e simples, focou suas informa\u00e7\u00f5es no que realmente \u00e9 necess\u00e1rio para direcionar as melhores pr\u00e1ticas em todos os ambientes. Para esta edi\u00e7\u00e3o, a inten\u00e7\u00e3o dos autores foi produzir a t\u00e9cnica de passo a passo no tratamento das patologias ou s\u00edndromes cardiol\u00f3gicas mais frequentes, corroboradas por diretrizes nacionais e internacionais, dando suporte para atendimento ambulatorial, emergencial, hospitalar e p\u00f3s-alta hospitalar.<\/p>\n","protected":false},"excerpt":{"rendered":"<p>Cardiologia no Dia a Dia tem por objetivo servir de material de consulta para estudantes, residentes e profissionais que atuam na \u00e1rea da Cardiologia, que trabalham em emerg\u00eancias, ambulat\u00f3rios, hospitais e cl\u00ednicas. Tem ainda como metas apresentar uma Cardiologia desmistificada, simplificada e de acesso r\u00e1pido. Com textos diretos, t\u00e9cnicos e simples, focou suas informa\u00e7\u00f5es no&hellip;&nbsp;<a href=\"https:\/\/livrariadocampus.com.br\/loja\/produto\/cardiologia-no-dia-a-dia-espiral-2022-edicao-portugues-por-alfredo-augusto-abreu-silva-lancamento\/\" class=\"\" rel=\"bookmark\">Continue a ler &raquo;<span class=\"screen-reader-text\">CARDIOLOGIA NO DIA A DIA Espiral \u2013  2022 Edi\u00e7\u00e3o Portugu\u00eas  por Alfredo Augusto Abreu Silva , ) LAN\u00c7AMENTO<\/span><\/a><\/p>\n","protected":false},"featured_media":7090,"template":"","meta":{"neve_meta_sidebar":"","neve_meta_container":"","neve_meta_enable_content_width":"off","neve_meta_content_width":100,"neve_meta_title_alignment":"","neve_meta_author_avatar":"","neve_post_elements_order":"","neve_meta_disable_header":"","neve_meta_disable_footer":"","neve_meta_disable_title":"","_joinchat":[]},"product_brand":[],"product_cat":[65],"product_tag":[329],"class_list":{"0":"post-7089","1":"product","2":"type-product","3":"status-publish","4":"has-post-thumbnail","6":"product_cat-cardiologia","7":"product_tag-329","9":"first","10":"instock","11":"sold-individually","12":"shipping-taxable","13":"purchasable","14":"product-type-simple"},"jetpack_sharing_enabled":true,"_links":{"self":[{"href":"https:\/\/livrariadocampus.com.br\/loja\/wp-json\/wp\/v2\/product\/7089","targetHints":{"allow":["GET"]}}],"collection":[{"href":"https:\/\/livrariadocampus.com.br\/loja\/wp-json\/wp\/v2\/product"}],"about":[{"href":"https:\/\/livrariadocampus.com.br\/loja\/wp-json\/wp\/v2\/types\/product"}],"wp:featuredmedia":[{"embeddable":true,"href":"https:\/\/livrariadocampus.com.br\/loja\/wp-json\/wp\/v2\/media\/7090"}],"wp:attachment":[{"href":"https:\/\/livrariadocampus.com.br\/loja\/wp-json\/wp\/v2\/media?parent=7089"}],"wp:term":[{"taxonomy":"product_brand","embeddable":true,"href":"https:\/\/livrariadocampus.com.br\/loja\/wp-json\/wp\/v2\/product_brand?post=7089"},{"taxonomy":"product_cat","embeddable":true,"href":"https:\/\/livrariadocampus.com.br\/loja\/wp-json\/wp\/v2\/product_cat?post=7089"},{"taxonomy":"product_tag","embeddable":true,"href":"https:\/\/livrariadocampus.com.br\/loja\/wp-json\/wp\/v2\/product_tag?post=7089"}],"curies":[{"name":"wp","href":"https:\/\/api.w.org\/{rel}","templated":true}]}}