{"id":7087,"date":"2023-07-12T16:21:32","date_gmt":"2023-07-12T19:21:32","guid":{"rendered":"https:\/\/livrariadocampus.com.br\/loja\/?post_type=product&#038;p=7087"},"modified":"2024-11-26T18:07:41","modified_gmt":"2024-11-26T21:07:41","slug":"urgencias-e-emergencias-pediatricas-no-dia-a-dia-capa-comum-2022-por-adriana-rodrigues-fonseca-autorlancamento","status":"publish","type":"product","link":"https:\/\/livrariadocampus.com.br\/loja\/produto\/urgencias-e-emergencias-pediatricas-no-dia-a-dia-capa-comum-2022-por-adriana-rodrigues-fonseca-autorlancamento\/","title":{"rendered":"Urg\u00eancias e Emerg\u00eancias Pedi\u00e1tricas no Dia a Dia Capa comum \u20132022 por Adriana Rodrigues Fonseca (Autor)LAN\u00c7AMENTO"},"content":{"rendered":"<p>Urg\u00eancias e Emerg\u00eancias Pedi\u00e1tricas no Dia a Dia apresenta um conte\u00fado conciso, de f\u00e1cil leitura, composto por 80 cap\u00edtulos, distribu\u00eddos em 14 partes que versam sobre a abordagem de diversas condi\u00e7\u00f5es pedi\u00e1tricas, por diferentes especialidades pedi\u00e1tricas, em situa\u00e7\u00f5es de urg\u00eancia e emerg\u00eancia, incluindo: Emerg\u00eancia Geral, Alergia e Imunologia, Cardiologia, Cirurgia Pedi\u00e1trica, Endocrinologia e Nutrologia, Gastrenterologia, Hematologia e Hemoterapia, Infectologia, Nefrologia, Neurologia e Psiquiatria, Oftalmologia, Otorrinolaringologia, Pneumologia e Reumatologia, al\u00e9m de fluxogramas contendo orienta\u00e7\u00f5es sobre diversas condi\u00e7\u00f5es abordadas nas emerg\u00eancias pedi\u00e1tricas. Conta com a colabora\u00e7\u00e3o de mais de 120 autores, em sua maioria do Instituto de Puericultura e Pediatria Martag\u00e3o Gesteira (IPPMG), da Universidade Federal do Rio de Janeiro (UFRJ), dentre m\u00e9dicos residentes de pediatria geral e \u00e1reas de atua\u00e7\u00e3o pedi\u00e1tricas, m\u00e9dicos pediatras e subespecialistas pedi\u00e1tricos, professores doDepartamento de Pediatria da UFRJ e membros da equipe multiprofissional. Sem d\u00favida, este livro, fruto do desejo de compartilhar o conhecimento e a experi\u00eancia acumulados nestes muitos anos, far\u00e1 parte da vida daqueles que militam na \u00e1rea da sa\u00fade dacrian\u00e7a por sua abrang\u00eancia, clareza e objetividade.<\/p>\n","protected":false},"excerpt":{"rendered":"<p>Urg\u00eancias e Emerg\u00eancias Pedi\u00e1tricas no Dia a Dia apresenta um conte\u00fado conciso, de f\u00e1cil leitura, composto por 80 cap\u00edtulos, distribu\u00eddos em 14 partes que versam sobre a abordagem de diversas condi\u00e7\u00f5es pedi\u00e1tricas, por diferentes especialidades pedi\u00e1tricas, em situa\u00e7\u00f5es de urg\u00eancia e emerg\u00eancia, incluindo: Emerg\u00eancia Geral, Alergia e Imunologia, Cardiologia, Cirurgia Pedi\u00e1trica, Endocrinologia e Nutrologia, Gastrenterologia,&hellip;&nbsp;<a href=\"https:\/\/livrariadocampus.com.br\/loja\/produto\/urgencias-e-emergencias-pediatricas-no-dia-a-dia-capa-comum-2022-por-adriana-rodrigues-fonseca-autorlancamento\/\" class=\"\" rel=\"bookmark\">Continue a ler &raquo;<span class=\"screen-reader-text\">Urg\u00eancias e Emerg\u00eancias Pedi\u00e1tricas no Dia a Dia Capa comum \u20132022 por Adriana Rodrigues Fonseca (Autor)LAN\u00c7AMENTO<\/span><\/a><\/p>\n","protected":false},"featured_media":7088,"template":"","meta":{"neve_meta_sidebar":"","neve_meta_container":"","neve_meta_enable_content_width":"off","neve_meta_content_width":100,"neve_meta_title_alignment":"","neve_meta_author_avatar":"","neve_post_elements_order":"","neve_meta_disable_header":"","neve_meta_disable_footer":"","neve_meta_disable_title":"","_joinchat":[]},"product_brand":[],"product_cat":[54,25,56],"product_tag":[328],"class_list":{"0":"post-7087","1":"product","2":"type-product","3":"status-publish","4":"has-post-thumbnail","6":"product_cat-emergencias-e-pronto-socorro","7":"product_cat-lancamentos","8":"product_cat-pediatria","9":"product_tag-328","11":"first","12":"instock","13":"sale","14":"sold-individually","15":"shipping-taxable","16":"purchasable","17":"product-type-simple"},"jetpack_sharing_enabled":true,"_links":{"self":[{"href":"https:\/\/livrariadocampus.com.br\/loja\/wp-json\/wp\/v2\/product\/7087","targetHints":{"allow":["GET"]}}],"collection":[{"href":"https:\/\/livrariadocampus.com.br\/loja\/wp-json\/wp\/v2\/product"}],"about":[{"href":"https:\/\/livrariadocampus.com.br\/loja\/wp-json\/wp\/v2\/types\/product"}],"wp:featuredmedia":[{"embeddable":true,"href":"https:\/\/livrariadocampus.com.br\/loja\/wp-json\/wp\/v2\/media\/7088"}],"wp:attachment":[{"href":"https:\/\/livrariadocampus.com.br\/loja\/wp-json\/wp\/v2\/media?parent=7087"}],"wp:term":[{"taxonomy":"product_brand","embeddable":true,"href":"https:\/\/livrariadocampus.com.br\/loja\/wp-json\/wp\/v2\/product_brand?post=7087"},{"taxonomy":"product_cat","embeddable":true,"href":"https:\/\/livrariadocampus.com.br\/loja\/wp-json\/wp\/v2\/product_cat?post=7087"},{"taxonomy":"product_tag","embeddable":true,"href":"https:\/\/livrariadocampus.com.br\/loja\/wp-json\/wp\/v2\/product_tag?post=7087"}],"curies":[{"name":"wp","href":"https:\/\/api.w.org\/{rel}","templated":true}]}}