{"id":7085,"date":"2023-07-12T16:17:32","date_gmt":"2023-07-12T19:17:32","guid":{"rendered":"https:\/\/livrariadocampus.com.br\/loja\/?post_type=product&#038;p=7085"},"modified":"2024-08-01T11:15:40","modified_gmt":"2024-08-01T14:15:40","slug":"nefrologia-no-dia-a-dia-capa-comum-2022-lancamento","status":"publish","type":"product","link":"https:\/\/livrariadocampus.com.br\/loja\/produto\/nefrologia-no-dia-a-dia-capa-comum-2022-lancamento\/","title":{"rendered":"NEFROLOGIA NO DIA A DIA Capa comum \u2013  2022  LAN\u00c7AMENTO"},"content":{"rendered":"<p>A Nefrologia, muito al\u00e9m de uma especialidade m\u00e9dica, \u00e9 uma disciplina cl\u00ednica que move mentes. Ela desperta o interesse pela forma inteligente e bem estruturada que apresenta a linha que conecta a normalidade de uma fun\u00e7\u00e3o vital aos mecanismos de adoecimento, t\u00e3o frequentes na pr\u00e1tica m\u00e9dica. A obra Nefrologia no Dia a Dia surgiu da necessidade de informa\u00e7\u00f5es pr\u00e1ticas e de f\u00e1cil acesso com temas atualizados. Com isso, o livro foi estruturado desde a fisiologia renal, desfilando pela proped\u00eautica e pontuando de forma abrangente, mas sem perder a praticidade, as principais causas de adoecimento que necessitam de cuidados na \u00e1rea. O modelo gr\u00e1fico e pedag\u00f3gico elaborado facilita a compreens\u00e3o dos cap\u00edtulos, sendo adequado para o aprendizado e tornando a leitura agrad\u00e1vel. A obra oferece informa\u00e7\u00f5es atualizadas no processo de tomada de decis\u00f5es no dia a dia diante dos pacientes. Em uma linguagem aerada, eis aqui uma bela obra para alunos de gradua\u00e7\u00e3o, residentes de cl\u00ednica m\u00e9dica e de especialidades cl\u00ednicas, tal como para especialistas em Medicina Interna e em Nefrologia.<\/p>\n","protected":false},"excerpt":{"rendered":"<p>A Nefrologia, muito al\u00e9m de uma especialidade m\u00e9dica, \u00e9 uma disciplina cl\u00ednica que move mentes. Ela desperta o interesse pela forma inteligente e bem estruturada que apresenta a linha que conecta a normalidade de uma fun\u00e7\u00e3o vital aos mecanismos de adoecimento, t\u00e3o frequentes na pr\u00e1tica m\u00e9dica. A obra Nefrologia no Dia a Dia surgiu da&hellip;&nbsp;<a href=\"https:\/\/livrariadocampus.com.br\/loja\/produto\/nefrologia-no-dia-a-dia-capa-comum-2022-lancamento\/\" class=\"\" rel=\"bookmark\">Continue a ler &raquo;<span class=\"screen-reader-text\">NEFROLOGIA NO DIA A DIA Capa comum \u2013  2022  LAN\u00c7AMENTO<\/span><\/a><\/p>\n","protected":false},"featured_media":7086,"template":"","meta":{"neve_meta_sidebar":"","neve_meta_container":"","neve_meta_enable_content_width":"off","neve_meta_content_width":100,"neve_meta_title_alignment":"","neve_meta_author_avatar":"","neve_post_elements_order":"","neve_meta_disable_header":"","neve_meta_disable_footer":"","neve_meta_disable_title":"","_joinchat":[]},"product_brand":[],"product_cat":[65,58,59],"product_tag":[327],"class_list":{"0":"post-7085","1":"product","2":"type-product","3":"status-publish","4":"has-post-thumbnail","6":"product_cat-cardiologia","7":"product_cat-clinica-medica","8":"product_cat-nefrologia","9":"product_tag-327","11":"first","12":"instock","13":"sold-individually","14":"shipping-taxable","15":"purchasable","16":"product-type-simple"},"jetpack_sharing_enabled":true,"_links":{"self":[{"href":"https:\/\/livrariadocampus.com.br\/loja\/wp-json\/wp\/v2\/product\/7085","targetHints":{"allow":["GET"]}}],"collection":[{"href":"https:\/\/livrariadocampus.com.br\/loja\/wp-json\/wp\/v2\/product"}],"about":[{"href":"https:\/\/livrariadocampus.com.br\/loja\/wp-json\/wp\/v2\/types\/product"}],"wp:featuredmedia":[{"embeddable":true,"href":"https:\/\/livrariadocampus.com.br\/loja\/wp-json\/wp\/v2\/media\/7086"}],"wp:attachment":[{"href":"https:\/\/livrariadocampus.com.br\/loja\/wp-json\/wp\/v2\/media?parent=7085"}],"wp:term":[{"taxonomy":"product_brand","embeddable":true,"href":"https:\/\/livrariadocampus.com.br\/loja\/wp-json\/wp\/v2\/product_brand?post=7085"},{"taxonomy":"product_cat","embeddable":true,"href":"https:\/\/livrariadocampus.com.br\/loja\/wp-json\/wp\/v2\/product_cat?post=7085"},{"taxonomy":"product_tag","embeddable":true,"href":"https:\/\/livrariadocampus.com.br\/loja\/wp-json\/wp\/v2\/product_tag?post=7085"}],"curies":[{"name":"wp","href":"https:\/\/api.w.org\/{rel}","templated":true}]}}