{"id":7078,"date":"2023-07-12T14:56:19","date_gmt":"2023-07-12T17:56:19","guid":{"rendered":"https:\/\/livrariadocampus.com.br\/loja\/?post_type=product&#038;p=7078"},"modified":"2024-01-15T12:18:54","modified_gmt":"2024-01-15T15:18:54","slug":"diagnostico-na-medicina-chinesa-um-guia-geral-2021-2-edicao-portugues-por-giovanni-maciocia-autor","status":"publish","type":"product","link":"https:\/\/livrariadocampus.com.br\/loja\/produto\/diagnostico-na-medicina-chinesa-um-guia-geral-2021-2-edicao-portugues-por-giovanni-maciocia-autor\/","title":{"rendered":"Diagn\u00f3stico na Medicina Chinesa &#8211; Um Guia Geral  2021   2  Edi\u00e7\u00e3o Portugu\u00eas  por Giovanni MACIOCIA (Autor)"},"content":{"rendered":"<p>Escrito pelo professor e autor Giovanni Maciocia, principal autoridade em medicina chinesa no mundo ocidental, este primoroso livro, ricamente ilustrado e de leitura fluida, alia teoria \u00e0 pr\u00e1tica, sendo recurso indispens\u00e1vel para estudantes e profissionais interpretarem, de modo cuidadoso e acurado, uma gama de particularidades diagn\u00f3sticas. Esta edi\u00e7\u00e3o foi revisada e atualizada com o objetivo de esclarecer as melhores pr\u00e1ticas para o diagn\u00f3stico na medicina tradicional chinesa, al\u00e9m de incluir recursos pedag\u00f3gicos elaborados a fim de facilitar ainda mais o aprendizado. Entre as principais caracter\u00edsticas, destacam-se as imagens e tabelas, o projeto gr\u00e1fico e as fotografias, que retratam sinais e sintomas para reconhecimento cl\u00ednico mais acurado, os resultados de aprendizagem, que resumem os princ\u00edpios b\u00e1sicos que o leitor deve dominar ap\u00f3s concluir o cap\u00edtulo, bem como as notas cl\u00ednicas e de tratamento, que fornecem informa\u00e7\u00f5es pr\u00e1ticas sobre a acupuntura \u2013 incluindo informa\u00e7\u00f5es sobre fitoterapia, quando apropriado \u2013 para a maioria dos sintomas e sinais.?<br \/>\nLeia mais<\/p>\n","protected":false},"excerpt":{"rendered":"<p>Escrito pelo professor e autor Giovanni Maciocia, principal autoridade em medicina chinesa no mundo ocidental, este primoroso livro, ricamente ilustrado e de leitura fluida, alia teoria \u00e0 pr\u00e1tica, sendo recurso indispens\u00e1vel para estudantes e profissionais interpretarem, de modo cuidadoso e acurado, uma gama de particularidades diagn\u00f3sticas. Esta edi\u00e7\u00e3o foi revisada e atualizada com o objetivo&hellip;&nbsp;<a href=\"https:\/\/livrariadocampus.com.br\/loja\/produto\/diagnostico-na-medicina-chinesa-um-guia-geral-2021-2-edicao-portugues-por-giovanni-maciocia-autor\/\" class=\"\" rel=\"bookmark\">Continue a ler &raquo;<span class=\"screen-reader-text\">Diagn\u00f3stico na Medicina Chinesa &#8211; Um Guia Geral  2021   2  Edi\u00e7\u00e3o Portugu\u00eas  por Giovanni MACIOCIA (Autor)<\/span><\/a><\/p>\n","protected":false},"featured_media":7079,"template":"","meta":{"neve_meta_sidebar":"","neve_meta_container":"","neve_meta_enable_content_width":"off","neve_meta_content_width":100,"neve_meta_title_alignment":"","neve_meta_author_avatar":"","neve_post_elements_order":"","neve_meta_disable_header":"","neve_meta_disable_footer":"","neve_meta_disable_title":"","_joinchat":{"telephone":"+5514981469902"}},"product_brand":[],"product_cat":[15],"product_tag":[326],"class_list":{"0":"post-7078","1":"product","2":"type-product","3":"status-publish","4":"has-post-thumbnail","6":"product_cat-outros","7":"product_tag-326","9":"first","10":"instock","11":"sold-individually","12":"shipping-taxable","13":"purchasable","14":"product-type-simple"},"jetpack_sharing_enabled":true,"_links":{"self":[{"href":"https:\/\/livrariadocampus.com.br\/loja\/wp-json\/wp\/v2\/product\/7078","targetHints":{"allow":["GET"]}}],"collection":[{"href":"https:\/\/livrariadocampus.com.br\/loja\/wp-json\/wp\/v2\/product"}],"about":[{"href":"https:\/\/livrariadocampus.com.br\/loja\/wp-json\/wp\/v2\/types\/product"}],"wp:featuredmedia":[{"embeddable":true,"href":"https:\/\/livrariadocampus.com.br\/loja\/wp-json\/wp\/v2\/media\/7079"}],"wp:attachment":[{"href":"https:\/\/livrariadocampus.com.br\/loja\/wp-json\/wp\/v2\/media?parent=7078"}],"wp:term":[{"taxonomy":"product_brand","embeddable":true,"href":"https:\/\/livrariadocampus.com.br\/loja\/wp-json\/wp\/v2\/product_brand?post=7078"},{"taxonomy":"product_cat","embeddable":true,"href":"https:\/\/livrariadocampus.com.br\/loja\/wp-json\/wp\/v2\/product_cat?post=7078"},{"taxonomy":"product_tag","embeddable":true,"href":"https:\/\/livrariadocampus.com.br\/loja\/wp-json\/wp\/v2\/product_tag?post=7078"}],"curies":[{"name":"wp","href":"https:\/\/api.w.org\/{rel}","templated":true}]}}