{"id":7076,"date":"2023-07-12T14:52:15","date_gmt":"2023-07-12T17:52:15","guid":{"rendered":"https:\/\/livrariadocampus.com.br\/loja\/?post_type=product&#038;p=7076"},"modified":"2024-01-15T12:19:10","modified_gmt":"2024-01-15T15:19:10","slug":"os-fundamentos-da-medicina-chinesa-capa-dura-3-edicao-portugues-por-giovanni-maciocia-autor","status":"publish","type":"product","link":"https:\/\/livrariadocampus.com.br\/loja\/produto\/os-fundamentos-da-medicina-chinesa-capa-dura-3-edicao-portugues-por-giovanni-maciocia-autor\/","title":{"rendered":"Os Fundamentos da Medicina Chinesa Capa dura \u2013 3 EDI\u00c7\u00c3O  Portugu\u00eas  por Giovanni MACIOCIA (Autor)"},"content":{"rendered":"<p>Escrita pela principal autoridade em medicina chinesa no mundo ocidental e fundamentada em consolidadas refer\u00eancias de livros chineses antigos e modernos, a obra Os Fundamentos da Medicina Chinesa tem o objetivo de oferecer aos leitores do Ocidente uma clara explica\u00e7\u00e3o da teoria e da pr\u00e1tica da medicina chinesa, incluindo as teorias do Yin-Yang e dos Cinco Elementos, Qi, Sangue e Fluidos Corp\u00f3reos e as fun\u00e7\u00f5es dos \u00d3rg\u00e3os Internos. Ricamente ilustrada e totalmente atualizada, esta terceira edi\u00e7\u00e3o foi cuidadosamente preparada para apresentar o tema de maneira sistematizada, abrangendo desde os primeiros princ\u00edpios at\u00e9 a gest\u00e3o de uma vasta gama de doen\u00e7as e condi\u00e7\u00f5es. Com uma combina\u00e7\u00e3o \u00fanica de informa\u00e7\u00f5es criteriosas, juntamente com uma riqueza de experi\u00eancia cl\u00ednica, a obra \u00e9 ideal para todos os estudantes de medicina chinesa, acupuntura e medicina herbal chinesa, bem como profissionais qualificados que desejam se atualizar com as mudan\u00e7as na \u00e1rea.<\/p>\n","protected":false},"excerpt":{"rendered":"<p>Escrita pela principal autoridade em medicina chinesa no mundo ocidental e fundamentada em consolidadas refer\u00eancias de livros chineses antigos e modernos, a obra Os Fundamentos da Medicina Chinesa tem o objetivo de oferecer aos leitores do Ocidente uma clara explica\u00e7\u00e3o da teoria e da pr\u00e1tica da medicina chinesa, incluindo as teorias do Yin-Yang e dos&hellip;&nbsp;<a href=\"https:\/\/livrariadocampus.com.br\/loja\/produto\/os-fundamentos-da-medicina-chinesa-capa-dura-3-edicao-portugues-por-giovanni-maciocia-autor\/\" class=\"\" rel=\"bookmark\">Continue a ler &raquo;<span class=\"screen-reader-text\">Os Fundamentos da Medicina Chinesa Capa dura \u2013 3 EDI\u00c7\u00c3O  Portugu\u00eas  por Giovanni MACIOCIA (Autor)<\/span><\/a><\/p>\n","protected":false},"featured_media":7077,"template":"","meta":{"neve_meta_sidebar":"","neve_meta_container":"","neve_meta_enable_content_width":"off","neve_meta_content_width":100,"neve_meta_title_alignment":"","neve_meta_author_avatar":"","neve_post_elements_order":"","neve_meta_disable_header":"","neve_meta_disable_footer":"","neve_meta_disable_title":"","_joinchat":{"telephone":"+5514981469902"}},"product_brand":[],"product_cat":[15,62],"product_tag":[325],"class_list":{"0":"post-7076","1":"product","2":"type-product","3":"status-publish","4":"has-post-thumbnail","6":"product_cat-outros","7":"product_cat-acupunturae-med-chinesa","8":"product_tag-325","10":"first","11":"instock","12":"sold-individually","13":"shipping-taxable","14":"purchasable","15":"product-type-simple"},"jetpack_sharing_enabled":true,"_links":{"self":[{"href":"https:\/\/livrariadocampus.com.br\/loja\/wp-json\/wp\/v2\/product\/7076","targetHints":{"allow":["GET"]}}],"collection":[{"href":"https:\/\/livrariadocampus.com.br\/loja\/wp-json\/wp\/v2\/product"}],"about":[{"href":"https:\/\/livrariadocampus.com.br\/loja\/wp-json\/wp\/v2\/types\/product"}],"wp:featuredmedia":[{"embeddable":true,"href":"https:\/\/livrariadocampus.com.br\/loja\/wp-json\/wp\/v2\/media\/7077"}],"wp:attachment":[{"href":"https:\/\/livrariadocampus.com.br\/loja\/wp-json\/wp\/v2\/media?parent=7076"}],"wp:term":[{"taxonomy":"product_brand","embeddable":true,"href":"https:\/\/livrariadocampus.com.br\/loja\/wp-json\/wp\/v2\/product_brand?post=7076"},{"taxonomy":"product_cat","embeddable":true,"href":"https:\/\/livrariadocampus.com.br\/loja\/wp-json\/wp\/v2\/product_cat?post=7076"},{"taxonomy":"product_tag","embeddable":true,"href":"https:\/\/livrariadocampus.com.br\/loja\/wp-json\/wp\/v2\/product_tag?post=7076"}],"curies":[{"name":"wp","href":"https:\/\/api.w.org\/{rel}","templated":true}]}}