{"id":7074,"date":"2023-07-11T17:08:21","date_gmt":"2023-07-11T20:08:21","guid":{"rendered":"https:\/\/livrariadocampus.com.br\/loja\/?post_type=product&#038;p=7074"},"modified":"2024-11-26T18:07:54","modified_gmt":"2024-11-26T21:07:54","slug":"cardiopatias-congenitas-guia-pratico-de-diagnostico-tratamento-e-conduta-geral-2023-por-edmar-kalil-filho-robertoatik-lancamento","status":"publish","type":"product","link":"https:\/\/livrariadocampus.com.br\/loja\/produto\/cardiopatias-congenitas-guia-pratico-de-diagnostico-tratamento-e-conduta-geral-2023-por-edmar-kalil-filho-robertoatik-lancamento\/","title":{"rendered":"Cardiopatias Cong\u00eanitas &#8211; Guia Pr\u00e1tico de Diagn\u00f3stico, Tratamento e Conduta Geral  2023 por Edmar Kalil Filho, Roberto;Atik  LAN\u00c7AMENTO"},"content":{"rendered":"<p>Cardiopatias Cong\u00eanitas \u2013 Guia Pr\u00e1tico de Diagn\u00f3stico, Tratamento e Conduta Geral alcan\u00e7a sua 2\u00aa edi\u00e7\u00e3o integralmente revisto, atualizado e ampliado. Foram acrescentados dois novos temas: 1 &#8211; Doen\u00e7as e Procedimentos Pedi\u00e1tricos Espec\u00edficos, que repercute as mais not\u00e1veis e recentes inova\u00e7\u00f5es sobre o assunto. 2 &#8211; \u00c9tica M\u00e9dica em Cardiologia Pedi\u00e1trica, com considera\u00e7\u00f5es e dignifica\u00e7\u00e3o dos portadores de cardiopatia cong\u00eanita. Ainda, manteve-se a seguinte vitoriosa sistematiza\u00e7\u00e3o did\u00e1tica da 1\u00aa edi\u00e7\u00e3o sobre cada patologia: 1. Defini\u00e7\u00e3o (cl\u00e1ssica e an\u00e1lise segmentar); 2. Anatomia; 3. Incid\u00eancia; 4. Fisiopatologia; 5. Sintomas e Diagn\u00f3sticos Cl\u00ednicos; 6. Imagens Diagn\u00f3sticas; 7. Progn\u00f3sticos; 8. Conduta e Tratamento; 9. Monitoramento e Cuidados Pr\u00e9-operat\u00f3rios (UTI e Enfermaria); 10. Medica\u00e7\u00e3o; 11. Cateterismo Card\u00edaco; 12. Tratamento Cir\u00fargico; 13. T\u00e9cnicas Operat\u00f3rias; 14. Medidas de Manuten\u00e7\u00e3o P\u00f3s-operat\u00f3ria; 15. Evolu\u00e7\u00e3o e Problemas. O livro apresenta 1 Editor , 49 Colaboradores, 3 Partes, 37 Cap\u00edtulos, num total de 558 P\u00e1ginas. Encontra-se ricamente ilustrado com fotos, gr\u00e1ficos, esquemas e algoritmos. Seu p\u00fablico leitor est\u00e1 formado por Pediatras Cardiologistas, Pediatras Cl\u00ednicos, Cardiologistas, Cl\u00ednicos, Residentes em Pediatria e Cl\u00ednica M\u00e9dica.<\/p>\n","protected":false},"excerpt":{"rendered":"<p>Cardiopatias Cong\u00eanitas \u2013 Guia Pr\u00e1tico de Diagn\u00f3stico, Tratamento e Conduta Geral alcan\u00e7a sua 2\u00aa edi\u00e7\u00e3o integralmente revisto, atualizado e ampliado. Foram acrescentados dois novos temas: 1 &#8211; Doen\u00e7as e Procedimentos Pedi\u00e1tricos Espec\u00edficos, que repercute as mais not\u00e1veis e recentes inova\u00e7\u00f5es sobre o assunto. 2 &#8211; \u00c9tica M\u00e9dica em Cardiologia Pedi\u00e1trica, com considera\u00e7\u00f5es e dignifica\u00e7\u00e3o dos&hellip;&nbsp;<a href=\"https:\/\/livrariadocampus.com.br\/loja\/produto\/cardiopatias-congenitas-guia-pratico-de-diagnostico-tratamento-e-conduta-geral-2023-por-edmar-kalil-filho-robertoatik-lancamento\/\" class=\"\" rel=\"bookmark\">Continue a ler &raquo;<span class=\"screen-reader-text\">Cardiopatias Cong\u00eanitas &#8211; Guia Pr\u00e1tico de Diagn\u00f3stico, Tratamento e Conduta Geral  2023 por Edmar Kalil Filho, Roberto;Atik  LAN\u00c7AMENTO<\/span><\/a><\/p>\n","protected":false},"featured_media":7075,"template":"","meta":{"neve_meta_sidebar":"","neve_meta_container":"","neve_meta_enable_content_width":"off","neve_meta_content_width":100,"neve_meta_title_alignment":"","neve_meta_author_avatar":"","neve_post_elements_order":"","neve_meta_disable_header":"","neve_meta_disable_footer":"","neve_meta_disable_title":"","_joinchat":[]},"product_brand":[],"product_cat":[65,58,25],"product_tag":[324],"class_list":{"0":"post-7074","1":"product","2":"type-product","3":"status-publish","4":"has-post-thumbnail","6":"product_cat-cardiologia","7":"product_cat-clinica-medica","8":"product_cat-lancamentos","9":"product_tag-324","11":"first","12":"instock","13":"sale","14":"sold-individually","15":"shipping-taxable","16":"purchasable","17":"product-type-simple"},"jetpack_sharing_enabled":true,"_links":{"self":[{"href":"https:\/\/livrariadocampus.com.br\/loja\/wp-json\/wp\/v2\/product\/7074","targetHints":{"allow":["GET"]}}],"collection":[{"href":"https:\/\/livrariadocampus.com.br\/loja\/wp-json\/wp\/v2\/product"}],"about":[{"href":"https:\/\/livrariadocampus.com.br\/loja\/wp-json\/wp\/v2\/types\/product"}],"wp:featuredmedia":[{"embeddable":true,"href":"https:\/\/livrariadocampus.com.br\/loja\/wp-json\/wp\/v2\/media\/7075"}],"wp:attachment":[{"href":"https:\/\/livrariadocampus.com.br\/loja\/wp-json\/wp\/v2\/media?parent=7074"}],"wp:term":[{"taxonomy":"product_brand","embeddable":true,"href":"https:\/\/livrariadocampus.com.br\/loja\/wp-json\/wp\/v2\/product_brand?post=7074"},{"taxonomy":"product_cat","embeddable":true,"href":"https:\/\/livrariadocampus.com.br\/loja\/wp-json\/wp\/v2\/product_cat?post=7074"},{"taxonomy":"product_tag","embeddable":true,"href":"https:\/\/livrariadocampus.com.br\/loja\/wp-json\/wp\/v2\/product_tag?post=7074"}],"curies":[{"name":"wp","href":"https:\/\/api.w.org\/{rel}","templated":true}]}}