{"id":7072,"date":"2023-07-11T17:03:11","date_gmt":"2023-07-11T20:03:11","guid":{"rendered":"https:\/\/livrariadocampus.com.br\/loja\/?post_type=product&#038;p=7072"},"modified":"2024-01-15T12:19:28","modified_gmt":"2024-01-15T15:19:28","slug":"diabetes-e-doenca-cardiovascular-capa-dura-2023-lancamento","status":"publish","type":"product","link":"https:\/\/livrariadocampus.com.br\/loja\/produto\/diabetes-e-doenca-cardiovascular-capa-dura-2023-lancamento\/","title":{"rendered":"Diabetes e Doen\u00e7a Cardiovascular Capa dura \u2013 2023  LAN\u00c7AMENTO"},"content":{"rendered":"<p>Diabetes e Doen\u00e7a Cardiovascular \u00e9 o mais novo volume da S\u00e9rie InCor de Cardiologia. O livro aborda intera\u00e7\u00f5es fisiopatol\u00f3gicas, terap\u00eauticas e, considera o Diabetes Mellitus, como doen\u00e7a cr\u00f4nica de efeitos metab\u00f3licos sist\u00eamicos, apresentando, com base nisso, as chamadas altera\u00e7\u00f5es macroangiop\u00e1ticas e microangiopaticas, tais como ateroesclerose, fen\u00f4menos tromboemb\u00f3licos e suas consequ\u00eancias. De fato, a rela\u00e7\u00e3o entre hiperglicemia e desenvolvimento das complica\u00e7\u00f5es cr\u00f4nicas do Diabetes Mellitus tem sua inter-rela\u00e7\u00e3o bem evidenciada. Isso se deve ao aumento da permeabilidade capilar e a disfun\u00e7\u00e3o das c\u00e9lulas endoteliais. Assim, surge a doen\u00e7a cardiovascular ateroscler\u00f3tica, definida como doen\u00e7a card\u00edaca coron\u00e1ria, cerebrovascular e doen\u00e7a arterial perif\u00e9rica. Portanto, de posse desses conhecimentos cient\u00edficos, pode-se tra\u00e7ar a melhor estrat\u00e9gia de tratamento, redu\u00e7\u00e3o dos danos e intera\u00e7\u00e3o \u00e0 a\u00e7\u00e3o patog\u00eanica do diabetes \u2013 doen\u00e7a cardiovascular. A obra tem sua equipe autoral formada por integrantes do corpo cl\u00ednico do InCor ou professores de disciplinas afins \u00e0 Cardiologia da Faculdade de Medicina da Universidade de S\u00e3o Paulo \u2013 FMUSP. S\u00e3o 1 Editor, 45 colaboradores, 22 cap\u00edtulos, 300 p\u00e1ginas. Diabetes e Doen\u00e7a Cardiovascular, S\u00e9rie Incor de Cardiologia, tem seu p\u00fablico-leitor formado por Cardiologistas, Cl\u00ednicos, Diabet\u00f3logos, Endocrinologistas e Residentes dessas especialidades.<\/p>\n","protected":false},"excerpt":{"rendered":"<p>Diabetes e Doen\u00e7a Cardiovascular \u00e9 o mais novo volume da S\u00e9rie InCor de Cardiologia. O livro aborda intera\u00e7\u00f5es fisiopatol\u00f3gicas, terap\u00eauticas e, considera o Diabetes Mellitus, como doen\u00e7a cr\u00f4nica de efeitos metab\u00f3licos sist\u00eamicos, apresentando, com base nisso, as chamadas altera\u00e7\u00f5es macroangiop\u00e1ticas e microangiopaticas, tais como ateroesclerose, fen\u00f4menos tromboemb\u00f3licos e suas consequ\u00eancias. De fato, a rela\u00e7\u00e3o entre&hellip;&nbsp;<a href=\"https:\/\/livrariadocampus.com.br\/loja\/produto\/diabetes-e-doenca-cardiovascular-capa-dura-2023-lancamento\/\" class=\"\" rel=\"bookmark\">Continue a ler &raquo;<span class=\"screen-reader-text\">Diabetes e Doen\u00e7a Cardiovascular Capa dura \u2013 2023  LAN\u00c7AMENTO<\/span><\/a><\/p>\n","protected":false},"featured_media":7073,"template":"","meta":{"neve_meta_sidebar":"","neve_meta_container":"","neve_meta_enable_content_width":"off","neve_meta_content_width":100,"neve_meta_title_alignment":"","neve_meta_author_avatar":"","neve_post_elements_order":"","neve_meta_disable_header":"","neve_meta_disable_footer":"","neve_meta_disable_title":"","_joinchat":[]},"product_brand":[],"product_cat":[65,58,195,25],"product_tag":[323],"class_list":{"0":"post-7072","1":"product","2":"type-product","3":"status-publish","4":"has-post-thumbnail","6":"product_cat-cardiologia","7":"product_cat-clinica-medica","8":"product_cat-endocrinologia","9":"product_cat-lancamentos","10":"product_tag-323","12":"first","13":"instock","14":"shipping-taxable","15":"purchasable","16":"product-type-simple"},"jetpack_sharing_enabled":true,"_links":{"self":[{"href":"https:\/\/livrariadocampus.com.br\/loja\/wp-json\/wp\/v2\/product\/7072","targetHints":{"allow":["GET"]}}],"collection":[{"href":"https:\/\/livrariadocampus.com.br\/loja\/wp-json\/wp\/v2\/product"}],"about":[{"href":"https:\/\/livrariadocampus.com.br\/loja\/wp-json\/wp\/v2\/types\/product"}],"wp:featuredmedia":[{"embeddable":true,"href":"https:\/\/livrariadocampus.com.br\/loja\/wp-json\/wp\/v2\/media\/7073"}],"wp:attachment":[{"href":"https:\/\/livrariadocampus.com.br\/loja\/wp-json\/wp\/v2\/media?parent=7072"}],"wp:term":[{"taxonomy":"product_brand","embeddable":true,"href":"https:\/\/livrariadocampus.com.br\/loja\/wp-json\/wp\/v2\/product_brand?post=7072"},{"taxonomy":"product_cat","embeddable":true,"href":"https:\/\/livrariadocampus.com.br\/loja\/wp-json\/wp\/v2\/product_cat?post=7072"},{"taxonomy":"product_tag","embeddable":true,"href":"https:\/\/livrariadocampus.com.br\/loja\/wp-json\/wp\/v2\/product_tag?post=7072"}],"curies":[{"name":"wp","href":"https:\/\/api.w.org\/{rel}","templated":true}]}}