{"id":7067,"date":"2023-07-11T16:58:57","date_gmt":"2023-07-11T19:58:57","guid":{"rendered":"https:\/\/livrariadocampus.com.br\/loja\/?post_type=product&#038;p=7067"},"modified":"2023-07-11T16:58:57","modified_gmt":"2023-07-11T19:58:57","slug":"cardiologia-clinica-aplicada-a-pratica-2023-lancamento","status":"publish","type":"product","link":"https:\/\/livrariadocampus.com.br\/loja\/produto\/cardiologia-clinica-aplicada-a-pratica-2023-lancamento\/","title":{"rendered":"CARDIOLOGIA CL\u00cdNICA APLICADA \u00c0 PRATICA 2023 LAN\u00c7AMENTO"},"content":{"rendered":"<p>Cardiologia Cl\u00ednica Aplicada \u00e0 Pr\u00e1tica \u00e9 obra cuidadosa e criteriosamente desenvolvida por m\u00e9dicos e alunos da Faculdade Israelita de Ci\u00eancias da Sa\u00fade Albert Einstein (FICSAE) com a orienta\u00e7\u00e3o e supervis\u00e3o de professores especialistas qualificados, muitos dos quais tamb\u00e9m coautores. A metodologia empregada \u00e9 baseada em \u201ccen\u00e1rios cl\u00ednicos\u201d, em que s\u00e3o apresentados casos reais com anamnese, exames f\u00edsicos, exames complementares e imagens contextualizadas ao quadro cl\u00ednico.<\/p>\n","protected":false},"excerpt":{"rendered":"<p>Cardiologia Cl\u00ednica Aplicada \u00e0 Pr\u00e1tica \u00e9 obra cuidadosa e criteriosamente desenvolvida por m\u00e9dicos e alunos da Faculdade Israelita de Ci\u00eancias da Sa\u00fade Albert Einstein (FICSAE) com a orienta\u00e7\u00e3o e supervis\u00e3o de professores especialistas qualificados, muitos dos quais tamb\u00e9m coautores. A metodologia empregada \u00e9 baseada em \u201ccen\u00e1rios cl\u00ednicos\u201d, em que s\u00e3o apresentados casos reais com anamnese,&hellip;&nbsp;<a href=\"https:\/\/livrariadocampus.com.br\/loja\/produto\/cardiologia-clinica-aplicada-a-pratica-2023-lancamento\/\" class=\"\" rel=\"bookmark\">Continue a ler &raquo;<span class=\"screen-reader-text\">CARDIOLOGIA CL\u00cdNICA APLICADA \u00c0 PRATICA 2023 LAN\u00c7AMENTO<\/span><\/a><\/p>\n","protected":false},"featured_media":7071,"template":"","meta":{"neve_meta_sidebar":"","neve_meta_container":"","neve_meta_enable_content_width":"off","neve_meta_content_width":100,"neve_meta_title_alignment":"","neve_meta_author_avatar":"","neve_post_elements_order":"","neve_meta_disable_header":"","neve_meta_disable_footer":"","neve_meta_disable_title":"","_joinchat":[]},"product_brand":[],"product_cat":[65,104,25],"product_tag":[322],"class_list":{"0":"post-7067","1":"product","2":"type-product","3":"status-publish","4":"has-post-thumbnail","6":"product_cat-cardiologia","7":"product_cat-clinica-medica-semiologia","8":"product_cat-lancamentos","9":"product_tag-322","11":"first","12":"instock","13":"sale","14":"sold-individually","15":"shipping-taxable","16":"purchasable","17":"product-type-simple"},"jetpack_sharing_enabled":true,"_links":{"self":[{"href":"https:\/\/livrariadocampus.com.br\/loja\/wp-json\/wp\/v2\/product\/7067","targetHints":{"allow":["GET"]}}],"collection":[{"href":"https:\/\/livrariadocampus.com.br\/loja\/wp-json\/wp\/v2\/product"}],"about":[{"href":"https:\/\/livrariadocampus.com.br\/loja\/wp-json\/wp\/v2\/types\/product"}],"wp:featuredmedia":[{"embeddable":true,"href":"https:\/\/livrariadocampus.com.br\/loja\/wp-json\/wp\/v2\/media\/7071"}],"wp:attachment":[{"href":"https:\/\/livrariadocampus.com.br\/loja\/wp-json\/wp\/v2\/media?parent=7067"}],"wp:term":[{"taxonomy":"product_brand","embeddable":true,"href":"https:\/\/livrariadocampus.com.br\/loja\/wp-json\/wp\/v2\/product_brand?post=7067"},{"taxonomy":"product_cat","embeddable":true,"href":"https:\/\/livrariadocampus.com.br\/loja\/wp-json\/wp\/v2\/product_cat?post=7067"},{"taxonomy":"product_tag","embeddable":true,"href":"https:\/\/livrariadocampus.com.br\/loja\/wp-json\/wp\/v2\/product_tag?post=7067"}],"curies":[{"name":"wp","href":"https:\/\/api.w.org\/{rel}","templated":true}]}}