{"id":7065,"date":"2023-07-11T16:48:45","date_gmt":"2023-07-11T19:48:45","guid":{"rendered":"https:\/\/livrariadocampus.com.br\/loja\/?post_type=product&#038;p=7065"},"modified":"2024-09-27T17:17:33","modified_gmt":"2024-09-27T20:17:33","slug":"tratado-de-dermatologia-capa-dura-2023-por-belda-junior-2-vold-walter-belda-junior-autor","status":"publish","type":"product","link":"https:\/\/livrariadocampus.com.br\/loja\/produto\/tratado-de-dermatologia-capa-dura-2023-por-belda-junior-2-vold-walter-belda-junior-autor\/","title":{"rendered":"TRATADO DE DERMATOLOGIA Capa dura \u2013  2023 por BELDA JUNIOR 2  PROMO\u00c7\u00c3O DIVIDI EM 10 S\/ACRESSIMO VOLD \/ WALTER BELDA JUNIOR (Autor) FRETE GRATIS"},"content":{"rendered":"<p>Tratado de Dermatologia segue seu vitorioso percurso editorial; agora, com o lan\u00e7amento da 4\u00aa edi\u00e7\u00e3o, seu conte\u00fado foi integralmente revisto, atualizado e ampliado. Esta edi\u00e7\u00e3o traz avan\u00e7os e temas atuais, como Gen\u00e9tica na Investiga\u00e7\u00e3o Etiol\u00f3gica e no Tratamento, Inova\u00e7\u00f5es em T\u00e9cnica Cir\u00fargica, Ultrassom Dermatopatol\u00f3gico, Tomografia de Coer\u00eancia \u00d3ptica. Anota-se ainda outros temas relevantes, como Inova\u00e7\u00f5es nos Testes de Diagn\u00f3stico, Medicamentos Antivirais, T\u00e9cnicas de Imagem, Uso de Imunobiol\u00f3gicos em Doen\u00e7as Inflamat\u00f3rias e Infecciosas. A obra apresenta 3 Editores, 277 Colaboradores, 2 Volumes, 13 Partes, 169 Cap\u00edtulos, 3.304 P\u00e1ginas. Nesta nova edi\u00e7\u00e3o, acrescentou-se a \u201cPesquisa em Dermatologia\u201d, com a did\u00e1tica de \u201ccomo ler e compreender um artigo cient\u00edfico\u201d e o que \u00e9 a \u201cMedicina Baseada em Evid\u00eancias\u201d. Contundente resposta dos autores \u00e0 prolifera\u00e7\u00e3o de desinforma\u00e7\u00f5es cient\u00edficas observadas durante a pandemia de Covid-19. Os autores brindam seus leitores com as normas e os princ\u00edpios de como se deve corretamente transmitir e informar a verdadeira ci\u00eancia. Os recursos did\u00e1ticos, de grande sucesso editorial, foram integralmente mantidos; ressalta-se: Abordagem da Dermatologia em toda a sua extens\u00e3o cl\u00ednica, investigativa, cir\u00fargica e cosmi\u00e1trica. Um dos seus principais efeitos \u00e9 a constru\u00e7\u00e3o de interfaces com a Medicina Cl\u00ednica e a Cir\u00fargica; novo vi\u00e9s interdisciplinar. Sistematiza\u00e7\u00e3o e Grupamento do Conte\u00fado de acordo com os melhores padr\u00f5es de Medicina Baseada em Evid\u00eancias, bem como da did\u00e1tica estritamente dermatol\u00f3gica e que recomenda o detalhamento do diagn\u00f3stico por meio de um maior n\u00famero de ilustra\u00e7\u00f5es, fotos, imagens, esquemas. etc. Sele\u00e7\u00e3o do conte\u00fado de acordo com a grade de temas estabelecidos pela Sociedade Brasileira de Dermatologia \u2013 o que torna este Tratado de ado\u00e7\u00e3o para o candidato ao t\u00edtulo de Especialista. Em s\u00edntese, ci\u00eancia de qualidade, colabora\u00e7\u00e3o entre diferentes autores e Hospitais e Universidades de ensino, informa\u00e7\u00e3o m\u00e9dico-derm<\/p>\n","protected":false},"excerpt":{"rendered":"<p>Tratado de Dermatologia segue seu vitorioso percurso editorial; agora, com o lan\u00e7amento da 4\u00aa edi\u00e7\u00e3o, seu conte\u00fado foi integralmente revisto, atualizado e ampliado. Esta edi\u00e7\u00e3o traz avan\u00e7os e temas atuais, como Gen\u00e9tica na Investiga\u00e7\u00e3o Etiol\u00f3gica e no Tratamento, Inova\u00e7\u00f5es em T\u00e9cnica Cir\u00fargica, Ultrassom Dermatopatol\u00f3gico, Tomografia de Coer\u00eancia \u00d3ptica. Anota-se ainda outros temas relevantes, como Inova\u00e7\u00f5es&hellip;&nbsp;<a href=\"https:\/\/livrariadocampus.com.br\/loja\/produto\/tratado-de-dermatologia-capa-dura-2023-por-belda-junior-2-vold-walter-belda-junior-autor\/\" class=\"\" rel=\"bookmark\">Continue a ler &raquo;<span class=\"screen-reader-text\">TRATADO DE DERMATOLOGIA Capa dura \u2013  2023 por BELDA JUNIOR 2  PROMO\u00c7\u00c3O DIVIDI EM 10 S\/ACRESSIMO VOLD \/ WALTER BELDA JUNIOR (Autor) FRETE GRATIS<\/span><\/a><\/p>\n","protected":false},"featured_media":7066,"template":"","meta":{"neve_meta_sidebar":"","neve_meta_container":"","neve_meta_enable_content_width":"off","neve_meta_content_width":100,"neve_meta_title_alignment":"","neve_meta_author_avatar":"","neve_post_elements_order":"","neve_meta_disable_header":"","neve_meta_disable_footer":"","neve_meta_disable_title":"","_joinchat":[]},"product_brand":[],"product_cat":[61,25],"product_tag":[321],"class_list":{"0":"post-7065","1":"product","2":"type-product","3":"status-publish","4":"has-post-thumbnail","6":"product_cat-dermatologia","7":"product_cat-lancamentos","8":"product_tag-321","10":"first","11":"instock","12":"shipping-taxable","13":"purchasable","14":"product-type-simple"},"jetpack_sharing_enabled":true,"_links":{"self":[{"href":"https:\/\/livrariadocampus.com.br\/loja\/wp-json\/wp\/v2\/product\/7065","targetHints":{"allow":["GET"]}}],"collection":[{"href":"https:\/\/livrariadocampus.com.br\/loja\/wp-json\/wp\/v2\/product"}],"about":[{"href":"https:\/\/livrariadocampus.com.br\/loja\/wp-json\/wp\/v2\/types\/product"}],"wp:featuredmedia":[{"embeddable":true,"href":"https:\/\/livrariadocampus.com.br\/loja\/wp-json\/wp\/v2\/media\/7066"}],"wp:attachment":[{"href":"https:\/\/livrariadocampus.com.br\/loja\/wp-json\/wp\/v2\/media?parent=7065"}],"wp:term":[{"taxonomy":"product_brand","embeddable":true,"href":"https:\/\/livrariadocampus.com.br\/loja\/wp-json\/wp\/v2\/product_brand?post=7065"},{"taxonomy":"product_cat","embeddable":true,"href":"https:\/\/livrariadocampus.com.br\/loja\/wp-json\/wp\/v2\/product_cat?post=7065"},{"taxonomy":"product_tag","embeddable":true,"href":"https:\/\/livrariadocampus.com.br\/loja\/wp-json\/wp\/v2\/product_tag?post=7065"}],"curies":[{"name":"wp","href":"https:\/\/api.w.org\/{rel}","templated":true}]}}