{"id":7056,"date":"2023-06-29T16:06:05","date_gmt":"2023-06-29T19:06:05","guid":{"rendered":"https:\/\/livrariadocampus.com.br\/loja\/?post_type=product&#038;p=7056"},"modified":"2024-09-23T16:16:58","modified_gmt":"2024-09-23T19:16:58","slug":"endocrinologia-no-dia-a-dia-2a-edicao-espiral-2022","status":"publish","type":"product","link":"https:\/\/livrariadocampus.com.br\/loja\/produto\/endocrinologia-no-dia-a-dia-2a-edicao-espiral-2022\/","title":{"rendered":"Endocrinologia no Dia a Dia 2\u00aa Edi\u00e7\u00e3o Espiral \u2013 2022"},"content":{"rendered":"<p>O livro Endocrinologia Cl\u00ednica no Dia a Dia 2a edi\u00e7\u00e3o destina-se tanto \u00e0 aplica\u00e7\u00e3o na pr\u00e1tica di\u00e1ria quanto ao aprendizado, tendo como objetivo auxiliar o profissional que precisa de uma ferramenta de consulta r\u00e1pida para a tomada de decis\u00e3o cl\u00ednica no consult\u00f3rio, no ambulat\u00f3rio ou no hospital. Esta nova edi\u00e7\u00e3o foi atualizada com as novas condutas m\u00e9dicas segundo os estudos cl\u00ednicos mais recentes, mediante uma revis\u00e3o din\u00e2mica e competente, ganhando mais maturidade e aplicabilidade \u00e0 rotina cl\u00ednica. Abrange os temas mais importantes em Endocrinologia, bem como informa\u00e7\u00f5es sobre avalia\u00e7\u00e3o e tratamento. Elaborada por especialistas que atuam diretamente no atendimento cl\u00ednico e sob organiza\u00e7\u00e3o do Dr. Alberto K. Arbex, esta obra oferece uma vis\u00e3o pr\u00e1tica das informa\u00e7\u00f5es necess\u00e1rias para diagn\u00f3stico e conduta \u00e1geis, uma vez que a Endocrinologia \u00e9 muito din\u00e2mica e humana, exigindo estudo e atualiza\u00e7\u00e3o constantes. \u00c9 uma obra fundamental a todo endocrinologista que deseja se [&#8230;]<\/p>\n","protected":false},"excerpt":{"rendered":"<p>O livro Endocrinologia Cl\u00ednica no Dia a Dia 2a edi\u00e7\u00e3o destina-se tanto \u00e0 aplica\u00e7\u00e3o na pr\u00e1tica di\u00e1ria quanto ao aprendizado, tendo como objetivo auxiliar o profissional que precisa de uma ferramenta de consulta r\u00e1pida para a tomada de decis\u00e3o cl\u00ednica no consult\u00f3rio, no ambulat\u00f3rio ou no hospital. Esta nova edi\u00e7\u00e3o foi atualizada com as novas&hellip;&nbsp;<a href=\"https:\/\/livrariadocampus.com.br\/loja\/produto\/endocrinologia-no-dia-a-dia-2a-edicao-espiral-2022\/\" class=\"\" rel=\"bookmark\">Continue a ler &raquo;<span class=\"screen-reader-text\">Endocrinologia no Dia a Dia 2\u00aa Edi\u00e7\u00e3o Espiral \u2013 2022<\/span><\/a><\/p>\n","protected":false},"featured_media":7057,"template":"","meta":{"neve_meta_sidebar":"","neve_meta_container":"","neve_meta_enable_content_width":"off","neve_meta_content_width":100,"neve_meta_title_alignment":"","neve_meta_author_avatar":"","neve_post_elements_order":"","neve_meta_disable_header":"","neve_meta_disable_footer":"","neve_meta_disable_title":"","_joinchat":[]},"product_brand":[],"product_cat":[195],"product_tag":[],"class_list":{"0":"post-7056","1":"product","2":"type-product","3":"status-publish","4":"has-post-thumbnail","6":"product_cat-endocrinologia","8":"first","9":"instock","10":"sold-individually","11":"shipping-taxable","12":"purchasable","13":"product-type-simple"},"jetpack_sharing_enabled":true,"_links":{"self":[{"href":"https:\/\/livrariadocampus.com.br\/loja\/wp-json\/wp\/v2\/product\/7056","targetHints":{"allow":["GET"]}}],"collection":[{"href":"https:\/\/livrariadocampus.com.br\/loja\/wp-json\/wp\/v2\/product"}],"about":[{"href":"https:\/\/livrariadocampus.com.br\/loja\/wp-json\/wp\/v2\/types\/product"}],"wp:featuredmedia":[{"embeddable":true,"href":"https:\/\/livrariadocampus.com.br\/loja\/wp-json\/wp\/v2\/media\/7057"}],"wp:attachment":[{"href":"https:\/\/livrariadocampus.com.br\/loja\/wp-json\/wp\/v2\/media?parent=7056"}],"wp:term":[{"taxonomy":"product_brand","embeddable":true,"href":"https:\/\/livrariadocampus.com.br\/loja\/wp-json\/wp\/v2\/product_brand?post=7056"},{"taxonomy":"product_cat","embeddable":true,"href":"https:\/\/livrariadocampus.com.br\/loja\/wp-json\/wp\/v2\/product_cat?post=7056"},{"taxonomy":"product_tag","embeddable":true,"href":"https:\/\/livrariadocampus.com.br\/loja\/wp-json\/wp\/v2\/product_tag?post=7056"}],"curies":[{"name":"wp","href":"https:\/\/api.w.org\/{rel}","templated":true}]}}