{"id":7045,"date":"2023-06-22T11:39:21","date_gmt":"2023-06-22T14:39:21","guid":{"rendered":"https:\/\/livrariadocampus.com.br\/loja\/?post_type=product&#038;p=7045"},"modified":"2023-06-28T14:52:01","modified_gmt":"2023-06-28T17:52:01","slug":"autismo-no-adulto-capa-comum-2023-por-jose-alberto-del-porto-autor-francisco-b-assumpcao-jr-autor","status":"publish","type":"product","link":"https:\/\/livrariadocampus.com.br\/loja\/produto\/autismo-no-adulto-capa-comum-2023-por-jose-alberto-del-porto-autor-francisco-b-assumpcao-jr-autor\/","title":{"rendered":"Autismo no Adulto Capa comum \u2013 2023 por Jos\u00e9 Alberto Del Porto (Autor), Francisco B. Assump\u00e7\u00e3o Jr. (Autor)"},"content":{"rendered":"<p>&gt;Embora a preval\u00eancia do transtorno do espectro autista (TEA) em adultos seja similar \u00e0 observada em crian\u00e7as, muitos indiv\u00edduos chegam \u00e0 vida adulta sem o adequado diagn\u00f3stico do transtorno.Assim, Autismo no adulto, organizado por Jos\u00e9 Alberto Del Porto e Francisco B. Assump\u00e7\u00e3o Jr. objetiva contribuir para uma melhor compreens\u00e3o do TEA nessa popula\u00e7\u00e3o, de forma a auxiliar tanto no diagn\u00f3stico como na abordagem multidisciplinar.Contemplando desde a evolu\u00e7\u00e3o hist\u00f3rica do conceito de autismo at\u00e9 chegar \u00e0s atuais classifica\u00e7\u00f5es, o livro traz informa\u00e7\u00f5es sobre epidemiologia, diagn\u00f3stico diferencial, interface da personalidade e do n\u00edvel intelectual com a express\u00e3o cl\u00ednica do autismo no adulto, aspectos relacionados ao trabalho, \u00e0 sexualidade, \u00e0 fam\u00edlia, ao tratamento farmacol\u00f3gico e psicoter\u00e1pico dos pacientes, resid\u00eancia protegida, perspectivas para o idoso autista, bem como alguns desdobramentos legais relacionados \u00e0 vida civil.<br \/>\nLeia mais<\/p>\n","protected":false},"excerpt":{"rendered":"<p>&gt;Embora a preval\u00eancia do transtorno do espectro autista (TEA) em adultos seja similar \u00e0 observada em crian\u00e7as, muitos indiv\u00edduos chegam \u00e0 vida adulta sem o adequado diagn\u00f3stico do transtorno.Assim, Autismo no adulto, organizado por Jos\u00e9 Alberto Del Porto e Francisco B. Assump\u00e7\u00e3o Jr. objetiva contribuir para uma melhor compreens\u00e3o do TEA nessa popula\u00e7\u00e3o, de forma&hellip;&nbsp;<a href=\"https:\/\/livrariadocampus.com.br\/loja\/produto\/autismo-no-adulto-capa-comum-2023-por-jose-alberto-del-porto-autor-francisco-b-assumpcao-jr-autor\/\" class=\"\" rel=\"bookmark\">Continue a ler &raquo;<span class=\"screen-reader-text\">Autismo no Adulto Capa comum \u2013 2023 por Jos\u00e9 Alberto Del Porto (Autor), Francisco B. Assump\u00e7\u00e3o Jr. (Autor)<\/span><\/a><\/p>\n","protected":false},"featured_media":7046,"template":"","meta":{"neve_meta_sidebar":"","neve_meta_container":"","neve_meta_enable_content_width":"off","neve_meta_content_width":100,"neve_meta_title_alignment":"","neve_meta_author_avatar":"","neve_post_elements_order":"","neve_meta_disable_header":"","neve_meta_disable_footer":"","neve_meta_disable_title":"","_joinchat":[]},"product_brand":[],"product_cat":[25,257,56,182],"product_tag":[319],"class_list":{"0":"post-7045","1":"product","2":"type-product","3":"status-publish","4":"has-post-thumbnail","6":"product_cat-lancamentos","7":"product_cat-neurologia-infantil","8":"product_cat-pediatria","9":"product_cat-pediatria-neonatologia","10":"product_tag-319","12":"first","13":"instock","14":"sold-individually","15":"shipping-taxable","16":"purchasable","17":"product-type-simple"},"jetpack_sharing_enabled":true,"_links":{"self":[{"href":"https:\/\/livrariadocampus.com.br\/loja\/wp-json\/wp\/v2\/product\/7045","targetHints":{"allow":["GET"]}}],"collection":[{"href":"https:\/\/livrariadocampus.com.br\/loja\/wp-json\/wp\/v2\/product"}],"about":[{"href":"https:\/\/livrariadocampus.com.br\/loja\/wp-json\/wp\/v2\/types\/product"}],"wp:featuredmedia":[{"embeddable":true,"href":"https:\/\/livrariadocampus.com.br\/loja\/wp-json\/wp\/v2\/media\/7046"}],"wp:attachment":[{"href":"https:\/\/livrariadocampus.com.br\/loja\/wp-json\/wp\/v2\/media?parent=7045"}],"wp:term":[{"taxonomy":"product_brand","embeddable":true,"href":"https:\/\/livrariadocampus.com.br\/loja\/wp-json\/wp\/v2\/product_brand?post=7045"},{"taxonomy":"product_cat","embeddable":true,"href":"https:\/\/livrariadocampus.com.br\/loja\/wp-json\/wp\/v2\/product_cat?post=7045"},{"taxonomy":"product_tag","embeddable":true,"href":"https:\/\/livrariadocampus.com.br\/loja\/wp-json\/wp\/v2\/product_tag?post=7045"}],"curies":[{"name":"wp","href":"https:\/\/api.w.org\/{rel}","templated":true}]}}