{"id":7041,"date":"2023-06-22T11:30:02","date_gmt":"2023-06-22T14:30:02","guid":{"rendered":"https:\/\/livrariadocampus.com.br\/loja\/?post_type=product&#038;p=7041"},"modified":"2024-01-15T12:20:21","modified_gmt":"2024-01-15T15:20:21","slug":"consultorio-do-cardiologista-solucoes-praticas-capa-dura-2023-por-fernando-nobre-autor-marcelo-garcia-leal-editor","status":"publish","type":"product","link":"https:\/\/livrariadocampus.com.br\/loja\/produto\/consultorio-do-cardiologista-solucoes-praticas-capa-dura-2023-por-fernando-nobre-autor-marcelo-garcia-leal-editor\/","title":{"rendered":"Consult\u00f3rio do Cardiologista: Solu\u00e7\u00f5es pr\u00e1ticas Capa dura \u2013  2023 por Fernando Nobre (Autor), Marcelo Garcia Leal (Editor)"},"content":{"rendered":"<p>A pr\u00e1tica m\u00e9dica no consult\u00f3rio est\u00e1 entre as mais nobres atividades exercidas pelo cardiologista. Um quarto dos m\u00e9dicos que exercem a especialidade no pa\u00eds t\u00eam no consult\u00f3rio a sua atividade principal. Al\u00e9m disso o atendimento hospitalar, os ambulat\u00f3rios, p\u00fablicos e privados, exigem conhecimentos espec\u00edficos e que precisam estar \u00e0 m\u00e3o de forma suscinta e ordenada para que o diagn\u00f3stico seja correto e o emprego da terap\u00eautica, medicamentosa ou n\u00e3o, aplicada com base nas mais recentes e objetivas orienta\u00e7\u00f5es da medicina que caminha c\u00e9lere na sua evolu\u00e7\u00e3o.<br \/>\nCardiologia de Consult\u00f3rio, na sua 3\u00aa. edi\u00e7\u00e3o, vem ao encontro dessa necessidade do m\u00e9dico para exercer sua atividade plena e do paciente que dele espera a melhor conduta para sua doen\u00e7a e enfermidade.<br \/>\nOs cap\u00edtulos s\u00e3o objetivos, de f\u00e1cil e r\u00e1pida consulta para que, frente a uma necessidade imediata, a resposta possibilite decis\u00f5es seguras e corretas.<\/p>\n","protected":false},"excerpt":{"rendered":"<p>A pr\u00e1tica m\u00e9dica no consult\u00f3rio est\u00e1 entre as mais nobres atividades exercidas pelo cardiologista. Um quarto dos m\u00e9dicos que exercem a especialidade no pa\u00eds t\u00eam no consult\u00f3rio a sua atividade principal. Al\u00e9m disso o atendimento hospitalar, os ambulat\u00f3rios, p\u00fablicos e privados, exigem conhecimentos espec\u00edficos e que precisam estar \u00e0 m\u00e3o de forma suscinta e ordenada&hellip;&nbsp;<a href=\"https:\/\/livrariadocampus.com.br\/loja\/produto\/consultorio-do-cardiologista-solucoes-praticas-capa-dura-2023-por-fernando-nobre-autor-marcelo-garcia-leal-editor\/\" class=\"\" rel=\"bookmark\">Continue a ler &raquo;<span class=\"screen-reader-text\">Consult\u00f3rio do Cardiologista: Solu\u00e7\u00f5es pr\u00e1ticas Capa dura \u2013  2023 por Fernando Nobre (Autor), Marcelo Garcia Leal (Editor)<\/span><\/a><\/p>\n","protected":false},"featured_media":7042,"template":"","meta":{"neve_meta_sidebar":"","neve_meta_container":"","neve_meta_enable_content_width":"off","neve_meta_content_width":100,"neve_meta_title_alignment":"","neve_meta_author_avatar":"","neve_post_elements_order":"","neve_meta_disable_header":"","neve_meta_disable_footer":"","neve_meta_disable_title":"","_joinchat":[]},"product_brand":[],"product_cat":[65,25,250],"product_tag":[317],"class_list":{"0":"post-7041","1":"product","2":"type-product","3":"status-publish","4":"has-post-thumbnail","6":"product_cat-cardiologia","7":"product_cat-lancamentos","8":"product_cat-promocao","9":"product_tag-978-6555769210","11":"first","12":"instock","13":"sold-individually","14":"shipping-taxable","15":"purchasable","16":"product-type-simple"},"jetpack_sharing_enabled":true,"_links":{"self":[{"href":"https:\/\/livrariadocampus.com.br\/loja\/wp-json\/wp\/v2\/product\/7041","targetHints":{"allow":["GET"]}}],"collection":[{"href":"https:\/\/livrariadocampus.com.br\/loja\/wp-json\/wp\/v2\/product"}],"about":[{"href":"https:\/\/livrariadocampus.com.br\/loja\/wp-json\/wp\/v2\/types\/product"}],"wp:featuredmedia":[{"embeddable":true,"href":"https:\/\/livrariadocampus.com.br\/loja\/wp-json\/wp\/v2\/media\/7042"}],"wp:attachment":[{"href":"https:\/\/livrariadocampus.com.br\/loja\/wp-json\/wp\/v2\/media?parent=7041"}],"wp:term":[{"taxonomy":"product_brand","embeddable":true,"href":"https:\/\/livrariadocampus.com.br\/loja\/wp-json\/wp\/v2\/product_brand?post=7041"},{"taxonomy":"product_cat","embeddable":true,"href":"https:\/\/livrariadocampus.com.br\/loja\/wp-json\/wp\/v2\/product_cat?post=7041"},{"taxonomy":"product_tag","embeddable":true,"href":"https:\/\/livrariadocampus.com.br\/loja\/wp-json\/wp\/v2\/product_tag?post=7041"}],"curies":[{"name":"wp","href":"https:\/\/api.w.org\/{rel}","templated":true}]}}