{"id":7038,"date":"2023-06-21T16:43:58","date_gmt":"2023-06-21T19:43:58","guid":{"rendered":"https:\/\/livrariadocampus.com.br\/loja\/?post_type=product&#038;p=7038"},"modified":"2023-06-21T16:45:52","modified_gmt":"2023-06-21T19:45:52","slug":"seja-foda-capa-comum-edicao-padrao-2017-edicao-portugues-por-caio-carneiro-autor","status":"publish","type":"product","link":"https:\/\/livrariadocampus.com.br\/loja\/produto\/seja-foda-capa-comum-edicao-padrao-2017-edicao-portugues-por-caio-carneiro-autor\/","title":{"rendered":"Seja foda! Capa comum \u2013 Edi\u00e7\u00e3o padr\u00e3o,  2017 Edi\u00e7\u00e3o Portugu\u00eas  por Caio Carneiro (Autor)"},"content":{"rendered":"<p>posto que voc\u00ea quer, no final da sua vida, olhar para tr\u00e1s, bater no peito com o cora\u00e7\u00e3o cheio de felicidade, sem falsa mod\u00e9stia, com plena convic\u00e7\u00e3o e serenidade, e dizer: minha vida foi FODA. Mas calma, encontrar este livro \u00e9 s\u00f3 o come\u00e7o. Agora, voc\u00ea precisa lev\u00e1-lo com voc\u00ea. Com ele, voc\u00ea vai aprender comportamentos e atitudes necess\u00e1rios para conquistar, em todos os aspectos da sua vida, resultados incr\u00edveis. Ele vai provocar e inspirar voc\u00ea n\u00e3o s\u00f3 a ter o esp\u00edrito elevado e sonhar com coisas inimagin\u00e1veis, mas tamb\u00e9m se tornar consciente do que precisa fazer para realizar cada um desses sonhos. Vamos juntos?<br \/>\n   Relatar informa\u00e7\u00f5es incorretas sobre o produto.<\/p>\n","protected":false},"excerpt":{"rendered":"<p>posto que voc\u00ea quer, no final da sua vida, olhar para tr\u00e1s, bater no peito com o cora\u00e7\u00e3o cheio de felicidade, sem falsa mod\u00e9stia, com plena convic\u00e7\u00e3o e serenidade, e dizer: minha vida foi FODA. Mas calma, encontrar este livro \u00e9 s\u00f3 o come\u00e7o. Agora, voc\u00ea precisa lev\u00e1-lo com voc\u00ea. Com ele, voc\u00ea vai aprender&hellip;&nbsp;<a href=\"https:\/\/livrariadocampus.com.br\/loja\/produto\/seja-foda-capa-comum-edicao-padrao-2017-edicao-portugues-por-caio-carneiro-autor\/\" class=\"\" rel=\"bookmark\">Continue a ler &raquo;<span class=\"screen-reader-text\">Seja foda! Capa comum \u2013 Edi\u00e7\u00e3o padr\u00e3o,  2017 Edi\u00e7\u00e3o Portugu\u00eas  por Caio Carneiro (Autor)<\/span><\/a><\/p>\n","protected":false},"featured_media":0,"template":"","meta":{"neve_meta_sidebar":"","neve_meta_container":"","neve_meta_enable_content_width":"off","neve_meta_content_width":100,"neve_meta_title_alignment":"","neve_meta_author_avatar":"","neve_post_elements_order":"","neve_meta_disable_header":"","neve_meta_disable_footer":"","neve_meta_disable_title":"","_joinchat":[]},"product_brand":[],"product_cat":[15,249],"product_tag":[],"class_list":{"0":"post-7038","1":"product","2":"type-product","3":"status-publish","5":"product_cat-outros","6":"product_cat-literatura-geral","8":"first","9":"instock","10":"sale","11":"shipping-taxable","12":"purchasable","13":"product-type-simple"},"jetpack_sharing_enabled":true,"_links":{"self":[{"href":"https:\/\/livrariadocampus.com.br\/loja\/wp-json\/wp\/v2\/product\/7038","targetHints":{"allow":["GET"]}}],"collection":[{"href":"https:\/\/livrariadocampus.com.br\/loja\/wp-json\/wp\/v2\/product"}],"about":[{"href":"https:\/\/livrariadocampus.com.br\/loja\/wp-json\/wp\/v2\/types\/product"}],"wp:attachment":[{"href":"https:\/\/livrariadocampus.com.br\/loja\/wp-json\/wp\/v2\/media?parent=7038"}],"wp:term":[{"taxonomy":"product_brand","embeddable":true,"href":"https:\/\/livrariadocampus.com.br\/loja\/wp-json\/wp\/v2\/product_brand?post=7038"},{"taxonomy":"product_cat","embeddable":true,"href":"https:\/\/livrariadocampus.com.br\/loja\/wp-json\/wp\/v2\/product_cat?post=7038"},{"taxonomy":"product_tag","embeddable":true,"href":"https:\/\/livrariadocampus.com.br\/loja\/wp-json\/wp\/v2\/product_tag?post=7038"}],"curies":[{"name":"wp","href":"https:\/\/api.w.org\/{rel}","templated":true}]}}