{"id":7036,"date":"2023-06-21T16:41:41","date_gmt":"2023-06-21T19:41:41","guid":{"rendered":"https:\/\/livrariadocampus.com.br\/loja\/?post_type=product&#038;p=7036"},"modified":"2024-01-15T12:20:48","modified_gmt":"2024-01-15T15:20:48","slug":"diagnostico-topografico-em-neurologia-capa-comum-2020","status":"publish","type":"product","link":"https:\/\/livrariadocampus.com.br\/loja\/produto\/diagnostico-topografico-em-neurologia-capa-comum-2020\/","title":{"rendered":"Diagnostico Topografico Em Neurologia Capa comum \u2013 2020"},"content":{"rendered":"<p>O cl\u00e1ssico eterno de neurologia \u2013 atualizado e ampliado! A sexta edi\u00e7\u00e3o do Diagn\u00f3stico Topogr\u00e1fico em Neurologia baseia-se em descri\u00e7\u00f5es claras e integradas de anatomia, fun\u00e7\u00e3o e dist\u00farbios do sistema nervoso central, que o tornaram um sucesso ao longo de quase cinco d\u00e9cadas, servindo como refer\u00eancia r\u00e1pida para profissionais formados e estudantes. O livro elucida as vias neuroanat\u00f4micas que causam s\u00edndromes cl\u00ednicas espec\u00edficas e demonstra como os conhecimentos abrangentes de anatomia, quando combinados com um exame neurol\u00f3gico detalhado, podem ajudar a localizar e a classificar uma les\u00e3o e esclarecer o diagn\u00f3stico diferencial. A estrutura tem\u00e1tica l\u00f3gica consagrada pelo tempo, al\u00e9m dos resumos \u00fateis colocados na abertura de cada cap\u00edtulo e os t\u00edtulos de se\u00e7\u00f5es codificados por cores, permitem aos leitores diferenciar rapidamente os textos de neuroanatomia e cl\u00ednica, para que possam estudar de forma eficiente sem disp\u00eandio excessivo de tempo. Funcionalidades da sexta edi\u00e7\u00e3o: Tabelas e exemplos de casos cl\u00ednicos in\u00e9ditos Descri\u00e7\u00f5es mais claras das bases neuroanat\u00f4micas\/neurofisiol\u00f3gicas no contexto dos sintomas cl\u00ednicos Vinte e tr\u00eas ilustra\u00e7\u00f5es in\u00e9ditas, totalizando 429 ilustra\u00e7\u00f5es Diversos recursos adicionais de estudo e correla\u00e7\u00f5es cl\u00ednicas, que refor\u00e7am a \u00eanfase em medicina integrativa dos curr\u00edculos modernos das escolas de medicina Diagn\u00f3stico Topogr\u00e1fico em Neurologia \u00e9 uma fonte de refer\u00eancia ideal para neurologistas e neurocientistas, que precisam correlacionar doen\u00e7as neurol\u00f3gicas com a localiza\u00e7\u00e3o anat\u00f4mica para chegar a um diagn\u00f3stico ou entender uma s\u00edndrome cl\u00ednica. O livro tamb\u00e9m \u00e9 essencial aos estudantes iniciantes e avan\u00e7ados, que precisam de bases s\u00f3lidas para entender as rela\u00e7\u00f5es neurofuncionais fundamentais. Mathias Baehr, MD, Diretor e Catedr\u00e1tico do Departamento de Neurologia, University of Goettingen, Goettingen, Alemanha. Michael Frotscher, MD, foi Diretor-Geral do Instituto de Neurobiologia Molecular, Diretor de Neu<br \/>\nLeia mais<\/p>\n","protected":false},"excerpt":{"rendered":"<p>O cl\u00e1ssico eterno de neurologia \u2013 atualizado e ampliado! A sexta edi\u00e7\u00e3o do Diagn\u00f3stico Topogr\u00e1fico em Neurologia baseia-se em descri\u00e7\u00f5es claras e integradas de anatomia, fun\u00e7\u00e3o e dist\u00farbios do sistema nervoso central, que o tornaram um sucesso ao longo de quase cinco d\u00e9cadas, servindo como refer\u00eancia r\u00e1pida para profissionais formados e estudantes. O livro elucida&hellip;&nbsp;<a href=\"https:\/\/livrariadocampus.com.br\/loja\/produto\/diagnostico-topografico-em-neurologia-capa-comum-2020\/\" class=\"\" rel=\"bookmark\">Continue a ler &raquo;<span class=\"screen-reader-text\">Diagnostico Topografico Em Neurologia Capa comum \u2013 2020<\/span><\/a><\/p>\n","protected":false},"featured_media":7037,"template":"","meta":{"neve_meta_sidebar":"","neve_meta_container":"","neve_meta_enable_content_width":"off","neve_meta_content_width":100,"neve_meta_title_alignment":"","neve_meta_author_avatar":"","neve_post_elements_order":"","neve_meta_disable_header":"","neve_meta_disable_footer":"","neve_meta_disable_title":"","_joinchat":[]},"product_brand":[],"product_cat":[64],"product_tag":[316],"class_list":{"0":"post-7036","1":"product","2":"type-product","3":"status-publish","4":"has-post-thumbnail","6":"product_cat-neuroogia-e-neurocirurgia","7":"product_tag-316","9":"first","10":"instock","11":"sold-individually","12":"shipping-taxable","13":"purchasable","14":"product-type-simple"},"jetpack_sharing_enabled":true,"_links":{"self":[{"href":"https:\/\/livrariadocampus.com.br\/loja\/wp-json\/wp\/v2\/product\/7036","targetHints":{"allow":["GET"]}}],"collection":[{"href":"https:\/\/livrariadocampus.com.br\/loja\/wp-json\/wp\/v2\/product"}],"about":[{"href":"https:\/\/livrariadocampus.com.br\/loja\/wp-json\/wp\/v2\/types\/product"}],"wp:featuredmedia":[{"embeddable":true,"href":"https:\/\/livrariadocampus.com.br\/loja\/wp-json\/wp\/v2\/media\/7037"}],"wp:attachment":[{"href":"https:\/\/livrariadocampus.com.br\/loja\/wp-json\/wp\/v2\/media?parent=7036"}],"wp:term":[{"taxonomy":"product_brand","embeddable":true,"href":"https:\/\/livrariadocampus.com.br\/loja\/wp-json\/wp\/v2\/product_brand?post=7036"},{"taxonomy":"product_cat","embeddable":true,"href":"https:\/\/livrariadocampus.com.br\/loja\/wp-json\/wp\/v2\/product_cat?post=7036"},{"taxonomy":"product_tag","embeddable":true,"href":"https:\/\/livrariadocampus.com.br\/loja\/wp-json\/wp\/v2\/product_tag?post=7036"}],"curies":[{"name":"wp","href":"https:\/\/api.w.org\/{rel}","templated":true}]}}