{"id":7027,"date":"2023-06-21T13:45:56","date_gmt":"2023-06-21T16:45:56","guid":{"rendered":"https:\/\/livrariadocampus.com.br\/loja\/?post_type=product&#038;p=7027"},"modified":"2024-02-20T14:43:57","modified_gmt":"2024-02-20T17:43:57","slug":"manual-de-onco-hematologia-tmo-e-praticas-assistenciais-i-nterdisciplinar-capa-comum-2017-por-celso-massumoto-autor","status":"publish","type":"product","link":"https:\/\/livrariadocampus.com.br\/loja\/produto\/manual-de-onco-hematologia-tmo-e-praticas-assistenciais-i-nterdisciplinar-capa-comum-2017-por-celso-massumoto-autor\/","title":{"rendered":"MANUAL DE ONCO-HEMATOLOGIA: TMO E PRATICAS ASSISTENCIAIS I NTERDISCIPLINAR Capa comum \u2013 2017 por CELSO MASSUMOTO (Autor)"},"content":{"rendered":"<p>Livro em capa brochura em bom estado de conserva\u00e7\u00e3o, com alguns sinais de uso e marcas de manuseio, miolo firme, 354 p\u00e1ginas sem riscos ou grifos. Foto original do exemplar.<\/p>\n","protected":false},"excerpt":{"rendered":"<p>Livro em capa brochura em bom estado de conserva\u00e7\u00e3o, com alguns sinais de uso e marcas de manuseio, miolo firme, 354 p\u00e1ginas sem riscos ou grifos. Foto original do exemplar.<\/p>\n","protected":false},"featured_media":7028,"template":"","meta":{"neve_meta_sidebar":"","neve_meta_container":"","neve_meta_enable_content_width":"off","neve_meta_content_width":100,"neve_meta_title_alignment":"","neve_meta_author_avatar":"","neve_post_elements_order":"","neve_meta_disable_header":"","neve_meta_disable_footer":"","neve_meta_disable_title":"","_joinchat":[]},"product_brand":[],"product_cat":[15],"product_tag":[315],"class_list":{"0":"post-7027","1":"product","2":"type-product","3":"status-publish","4":"has-post-thumbnail","6":"product_cat-outros","7":"product_tag-315","9":"first","10":"instock","11":"sale","12":"shipping-taxable","13":"purchasable","14":"product-type-simple"},"jetpack_sharing_enabled":true,"_links":{"self":[{"href":"https:\/\/livrariadocampus.com.br\/loja\/wp-json\/wp\/v2\/product\/7027","targetHints":{"allow":["GET"]}}],"collection":[{"href":"https:\/\/livrariadocampus.com.br\/loja\/wp-json\/wp\/v2\/product"}],"about":[{"href":"https:\/\/livrariadocampus.com.br\/loja\/wp-json\/wp\/v2\/types\/product"}],"wp:featuredmedia":[{"embeddable":true,"href":"https:\/\/livrariadocampus.com.br\/loja\/wp-json\/wp\/v2\/media\/7028"}],"wp:attachment":[{"href":"https:\/\/livrariadocampus.com.br\/loja\/wp-json\/wp\/v2\/media?parent=7027"}],"wp:term":[{"taxonomy":"product_brand","embeddable":true,"href":"https:\/\/livrariadocampus.com.br\/loja\/wp-json\/wp\/v2\/product_brand?post=7027"},{"taxonomy":"product_cat","embeddable":true,"href":"https:\/\/livrariadocampus.com.br\/loja\/wp-json\/wp\/v2\/product_cat?post=7027"},{"taxonomy":"product_tag","embeddable":true,"href":"https:\/\/livrariadocampus.com.br\/loja\/wp-json\/wp\/v2\/product_tag?post=7027"}],"curies":[{"name":"wp","href":"https:\/\/api.w.org\/{rel}","templated":true}]}}