{"id":7022,"date":"2023-06-21T13:14:17","date_gmt":"2023-06-21T16:14:17","guid":{"rendered":"https:\/\/livrariadocampus.com.br\/loja\/?post_type=product&#038;p=7022"},"modified":"2024-09-24T17:52:53","modified_gmt":"2024-09-24T20:52:53","slug":"robbins-cotran-patologia-bases-patologicas-das-doencas-2023-por-vinay-kumar-promocao-8x-s-acressimo","status":"publish","type":"product","link":"https:\/\/livrariadocampus.com.br\/loja\/produto\/robbins-cotran-patologia-bases-patologicas-das-doencas-2023-por-vinay-kumar-promocao-8x-s-acressimo\/","title":{"rendered":"Robbins &amp; Cotran &#8211; Patologia &#8211; Bases Patol\u00f3gicas das Doen\u00e7as 2023 Kumar promo\u00e7\u00e3o  8x s\/ acressimo"},"content":{"rendered":"<p>ais de mil fotografias em alta qualidade e ilustra\u00e7\u00f5es coloridas destacam as informa\u00e7\u00f5es sobre o conhecimento recente e essencial no campo da biologia molecular, da classifica\u00e7\u00e3o de doen\u00e7as, dos novos f\u00e1rmacos e tratamentos.Principais caracter\u00edsticas:T\u00f3picos atuais, incluindo novas terapias para hepatite C, classifica\u00e7\u00e3o de linfomas, resposta celular ao ac\u00famulo de prote\u00ednas mal enoveladas no l\u00famen do ret\u00edculo endoplasm\u00e1tico (via UPR, unfolded protein response), vias n\u00e3o apopt\u00f3ticas de morte celular, infec\u00e7\u00f5es por coronav\u00edrus, biopsia l\u00edquida para detec\u00e7\u00e3o de c\u00e2ncer, regula\u00e7\u00e3o da absor\u00e7\u00e3o de ferro, hematopoese clonal e aterosclerose, microangiopatias tromb\u00f3ticas, trombocitopenias induzidas por heparina, miopatias inflamat\u00f3rias, ferramentas gen\u00e9ticas para o tratamento da fibrose c\u00edstica, entre outrosRecursos did\u00e1ticos, como os textos destacados em negrito, os boxes Conceito-chave e Morfologia, as sugest\u00f5es de leitura, os diagramas esquem\u00e1ticos que ilustram conceitos complexos e as novas figuras microsc\u00f3picas para elucidar detalhes morfol\u00f3gicosInforma\u00e7\u00f5es atualizadas sobre testes moleculares e gen\u00e9ticos, mecanismos da doen\u00e7a, medicina personalizada e seu impacto no tratamento de doen\u00e7as humanas, papel do microbioma e do metaboloma em doen\u00e7as n\u00e3o transmiss\u00edveis.<\/p>\n","protected":false},"excerpt":{"rendered":"<p>ais de mil fotografias em alta qualidade e ilustra\u00e7\u00f5es coloridas destacam as informa\u00e7\u00f5es sobre o conhecimento recente e essencial no campo da biologia molecular, da classifica\u00e7\u00e3o de doen\u00e7as, dos novos f\u00e1rmacos e tratamentos.Principais caracter\u00edsticas:T\u00f3picos atuais, incluindo novas terapias para hepatite C, classifica\u00e7\u00e3o de linfomas, resposta celular ao ac\u00famulo de prote\u00ednas mal enoveladas no l\u00famen do&hellip;&nbsp;<a href=\"https:\/\/livrariadocampus.com.br\/loja\/produto\/robbins-cotran-patologia-bases-patologicas-das-doencas-2023-por-vinay-kumar-promocao-8x-s-acressimo\/\" class=\"\" rel=\"bookmark\">Continue a ler &raquo;<span class=\"screen-reader-text\">Robbins &amp; Cotran &#8211; Patologia &#8211; Bases Patol\u00f3gicas das Doen\u00e7as 2023 Kumar promo\u00e7\u00e3o  8x s\/ acressimo<\/span><\/a><\/p>\n","protected":false},"featured_media":7023,"template":"","meta":{"neve_meta_sidebar":"","neve_meta_container":"","neve_meta_enable_content_width":"off","neve_meta_content_width":100,"neve_meta_title_alignment":"","neve_meta_author_avatar":"","neve_post_elements_order":"","neve_meta_disable_header":"","neve_meta_disable_footer":"","neve_meta_disable_title":"","_joinchat":[]},"product_brand":[],"product_cat":[80,58,25,71],"product_tag":[314],"class_list":{"0":"post-7022","1":"product","2":"type-product","3":"status-publish","4":"has-post-thumbnail","6":"product_cat-biologia","7":"product_cat-clinica-medica","8":"product_cat-lancamentos","9":"product_cat-patalogia-geral","10":"product_tag-314","12":"first","13":"instock","14":"shipping-taxable","15":"purchasable","16":"product-type-simple"},"jetpack_sharing_enabled":true,"_links":{"self":[{"href":"https:\/\/livrariadocampus.com.br\/loja\/wp-json\/wp\/v2\/product\/7022","targetHints":{"allow":["GET"]}}],"collection":[{"href":"https:\/\/livrariadocampus.com.br\/loja\/wp-json\/wp\/v2\/product"}],"about":[{"href":"https:\/\/livrariadocampus.com.br\/loja\/wp-json\/wp\/v2\/types\/product"}],"wp:featuredmedia":[{"embeddable":true,"href":"https:\/\/livrariadocampus.com.br\/loja\/wp-json\/wp\/v2\/media\/7023"}],"wp:attachment":[{"href":"https:\/\/livrariadocampus.com.br\/loja\/wp-json\/wp\/v2\/media?parent=7022"}],"wp:term":[{"taxonomy":"product_brand","embeddable":true,"href":"https:\/\/livrariadocampus.com.br\/loja\/wp-json\/wp\/v2\/product_brand?post=7022"},{"taxonomy":"product_cat","embeddable":true,"href":"https:\/\/livrariadocampus.com.br\/loja\/wp-json\/wp\/v2\/product_cat?post=7022"},{"taxonomy":"product_tag","embeddable":true,"href":"https:\/\/livrariadocampus.com.br\/loja\/wp-json\/wp\/v2\/product_tag?post=7022"}],"curies":[{"name":"wp","href":"https:\/\/api.w.org\/{rel}","templated":true}]}}