{"id":7015,"date":"2023-06-20T14:36:08","date_gmt":"2023-06-20T17:36:08","guid":{"rendered":"https:\/\/livrariadocampus.com.br\/loja\/?post_type=product&#038;p=7015"},"modified":"2024-01-15T12:21:32","modified_gmt":"2024-01-15T15:21:32","slug":"ferri-doencas-infecciosas-recomendacoes-atualizadas-de-diagnostico-e-tratamento-2019-por-fred-f-ferri","status":"publish","type":"product","link":"https:\/\/livrariadocampus.com.br\/loja\/produto\/ferri-doencas-infecciosas-recomendacoes-atualizadas-de-diagnostico-e-tratamento-2019-por-fred-f-ferri\/","title":{"rendered":"Ferri Doen\u00e7as Infecciosas &#8211; Recomenda\u00e7\u00f5es Atualizadas de Diagn\u00f3stico e Tratamento  2019 por Fred F. FERRI"},"content":{"rendered":"<p>Ferri Doen\u00e7as Infecciosas \u00e9 uma refer\u00eancia clara e concisa para profissionais da \u00e1rea de Infectologia e de outras especialidades de pronto atendimento, estudantes de medicina e demais profissionais da sa\u00fade. Seu formato foi desenvolvido para fornecer um m\u00e9todo r\u00e1pido e eficiente de identificar importantes informa\u00e7\u00f5es cl\u00ednicas e oferecer orienta\u00e7\u00e3o pr\u00e1tica no manejo do paciente. O livro \u00e9 dividido em quatro se\u00e7\u00f5es, cada qual com \u00eanfase em determinadas informa\u00e7\u00f5es cl\u00ednicas. A Se\u00e7\u00e3o I detalha os dist\u00farbios cl\u00ednicos em t\u00f3picos organizados em ordem alfab\u00e9tica e divididos em subt\u00f3picos para facilitar a busca. T\u00f3picos com algoritmo associado s\u00e3o identificados com um s\u00edmbolo (ALG). Informa\u00e7\u00f5es-chave de acesso r\u00e1pido est\u00e3o destacadas, fotografias ilustram condi\u00e7\u00f5es cl\u00ednicas espec\u00edficas e C\u00f3digos CID-10 relevantes s\u00e3o listados. A Se\u00e7\u00e3o II inclui diagn\u00f3stico diferencial, etiologia e classifica\u00e7\u00e3o de sinais e sintomas. \u00c9 uma se\u00e7\u00e3o pr\u00e1tica que permite ao usu\u00e1rio investigar uma queixa f\u00edsica ou valor laboratorial anormal para realizar uma \u201cbateria de exames\u201d que leve com rapidez e efici\u00eancia ao diagn\u00f3stico. A Se\u00e7\u00e3o III inclui algoritmos cl\u00ednicos para guiar e agilizar os exames e a terapia do paciente. A Se\u00e7\u00e3o IV enfoca a medicina preventiva. As informa\u00e7\u00f5es nesta se\u00e7\u00e3o incluem recomenda\u00e7\u00f5es para o exame peri\u00f3dico de sa\u00fade, triagem para as principais doen\u00e7as e transtornos, aconselhamento ao paciente e recomenda\u00e7\u00f5es de imuniza\u00e7\u00e3o e quimioprofilaxia. A abordagem amig\u00e1vel, as caracter\u00edsticas \u00fanicas e a atualiza\u00e7\u00e3o das evid\u00eancias m\u00e9dicas tornam este livro uma valiosa refer\u00eancia.<br \/>\nLeia mais<br \/>\n   Relatar informa\u00e7\u00f5es incorretas sobre o produto.<\/p>\n","protected":false},"excerpt":{"rendered":"<p>Ferri Doen\u00e7as Infecciosas \u00e9 uma refer\u00eancia clara e concisa para profissionais da \u00e1rea de Infectologia e de outras especialidades de pronto atendimento, estudantes de medicina e demais profissionais da sa\u00fade. Seu formato foi desenvolvido para fornecer um m\u00e9todo r\u00e1pido e eficiente de identificar importantes informa\u00e7\u00f5es cl\u00ednicas e oferecer orienta\u00e7\u00e3o pr\u00e1tica no manejo do paciente. O&hellip;&nbsp;<a href=\"https:\/\/livrariadocampus.com.br\/loja\/produto\/ferri-doencas-infecciosas-recomendacoes-atualizadas-de-diagnostico-e-tratamento-2019-por-fred-f-ferri\/\" class=\"\" rel=\"bookmark\">Continue a ler &raquo;<span class=\"screen-reader-text\">Ferri Doen\u00e7as Infecciosas &#8211; Recomenda\u00e7\u00f5es Atualizadas de Diagn\u00f3stico e Tratamento  2019 por Fred F. FERRI<\/span><\/a><\/p>\n","protected":false},"featured_media":7016,"template":"","meta":{"neve_meta_sidebar":"","neve_meta_container":"","neve_meta_enable_content_width":"off","neve_meta_content_width":100,"neve_meta_title_alignment":"","neve_meta_author_avatar":"","neve_post_elements_order":"","neve_meta_disable_header":"","neve_meta_disable_footer":"","neve_meta_disable_title":"","_joinchat":[]},"product_brand":[],"product_cat":[58,57],"product_tag":[311],"class_list":{"0":"post-7015","1":"product","2":"type-product","3":"status-publish","4":"has-post-thumbnail","6":"product_cat-clinica-medica","7":"product_cat-doenca-infecciosas","8":"product_tag-311","10":"first","11":"instock","12":"sold-individually","13":"shipping-taxable","14":"purchasable","15":"product-type-simple"},"jetpack_sharing_enabled":true,"_links":{"self":[{"href":"https:\/\/livrariadocampus.com.br\/loja\/wp-json\/wp\/v2\/product\/7015","targetHints":{"allow":["GET"]}}],"collection":[{"href":"https:\/\/livrariadocampus.com.br\/loja\/wp-json\/wp\/v2\/product"}],"about":[{"href":"https:\/\/livrariadocampus.com.br\/loja\/wp-json\/wp\/v2\/types\/product"}],"wp:featuredmedia":[{"embeddable":true,"href":"https:\/\/livrariadocampus.com.br\/loja\/wp-json\/wp\/v2\/media\/7016"}],"wp:attachment":[{"href":"https:\/\/livrariadocampus.com.br\/loja\/wp-json\/wp\/v2\/media?parent=7015"}],"wp:term":[{"taxonomy":"product_brand","embeddable":true,"href":"https:\/\/livrariadocampus.com.br\/loja\/wp-json\/wp\/v2\/product_brand?post=7015"},{"taxonomy":"product_cat","embeddable":true,"href":"https:\/\/livrariadocampus.com.br\/loja\/wp-json\/wp\/v2\/product_cat?post=7015"},{"taxonomy":"product_tag","embeddable":true,"href":"https:\/\/livrariadocampus.com.br\/loja\/wp-json\/wp\/v2\/product_tag?post=7015"}],"curies":[{"name":"wp","href":"https:\/\/api.w.org\/{rel}","templated":true}]}}