{"id":7006,"date":"2023-06-20T11:10:05","date_gmt":"2023-06-20T14:10:05","guid":{"rendered":"https:\/\/livrariadocampus.com.br\/loja\/?post_type=product&#038;p=7006"},"modified":"2025-01-02T11:52:52","modified_gmt":"2025-01-02T14:52:52","slug":"cirurgia-de-pequenos-animais-capa-comum-2021-edicao-portugues-por-theresa-welch-et-al-fossum","status":"publish","type":"product","link":"https:\/\/livrariadocampus.com.br\/loja\/produto\/cirurgia-de-pequenos-animais-capa-comum-2021-edicao-portugues-por-theresa-welch-et-al-fossum\/","title":{"rendered":"Cirurgia de Pequenos Animais   2021 Edi\u00e7\u00e3o Portugu\u00eas  por Theresa Welch et al. FOSSUM LAN\u00c7AMENTO"},"content":{"rendered":"<p>Aprenda com o melhor conte\u00fado sobre cirurgia de pequenos animais. De procedimentos b\u00e1sicos, como esteriliza\u00e7\u00f5es, castra\u00e7\u00f5es e onicectomias, at\u00e9 cirurgias complexas, como craniotomia, fendas ventrais e lobectomia pulmonar, Cirurgia de Pequenos Animais, 5a edi\u00e7\u00e3o, de Theresa Welch Fossum, abrange tudo o que o estudante e o veterin\u00e1rio precisam saber sobre cirurgias de tecidos moles e ortop\u00e9dicas. Principais caracter\u00edsticas:Instru\u00e7\u00f5es passo a passo de t\u00e9cnicas cir\u00fargicas bem-ilustradasT\u00e9cnicas de exames de imagem atualizadasProtocolos de anestesiaQuadros de dicas cl\u00ednicasNOVO! Se\u00e7\u00f5es expandidas sobre toracoscopia, artroscopia e laparoscopiaNOVO! T\u00e9cnicas e procedimentos adicionais envolvendo doen\u00e7as das articula\u00e7\u00f5esNOVO! Cap\u00edtulo revisado sobre medicina regenerativaNOVO! Maior destaque para diagn\u00f3stico diferencialNOVO! Cap\u00edtulo expandido sobre exame neurol\u00f3gico<\/p>\n","protected":false},"excerpt":{"rendered":"<p>Aprenda com o melhor conte\u00fado sobre cirurgia de pequenos animais. De procedimentos b\u00e1sicos, como esteriliza\u00e7\u00f5es, castra\u00e7\u00f5es e onicectomias, at\u00e9 cirurgias complexas, como craniotomia, fendas ventrais e lobectomia pulmonar, Cirurgia de Pequenos Animais, 5a edi\u00e7\u00e3o, de Theresa Welch Fossum, abrange tudo o que o estudante e o veterin\u00e1rio precisam saber sobre cirurgias de tecidos moles e&hellip;&nbsp;<a href=\"https:\/\/livrariadocampus.com.br\/loja\/produto\/cirurgia-de-pequenos-animais-capa-comum-2021-edicao-portugues-por-theresa-welch-et-al-fossum\/\" class=\"\" rel=\"bookmark\">Continue a ler &raquo;<span class=\"screen-reader-text\">Cirurgia de Pequenos Animais   2021 Edi\u00e7\u00e3o Portugu\u00eas  por Theresa Welch et al. FOSSUM LAN\u00c7AMENTO<\/span><\/a><\/p>\n","protected":false},"featured_media":7007,"template":"","meta":{"neve_meta_sidebar":"","neve_meta_container":"","neve_meta_enable_content_width":"off","neve_meta_content_width":100,"neve_meta_title_alignment":"","neve_meta_author_avatar":"","neve_post_elements_order":"","neve_meta_disable_header":"","neve_meta_disable_footer":"","neve_meta_disable_title":"","_joinchat":[]},"product_brand":[],"product_cat":[253],"product_tag":[307],"class_list":{"0":"post-7006","1":"product","2":"type-product","3":"status-publish","4":"has-post-thumbnail","6":"product_cat-veterinaria-e-zootecnia","7":"product_tag-978-8595150119","9":"first","10":"instock","11":"sold-individually","12":"shipping-taxable","13":"purchasable","14":"product-type-simple"},"jetpack_sharing_enabled":true,"_links":{"self":[{"href":"https:\/\/livrariadocampus.com.br\/loja\/wp-json\/wp\/v2\/product\/7006","targetHints":{"allow":["GET"]}}],"collection":[{"href":"https:\/\/livrariadocampus.com.br\/loja\/wp-json\/wp\/v2\/product"}],"about":[{"href":"https:\/\/livrariadocampus.com.br\/loja\/wp-json\/wp\/v2\/types\/product"}],"wp:featuredmedia":[{"embeddable":true,"href":"https:\/\/livrariadocampus.com.br\/loja\/wp-json\/wp\/v2\/media\/7007"}],"wp:attachment":[{"href":"https:\/\/livrariadocampus.com.br\/loja\/wp-json\/wp\/v2\/media?parent=7006"}],"wp:term":[{"taxonomy":"product_brand","embeddable":true,"href":"https:\/\/livrariadocampus.com.br\/loja\/wp-json\/wp\/v2\/product_brand?post=7006"},{"taxonomy":"product_cat","embeddable":true,"href":"https:\/\/livrariadocampus.com.br\/loja\/wp-json\/wp\/v2\/product_cat?post=7006"},{"taxonomy":"product_tag","embeddable":true,"href":"https:\/\/livrariadocampus.com.br\/loja\/wp-json\/wp\/v2\/product_tag?post=7006"}],"curies":[{"name":"wp","href":"https:\/\/api.w.org\/{rel}","templated":true}]}}