{"id":6997,"date":"2023-06-19T16:37:37","date_gmt":"2023-06-19T19:37:37","guid":{"rendered":"https:\/\/livrariadocampus.com.br\/loja\/?post_type=product&#038;p=6997"},"modified":"2023-06-19T16:37:37","modified_gmt":"2023-06-19T19:37:37","slug":"direito-ambiental-capa-comum-2010","status":"publish","type":"product","link":"https:\/\/livrariadocampus.com.br\/loja\/produto\/direito-ambiental-capa-comum-2010\/","title":{"rendered":"Direito Ambiental Capa comum \u2013 2010"},"content":{"rendered":"<p>Princ\u00edpios do Direito Ambiental, tutela constitucional, pol\u00edtica nacional do meio ambiente, licenciamento ambiental, responsabilidade ambiental, prote\u00e7\u00e3o da flora, da fauna e da \u00e1gua, minera\u00e7\u00e3o, prote\u00e7\u00e3o do meio ambiente em ju\u00edzo, tutela internacional, principais quest\u00f5es ambientais da atualidade.<\/p>\n","protected":false},"excerpt":{"rendered":"<p>Princ\u00edpios do Direito Ambiental, tutela constitucional, pol\u00edtica nacional do meio ambiente, licenciamento ambiental, responsabilidade ambiental, prote\u00e7\u00e3o da flora, da fauna e da \u00e1gua, minera\u00e7\u00e3o, prote\u00e7\u00e3o do meio ambiente em ju\u00edzo, tutela internacional, principais quest\u00f5es ambientais da atualidade.<\/p>\n","protected":false},"featured_media":6998,"template":"","meta":{"neve_meta_sidebar":"","neve_meta_container":"","neve_meta_enable_content_width":"off","neve_meta_content_width":100,"neve_meta_title_alignment":"","neve_meta_author_avatar":"","neve_post_elements_order":"","neve_meta_disable_header":"","neve_meta_disable_footer":"","neve_meta_disable_title":"","_joinchat":[]},"product_brand":[],"product_cat":[249],"product_tag":[305],"class_list":{"0":"post-6997","1":"product","2":"type-product","3":"status-publish","4":"has-post-thumbnail","6":"product_cat-literatura-geral","7":"product_tag-305","9":"first","10":"instock","11":"sale","12":"sold-individually","13":"shipping-taxable","14":"purchasable","15":"product-type-simple"},"jetpack_sharing_enabled":true,"_links":{"self":[{"href":"https:\/\/livrariadocampus.com.br\/loja\/wp-json\/wp\/v2\/product\/6997","targetHints":{"allow":["GET"]}}],"collection":[{"href":"https:\/\/livrariadocampus.com.br\/loja\/wp-json\/wp\/v2\/product"}],"about":[{"href":"https:\/\/livrariadocampus.com.br\/loja\/wp-json\/wp\/v2\/types\/product"}],"wp:featuredmedia":[{"embeddable":true,"href":"https:\/\/livrariadocampus.com.br\/loja\/wp-json\/wp\/v2\/media\/6998"}],"wp:attachment":[{"href":"https:\/\/livrariadocampus.com.br\/loja\/wp-json\/wp\/v2\/media?parent=6997"}],"wp:term":[{"taxonomy":"product_brand","embeddable":true,"href":"https:\/\/livrariadocampus.com.br\/loja\/wp-json\/wp\/v2\/product_brand?post=6997"},{"taxonomy":"product_cat","embeddable":true,"href":"https:\/\/livrariadocampus.com.br\/loja\/wp-json\/wp\/v2\/product_cat?post=6997"},{"taxonomy":"product_tag","embeddable":true,"href":"https:\/\/livrariadocampus.com.br\/loja\/wp-json\/wp\/v2\/product_tag?post=6997"}],"curies":[{"name":"wp","href":"https:\/\/api.w.org\/{rel}","templated":true}]}}