{"id":6995,"date":"2023-06-19T16:34:49","date_gmt":"2023-06-19T19:34:49","guid":{"rendered":"https:\/\/livrariadocampus.com.br\/loja\/?post_type=product&#038;p=6995"},"modified":"2023-07-24T14:56:44","modified_gmt":"2023-07-24T17:56:44","slug":"o-diario-de-dorkius-maximus-capa-dura-2014-edicao-portugues-por-tim-collins-autor","status":"publish","type":"product","link":"https:\/\/livrariadocampus.com.br\/loja\/produto\/o-diario-de-dorkius-maximus-capa-dura-2014-edicao-portugues-por-tim-collins-autor\/","title":{"rendered":"O di\u00e1rio de Dorkius Maximus Capa dura \u20132014 Edi\u00e7\u00e3o Portugu\u00eas  por Tim Collins (Autor)"},"content":{"rendered":"<p>Sou Dorkius Maximus, e um dia serei o her\u00f3i da hist\u00f3ria de Roma. Estou escrevendo esse di\u00e1rio para ser publicado quando eu for rico e famoso. Por enquanto as coisas n\u00e3o v\u00e3o t\u00e3o bem&#8230; Meus amigos pegam no meu p\u00e9, papai nunca me ouve e mam\u00e3e s\u00f3 est\u00e1 interessada nas galinhas sagradas. Tudo o que quero na vida \u00e9 ser um gladiador. Um dia (quem sabe?) n\u00e3o sou chamado para salvar Roma? Eu s\u00f3 tenho uma certeza: dentro de mim h\u00e1 um bravo guerreiro, louco para se revelar. S\u00f3 espero que n\u00e3o demore muito&#8230;<br \/>\n   Relatar informa\u00e7\u00f5es incorretas sobre o produto.<\/p>\n","protected":false},"excerpt":{"rendered":"<p>Sou Dorkius Maximus, e um dia serei o her\u00f3i da hist\u00f3ria de Roma. Estou escrevendo esse di\u00e1rio para ser publicado quando eu for rico e famoso. Por enquanto as coisas n\u00e3o v\u00e3o t\u00e3o bem&#8230; Meus amigos pegam no meu p\u00e9, papai nunca me ouve e mam\u00e3e s\u00f3 est\u00e1 interessada nas galinhas sagradas. Tudo o que&hellip;&nbsp;<a href=\"https:\/\/livrariadocampus.com.br\/loja\/produto\/o-diario-de-dorkius-maximus-capa-dura-2014-edicao-portugues-por-tim-collins-autor\/\" class=\"\" rel=\"bookmark\">Continue a ler &raquo;<span class=\"screen-reader-text\">O di\u00e1rio de Dorkius Maximus Capa dura \u20132014 Edi\u00e7\u00e3o Portugu\u00eas  por Tim Collins (Autor)<\/span><\/a><\/p>\n","protected":false},"featured_media":6996,"template":"","meta":{"neve_meta_sidebar":"","neve_meta_container":"","neve_meta_enable_content_width":"off","neve_meta_content_width":100,"neve_meta_title_alignment":"","neve_meta_author_avatar":"","neve_post_elements_order":"","neve_meta_disable_header":"","neve_meta_disable_footer":"","neve_meta_disable_title":"","_joinchat":[]},"product_brand":[],"product_cat":[249],"product_tag":[304],"class_list":{"0":"post-6995","1":"product","2":"type-product","3":"status-publish","4":"has-post-thumbnail","6":"product_cat-literatura-geral","7":"product_tag-304","9":"first","10":"outofstock","11":"sale","12":"sold-individually","13":"shipping-taxable","14":"purchasable","15":"product-type-simple"},"jetpack_sharing_enabled":true,"_links":{"self":[{"href":"https:\/\/livrariadocampus.com.br\/loja\/wp-json\/wp\/v2\/product\/6995","targetHints":{"allow":["GET"]}}],"collection":[{"href":"https:\/\/livrariadocampus.com.br\/loja\/wp-json\/wp\/v2\/product"}],"about":[{"href":"https:\/\/livrariadocampus.com.br\/loja\/wp-json\/wp\/v2\/types\/product"}],"wp:featuredmedia":[{"embeddable":true,"href":"https:\/\/livrariadocampus.com.br\/loja\/wp-json\/wp\/v2\/media\/6996"}],"wp:attachment":[{"href":"https:\/\/livrariadocampus.com.br\/loja\/wp-json\/wp\/v2\/media?parent=6995"}],"wp:term":[{"taxonomy":"product_brand","embeddable":true,"href":"https:\/\/livrariadocampus.com.br\/loja\/wp-json\/wp\/v2\/product_brand?post=6995"},{"taxonomy":"product_cat","embeddable":true,"href":"https:\/\/livrariadocampus.com.br\/loja\/wp-json\/wp\/v2\/product_cat?post=6995"},{"taxonomy":"product_tag","embeddable":true,"href":"https:\/\/livrariadocampus.com.br\/loja\/wp-json\/wp\/v2\/product_tag?post=6995"}],"curies":[{"name":"wp","href":"https:\/\/api.w.org\/{rel}","templated":true}]}}